{"id":12503,"date":"2022-06-10T16:43:27","date_gmt":"2022-06-10T14:43:27","guid":{"rendered":"https:\/\/nakedearth.al\/?page_id=12503"},"modified":"2022-12-22T10:21:41","modified_gmt":"2022-12-22T09:21:41","slug":"rreth-nesh-2","status":"publish","type":"page","link":"https:\/\/nakedearth.al\/en\/rreth-nesh-2\/","title":{"rendered":""},"content":{"rendered":"<p style=\"text-align: center;\">NakedEarth \u00ebsht\u00eb nj\u00eb ide e krijuar me kujdes p\u00ebr t\u00eb p\u00ebrcjell\u00eb natyr\u00ebn n\u00eb pragun tuaj. Nj\u00eb eksperienc\u00eb e cila p\u00ebrcjell m\u00eb t\u00eb mir\u00ebn e t\u00eb dy universeve.<br \/>\nK\u00ebtu n\u00eb NakedEarth ne vler\u00ebsojm\u00ebklient\u00ebt dhe mjedisin. Ne japim sh\u00ebrbime t\u00eb jasht\u00ebzakonshme p\u00ebr klient\u00ebt tan\u00eb<br \/>\nsi dhe produkte eko-miq\u00ebsore, t\u00eb q\u00ebndrueshme q\u00eb ju mund\u00ebsojn\u00eb t\u00ebb\u00ebni pjes\u00ebn tuaj n\u00eb ruajtjen e mjedisit.<\/p>\n<p style=\"text-align: center;\"><img loading=\"lazy\" decoding=\"async\" class=\"\" src=\"https:\/\/nakedearth.al\/wp-content\/uploads\/2021\/02\/box.gif\" width=\"514\" height=\"425\" \/><\/p>\n<h3 style=\"text-align: center;\">Partner\u00ebt tan\u00eb<\/h3>\n<p style=\"text-align: center;\">Ne kemi mb\u00ebshtetje t\u00eb plot\u00eb t\u00eb partner\u00ebve tan\u00eb p\u00ebr t\u00eb p\u00ebrfaq\u00ebsuar n\u00eb m\u00ebnyr\u00eb dinjitoze produktet e tyre.<br \/>\nSidoqoft\u00eb, shumica e asaj q\u00eb b\u00ebjm\u00eb nuk ka t\u00eb b\u00ebj\u00eb aspak me ne, ka t\u00eb b\u00ebj\u00eb me d\u00ebshir\u00ebn p\u00ebr t\u00eb<br \/>\nsjell\u00eb pran\u00eb jush produktet m\u00eb inovative n\u00eb treg. Jemi t\u00eb lumtur t\u00eb<br \/>\nbashk\u00ebpunojm\u00eb me marka nd\u00ebrkomb\u00ebtare.<\/p>\n<p>&nbsp;<\/p>\n<p>&nbsp;<\/p>\n<h4 style=\"text-align: center;\">Vlersojm\u00eb mendimin tuaj<\/h4>\n<h4 style=\"text-align: center;\">#nakedearth produktet tona &#8211; fotot tuaja.<\/h4>\n<p style=\"text-align: center;\"><a href=\"https:\/\/nakedearth.al\/wp-content\/uploads\/2022\/06\/facebook-logo-design-1.png\" target=\"_blank\" rel=\"https:\/\/www.facebook.com\/nakedearth.al\/ noopener\"><img loading=\"lazy\" decoding=\"async\" class=\"alignnone wp-image-12507\" src=\"https:\/\/nakedearth.al\/wp-content\/uploads\/2022\/06\/facebook-logo-design-1-360x360.png\" alt=\"\" width=\"34\" height=\"34\" srcset=\"https:\/\/nakedearth.al\/wp-content\/uploads\/2022\/06\/facebook-logo-design-1-360x360.png 360w, https:\/\/nakedearth.al\/wp-content\/uploads\/2022\/06\/facebook-logo-design-1-590x590.png 590w, https:\/\/nakedearth.al\/wp-content\/uploads\/2022\/06\/facebook-logo-design-1-70x70.png 70w, https:\/\/nakedearth.al\/wp-content\/uploads\/2022\/06\/facebook-logo-design-1-12x12.png 12w, https:\/\/nakedearth.al\/wp-content\/uploads\/2022\/06\/facebook-logo-design-1-142x142.png 142w, https:\/\/nakedearth.al\/wp-content\/uploads\/2022\/06\/facebook-logo-design-1-250x250.png 250w, https:\/\/nakedearth.al\/wp-content\/uploads\/2022\/06\/facebook-logo-design-1-53x53.png 53w, https:\/\/nakedearth.al\/wp-content\/uploads\/2022\/06\/facebook-logo-design-1-420x420.png 420w, https:\/\/nakedearth.al\/wp-content\/uploads\/2022\/06\/facebook-logo-design-1-140x140.png 140w, https:\/\/nakedearth.al\/wp-content\/uploads\/2022\/06\/facebook-logo-design-1-210x210.png 210w, https:\/\/nakedearth.al\/wp-content\/uploads\/2022\/06\/facebook-logo-design-1.png 960w\" sizes=\"auto, (max-width: 34px) 100vw, 34px\" \/><\/a>\u00a0 \u00a0 \u00a0 <a href=\"https:\/\/nakedearth.al\/wp-content\/uploads\/2022\/06\/Instagram_logo_2022.svg.webp\" target=\"_blank\" rel=\"https:\/\/www.instagram.com\/nakedearth.al\/ noopener\"><img loading=\"lazy\" decoding=\"async\" class=\"alignnone wp-image-12506\" src=\"https:\/\/nakedearth.al\/wp-content\/uploads\/2022\/06\/Instagram_logo_2022.svg-360x360.webp\" alt=\"\" width=\"34\" height=\"34\" srcset=\"https:\/\/nakedearth.al\/wp-content\/uploads\/2022\/06\/Instagram_logo_2022.svg-360x360.webp 360w, https:\/\/nakedearth.al\/wp-content\/uploads\/2022\/06\/Instagram_logo_2022.svg-590x590.webp 590w, https:\/\/nakedearth.al\/wp-content\/uploads\/2022\/06\/Instagram_logo_2022.svg-70x70.webp 70w, https:\/\/nakedearth.al\/wp-content\/uploads\/2022\/06\/Instagram_logo_2022.svg-12x12.webp 12w, https:\/\/nakedearth.al\/wp-content\/uploads\/2022\/06\/Instagram_logo_2022.svg-142x142.webp 142w, https:\/\/nakedearth.al\/wp-content\/uploads\/2022\/06\/Instagram_logo_2022.svg-250x250.webp 250w, https:\/\/nakedearth.al\/wp-content\/uploads\/2022\/06\/Instagram_logo_2022.svg-53x53.webp 53w, https:\/\/nakedearth.al\/wp-content\/uploads\/2022\/06\/Instagram_logo_2022.svg-420x420.webp 420w, https:\/\/nakedearth.al\/wp-content\/uploads\/2022\/06\/Instagram_logo_2022.svg-140x140.webp 140w, https:\/\/nakedearth.al\/wp-content\/uploads\/2022\/06\/Instagram_logo_2022.svg-210x210.webp 210w, https:\/\/nakedearth.al\/wp-content\/uploads\/2022\/06\/Instagram_logo_2022.svg.webp 800w\" sizes=\"auto, (max-width: 34px) 100vw, 34px\" \/><\/a><\/p>\n<p style=\"text-align: center;\">","protected":false},"excerpt":{"rendered":"<p>NakedEarth \u00ebsht\u00eb nj\u00eb ide e krijuar me kujdes p\u00ebr t\u00eb p\u00ebrcjell\u00eb natyr\u00ebn n\u00eb pragun tuaj. Nj\u00eb eksperienc\u00eb e cila p\u00ebrcjell m\u00eb t\u00eb mir\u00ebn e t\u00eb dy universeve. K\u00ebtu n\u00eb NakedEarth ne vler\u00ebsojm\u00ebklient\u00ebt dhe mjedisin. Ne japim sh\u00ebrbime t\u00eb jasht\u00ebzakonshme p\u00ebr klient\u00ebt tan\u00eb si dhe produkte eko-miq\u00ebsore, t\u00eb q\u00ebndrueshme q\u00eb ju mund\u00ebsojn\u00eb t\u00ebb\u00ebni pjes\u00ebn tuaj n\u00eb ruajtjen e mjedisit. Partner\u00ebt tan\u00eb Ne kemi mb\u00ebshtetje t\u00eb plot\u00eb t\u00eb partner\u00ebve tan\u00eb p\u00ebr t\u00eb p\u00ebrfaq\u00ebsuar n\u00eb m\u00ebnyr\u00eb dinjitoze produktet e tyre. Sidoqoft\u00eb, shumica e asaj q\u00eb b\u00ebjm\u00eb nuk&hellip;<\/p>","protected":false},"author":1,"featured_media":0,"parent":0,"menu_order":0,"comment_status":"closed","ping_status":"closed","template":"page-templates\/no-sidebar.php","meta":{"footnotes":""},"class_list":["post-12503","page","type-page","status-publish","hentry"],"jetpack_sharing_enabled":true,"_links":{"self":[{"href":"https:\/\/nakedearth.al\/en\/wp-json\/wp\/v2\/pages\/12503","targetHints":{"allow":["GET"]}}],"collection":[{"href":"https:\/\/nakedearth.al\/en\/wp-json\/wp\/v2\/pages"}],"about":[{"href":"https:\/\/nakedearth.al\/en\/wp-json\/wp\/v2\/types\/page"}],"author":[{"embeddable":true,"href":"https:\/\/nakedearth.al\/en\/wp-json\/wp\/v2\/users\/1"}],"replies":[{"embeddable":true,"href":"https:\/\/nakedearth.al\/en\/wp-json\/wp\/v2\/comments?post=12503"}],"version-history":[{"count":13,"href":"https:\/\/nakedearth.al\/en\/wp-json\/wp\/v2\/pages\/12503\/revisions"}],"predecessor-version":[{"id":15233,"href":"https:\/\/nakedearth.al\/en\/wp-json\/wp\/v2\/pages\/12503\/revisions\/15233"}],"wp:attachment":[{"href":"https:\/\/nakedearth.al\/en\/wp-json\/wp\/v2\/media?parent=12503"}],"curies":[{"name":"wp","href":"https:\/\/api.w.org\/{rel}","templated":true}]}}