{"id":4583,"date":"2020-12-30T23:18:41","date_gmt":"2020-12-30T23:18:41","guid":{"rendered":"https:\/\/nakedearth.al\/?page_id=4583"},"modified":"2021-06-18T13:16:21","modified_gmt":"2021-06-18T11:16:21","slug":"info-per-klientet","status":"publish","type":"page","link":"https:\/\/nakedearth.al\/en\/info-per-klientet\/","title":{"rendered":"Info p\u00ebr Klient\u00ebt"},"content":{"rendered":"<h4 class=\"wp-block-heading\"><strong>Transporti<\/strong><\/h4>\n\n\n\n<p><p>Koha e shp\u00ebrndarjes t\u00eb porosive n\u00eb:<\/p>\n<ul>\n<li>Tiran\u00eb&nbsp; 24-48 or\u00eb<\/li>\n<li>Rrethe 48-72 or\u00eb<\/li>\n<li>Kosov\u00eb\/Maqedoni 5-7 dit\u00eb<\/li>\n<\/ul><\/p>\n\n\n\n<p><\/p>\n\n\n\n<p><\/p>\n\n\n\n<p><\/p>\n\n\n\n<p>Kuponi promocional mund t\u00eb aplikohet vet\u00ebm nj\u00eb her\u00eb br\u00ebnda afatit t\u00eb caktuar.<\/p>\n\n\n\n<p>Kuponi mund t\u00eb jet\u00eb dixhital ose fizik.<\/p>\n\n\n\n<p>&nbsp;<\/p>\n\n\n\n<h4 class=\"wp-block-heading\"><strong>Pagesa<\/strong><\/h4>\n\n\n\n<p><p>M\u00ebnyrat e pages\u00ebs q\u00eb ne ofrojm\u00eb jan\u00eb si m\u00eb posht\u00eb.<\/p> <ul> <li>Pagesa CASH &#8211; ju paguani vler\u00ebn totale t\u00eb porosis\u00eb n\u00eb moment q\u00eb merrni pakon nga postieri.<\/li> <li>Me transferte bankare &#8211; ju b\u00ebni nj\u00eb transfert\u00eb n\u00eb Bank t\u00eb regjistruar n\u00eb em\u00ebr t\u00eb Naked Earth. Porosia niset mbas konfirmimit t\u00eb transfert\u00ebs.<\/li> <\/ul><\/p>\n\n\n\n\n\n<p>&nbsp;<\/p>\n\n\n\n<h4 class=\"wp-block-heading\"><strong>Kthimi I Produkteve<\/strong><\/h4>\n\n\n\n<p>NakedEarth ju mund\u00ebson kthimin e produkteve brenda 4 dit\u00ebve.<\/p>\n\n\n\n<p>Ju mund t\u00eb vini n\u00eb zyr\u00ebn ton\u00eb p\u00ebr t\u00eb b\u00ebr\u00eb kthimin \u00e7do dit\u00eb nga ora 10:00 deri 17:00.<\/p>\n\n\n\n<p>Produkti duhet t\u00eb mos jet\u00eb i d\u00ebmtuar ose i p\u00ebrdorur dhe me etiketat p\u00ebrkat\u00ebse, n\u00eb m\u00ebnyr\u00eb q\u00eb t\u00eb pranohet p\u00ebr kthim.<\/p>\n\n\n\n<p>Kushtet e kthimit:<\/p>\n\n\n\n<ul class=\"wp-block-list\"><li>Kthimet duhet t\u00eb b\u00ebhen br\u00ebnda 4 dit\u00ebve nga dor\u00ebzimi i pakos.<\/li><li>N\u00ebse d\u00ebshironi t\u00eb ktheni nj\u00eb produkt, duhet patjet\u00ebr t\u00eb na njoftoni paraprakisht n\u00eb numrin ton\u00eb t\u00eb telefonit:<\/li><li>Produktet t\u00eb cilat kthehen duhet t\u00eb jet\u00eb me paketimin origjinal, pa shenja g\u00ebrvishtjeje dhe me t\u00eb gjitha aksesor\u00ebt e produktit dhe t\u00eb paketimit. Gjithashtu duhet t\u00eb na thoni e kthimit.<\/li><li>Produkti nuk duhet t\u00eb jet\u00eb i d\u00ebmtuar, n\u00ebse vjen i till\u00eb duhet t\u00eb na lajm\u00ebroni menj\u00ebher\u00eb.<\/li><li>N\u00ebse jeni jasht Tiran\u00ebs, Kosova ose Maqedonia, ju mund ta ktheni pakon tuaj n\u00ebp\u00ebrmjet post\u00ebs q\u00eb ju ka sjell\u00eb produktin.<\/li><li>Ju do t\u00eb rimbursoheni p\u00ebr vler\u00ebn e produktit dhe jo koston e transportit.<\/li><li>Uljet dhe kuponat e p\u00ebrdorur nuk kthehen mbrapsht.<\/li><li>Koston p\u00ebr post\u00ebn e kthimit deri tek zyra jon\u00eb paguhet nga ana juaj.<\/li><li>Kthimi i vler\u00ebs monetare rimbursohet n\u00eb momentin e pranimit dhe kontrollit t\u00eb produktit nga ana jon\u00eb.<\/li><\/ul>","protected":false},"excerpt":{"rendered":"<p>Transporti Koha e shp\u00ebrndarjes t\u00eb porosive n\u00eb: Tiran\u00eb&nbsp; 24-48 or\u00eb Rrethe 48-72 or\u00eb Kosov\u00eb\/Maqedoni 5-7 dit\u00eb Kuponi promocional mund t\u00eb aplikohet vet\u00ebm nj\u00eb her\u00eb br\u00ebnda afatit t\u00eb caktuar. Kuponi mund t\u00eb jet\u00eb dixhital ose fizik. &nbsp; Pagesa M\u00ebnyrat e pages\u00ebs q\u00eb ne ofrojm\u00eb jan\u00eb si m\u00eb posht\u00eb. Pagesa CASH &#8211; ju paguani vler\u00ebn totale t\u00eb porosis\u00eb n\u00eb moment q\u00eb merrni pakon nga postieri. Me transferte bankare &#8211; ju b\u00ebni nj\u00eb transfert\u00eb n\u00eb Bank t\u00eb regjistruar n\u00eb em\u00ebr t\u00eb Naked Earth. Porosia niset mbas konfirmimit&hellip;<\/p>","protected":false},"author":1,"featured_media":0,"parent":0,"menu_order":0,"comment_status":"closed","ping_status":"closed","template":"","meta":{"footnotes":""},"class_list":["post-4583","page","type-page","status-publish","hentry"],"jetpack_sharing_enabled":true,"_links":{"self":[{"href":"https:\/\/nakedearth.al\/en\/wp-json\/wp\/v2\/pages\/4583","targetHints":{"allow":["GET"]}}],"collection":[{"href":"https:\/\/nakedearth.al\/en\/wp-json\/wp\/v2\/pages"}],"about":[{"href":"https:\/\/nakedearth.al\/en\/wp-json\/wp\/v2\/types\/page"}],"author":[{"embeddable":true,"href":"https:\/\/nakedearth.al\/en\/wp-json\/wp\/v2\/users\/1"}],"replies":[{"embeddable":true,"href":"https:\/\/nakedearth.al\/en\/wp-json\/wp\/v2\/comments?post=4583"}],"version-history":[{"count":1,"href":"https:\/\/nakedearth.al\/en\/wp-json\/wp\/v2\/pages\/4583\/revisions"}],"predecessor-version":[{"id":9204,"href":"https:\/\/nakedearth.al\/en\/wp-json\/wp\/v2\/pages\/4583\/revisions\/9204"}],"wp:attachment":[{"href":"https:\/\/nakedearth.al\/en\/wp-json\/wp\/v2\/media?parent=4583"}],"curies":[{"name":"wp","href":"https:\/\/api.w.org\/{rel}","templated":true}]}}