{"id":4585,"date":"2020-12-30T23:21:24","date_gmt":"2020-12-30T23:21:24","guid":{"rendered":"https:\/\/nakedearth.al\/?page_id=4585"},"modified":"2021-06-18T13:36:53","modified_gmt":"2021-06-18T11:36:53","slug":"termat-kushtet","status":"publish","type":"page","link":"https:\/\/nakedearth.al\/en\/termat-kushtet\/","title":{"rendered":"Termat &#038; Kushtet"},"content":{"rendered":"<p>&nbsp;<\/p>\n\n\n\n<p>Ju lutemi lexoni t\u00eb gjitha k\u00ebto terma dhe kushte.<\/p>\n\n\n\n<p>Nd\u00ebrsa ne mund ta pranojm\u00eb urdhrin tuaj dhe t\u00eb b\u00ebjm\u00eb nj\u00eb marr\u00ebveshje t\u00eb zbatueshme ligj\u00ebrisht pa iu referuar m\u00eb tej juve, ju duhet t\u00eb lexoni k\u00ebto terma dhe kushte p\u00ebr t&#8217;u siguruar q\u00eb ato p\u00ebrmbajn\u00eb gjith\u00e7ka q\u00eb d\u00ebshironi dhe asgj\u00eb me t\u00eb cil\u00ebn nuk jeni t\u00eb k\u00ebnaqur. N\u00ebse nuk jeni t\u00eb sigurt p\u00ebr di\u00e7ka, thjesht na telefononi n\u00eb 00355694688644.<\/p>\n\n\n\n<p><p>Aplikacion<\/p> <p>1. K\u00ebto kushte dhe kushte do t\u00eb zbatohen p\u00ebr blerjen e mallrave nga ju (klienti ose ju). Ne jemi nakedearth, nj\u00eb kompani e regjistruar n\u00eb numrin M11711026P zyra e regjistruar e s\u00eb cil\u00ebs \u00ebsht\u00eb n\u00eb tiran\u00eb, rruga &#8220;Komuna e Parisit&#8221;, zona kadastrale nr. 8260, me adres\u00eb e-mail a_k100@live.co.uk; numri i telefonit 00355694688644; (furnizuesi ose ne).<\/p><\/p>\n\n\n\n<p>2. K\u00ebto jan\u00eb kushtet me t\u00eb cilat ju shesim t\u00eb gjitha mallrat. Duke porositur ndonj\u00eb nga mallrat, ju pranoni t\u00eb jeni t\u00eb detyruar nga k\u00ebto kushte dhe kushte. Duke porositur ndonj\u00eb nga sh\u00ebrbimet, ju pranoni t\u00eb jeni t\u00eb detyruar nga k\u00ebto kushte dhe kushte. Ju mund t\u00eb blini mallrat nga faqja vet\u00ebm n\u00ebse keni t\u00eb drejt\u00eb t\u00eb lidhni nj\u00eb kontrat\u00eb dhe jeni t\u00eb pakt\u00ebn 18 vje\u00e7.<\/p>\n\n\n\n<p>Interpretimi<\/p>\n\n\n\n<p>3. Konsumator n\u00ebnkupton nj\u00eb individ q\u00eb vepron p\u00ebr q\u00ebllime q\u00eb jan\u00eb t\u00ebr\u00ebsisht ose kryesisht jasht\u00eb tregtis\u00eb, biznesit, zanatit ose profesionit t\u00eb tij \/ saj;<\/p>\n\n\n\n<p>4. Kontrat\u00eb n\u00ebnkupton marr\u00ebveshjen ligj\u00ebrisht t\u00eb detyrueshme midis jush dhe nesh p\u00ebr furnizimin e mallrave;<\/p>\n\n\n\n<p>5. Vendndodhja e dor\u00ebzimit do t\u00eb thot\u00eb lokalet e furnitorit ose vendndodhja tjet\u00ebr ku do t\u00eb furnizohen mallrat, si\u00e7 p\u00ebrcaktohet n\u00eb urdh\u00ebr;<\/p>\n\n\n\n<p>6. Mesatar i q\u00ebndruesh\u00ebm do t\u00eb thot\u00eb let\u00ebr ose email, ose \u00e7do medium tjet\u00ebr q\u00eb lejon q\u00eb informacioni t&#8217;i drejtohet personalisht marr\u00ebsit, i mund\u00ebson marr\u00ebsit t\u00eb ruaj\u00eb informacionin n\u00eb nj\u00eb m\u00ebnyr\u00eb t\u00eb arritshme p\u00ebr referenc\u00eb n\u00eb t\u00eb ardhmen p\u00ebr nj\u00eb periudh\u00eb q\u00eb \u00ebsht\u00eb mjaft e gjat\u00eb informacion, dhe lejon riprodhimin e pandryshuar t\u00eb informacionit t\u00eb ruajtur;<\/p>\n\n\n\n<p>7. Mallra n\u00ebnkupton mallrat e reklamuara n\u00eb faqe q\u00eb ne ju ofrojm\u00eb p\u00ebr numrin dhe p\u00ebrshkrimin si\u00e7 p\u00ebrcaktohet n\u00eb urdh\u00ebr;<\/p>\n\n\n\n<p>8. Porosi n\u00ebnkupton porosin\u00eb e konsumatorit p\u00ebr mallrat nga furnizuesi si\u00e7 paraqitet duke ndjekur procesin hap pas hapi t\u00eb p\u00ebrcaktuar n\u00eb uebfaqe;<\/p>\n\n\n\n<p>9. Politika e privat\u00ebsis\u00eb n\u00ebnkupton kushtet t\u00eb cilat p\u00ebrcaktojn\u00eb se si do t\u00eb veprojm\u00eb me informacione konfidenciale dhe personale t\u00eb marra nga ju p\u00ebrmes uebsajtit;<\/p>\n\n\n\n<p>10. Faqja n\u00ebnkupton faqen ton\u00eb t\u00eb internetit www.nakedearth.al n\u00eb t\u00eb cil\u00ebn reklamohen mallrat.<\/p>\n\n\n\n<p>Mallrat<\/p>\n\n\n\n<p>11. P\u00ebrshkrimi i Mallrave \u00ebsht\u00eb si\u00e7 p\u00ebrcaktohet n\u00eb faqe, katalog\u00eb, broshura ose form\u00eb tjet\u00ebr e reklamimit. \u00c7do p\u00ebrshkrim \u00ebsht\u00eb vet\u00ebm p\u00ebr q\u00ebllime ilustruese dhe mund t\u00eb ket\u00eb mosp\u00ebrputhje t\u00eb vogla n\u00eb madh\u00ebsin\u00eb dhe ngjyr\u00ebn e mallrave t\u00eb furnizuar.<\/p>\n\n\n\n<p>12. N\u00eb rastin e ndonj\u00eb Malli t\u00eb b\u00ebr\u00eb sipas k\u00ebrkesave tuaja t\u00eb ve\u00e7anta, \u00ebsht\u00eb p\u00ebrgjegj\u00ebsia juaj t\u00eb siguroheni q\u00eb \u00e7do informacion ose specifikim q\u00eb ju jepni \u00ebsht\u00eb i sakt\u00eb.<\/p>\n\n\n\n<p>13. T\u00eb gjitha mallrat q\u00eb shfaqen n\u00eb faqe i n\u00ebnshtrohen disponueshm\u00ebris\u00eb.<\/p>\n\n\n\n<p>14. Ne mund t\u00eb b\u00ebjm\u00eb ndryshime n\u00eb Mallrat t\u00eb cilat jan\u00eb t\u00eb nevojshme p\u00ebr t\u00eb qen\u00eb n\u00eb p\u00ebrputhje me \u00e7do ligj n\u00eb fuqi ose k\u00ebrkesat e siguris\u00eb. Ne do t&#8217;ju njoftojm\u00eb p\u00ebr k\u00ebto ndryshime.<\/p>\n\n\n\n<p>Informacione personale dhe Regjistrim<\/p>\n\n\n\n<p>15. Kur regjistroheni p\u00ebr t\u00eb p\u00ebrdorur faqen duhet t\u00eb vendosni nj\u00eb em\u00ebr p\u00ebrdoruesi dhe fjal\u00ebkalim. Ju mbeteni p\u00ebrgjegj\u00ebs p\u00ebr t\u00eb gjitha veprimet e nd\u00ebrmarra n\u00ebn emrin e p\u00ebrdoruesit dhe fjal\u00ebkalimin e zgjedhur dhe merrni p\u00ebrsip\u00ebr t\u00eb mos i zbuloni askujt tjet\u00ebr emrin e p\u00ebrdoruesit dhe fjal\u00ebkalimin tuaj dhe t&#8217;i mbani ato sekrete.<\/p>\n\n\n\n<p>16. Ne i ruajm\u00eb dhe i p\u00ebrdorim t\u00eb gjitha informacionet n\u00eb m\u00ebnyr\u00eb rigoroze sipas Politik\u00ebs s\u00eb Privat\u00ebsis\u00eb.<\/p>\n\n\n\n<p>17. Ne mund t&#8217;ju kontaktojm\u00eb duke p\u00ebrdorur e-mail ose metoda t\u00eb tjera elektronike t\u00eb komunikimit dhe me post\u00eb t\u00eb parapaguar dhe ju shprehimisht pajtoheni p\u00ebr k\u00ebt\u00eb.<\/p>\n\n\n\n<p>Baza e Shitjes<\/p>\n\n\n\n<p>18. P\u00ebrshkrimi i Mallrave n\u00eb faqen ton\u00eb t\u00eb internetit nuk p\u00ebrb\u00ebn nj\u00eb ofert\u00eb kontraktuale p\u00ebr t\u00eb shitur Mallrat. Kur nj\u00eb Urdh\u00ebr \u00ebsht\u00eb dor\u00ebzuar n\u00eb faqe, ne mund ta refuzojm\u00eb at\u00eb p\u00ebr ndonj\u00eb arsye, megjith\u00ebse do t\u00eb p\u00ebrpiqemi t&#8217;ju tregojm\u00eb arsyen pa vones\u00eb.<\/p>\n\n\n\n<p>19. Procesi i porosis\u00eb p\u00ebrcaktohet n\u00eb faqe. \u00c7do hap ju lejon t\u00eb kontrolloni dhe ndryshoni \u00e7do gabim para se t\u00eb paraqisni Urdhrin. \u00ebsht\u00eb p\u00ebrgjegj\u00ebsia juaj t\u00eb kontrolloni n\u00ebse keni p\u00ebrdorur n\u00eb m\u00ebnyr\u00eb korrekte procesin e porositjes.<\/p>\n\n\n\n<p>20. Nj\u00eb Kontrat\u00eb do t\u00eb formohet p\u00ebr shitjen e Mallrave t\u00eb porositura vet\u00ebm kur t\u00eb merrni nj\u00eb email nga ne q\u00eb konfirmon Rendin (Konfirmimi i Rendit). Ju duhet t\u00eb siguroheni q\u00eb Konfirmimi i Rendit \u00ebsht\u00eb i plot\u00eb dhe i sakt\u00eb dhe t\u00eb na informoni menj\u00ebher\u00eb p\u00ebr ndonj\u00eb gabim. Ne nuk jemi p\u00ebrgjegj\u00ebs p\u00ebr ndonj\u00eb pasakt\u00ebsi n\u00eb Urdhrin e vendosur nga ju. Duke vendosur nj\u00eb Porosi, ju pranoni q\u00eb t\u00eb ju japim konfirmimin e Kontrat\u00ebs me an\u00eb t\u00eb nj\u00eb emaili me t\u00eb gjitha informacionet n\u00eb t\u00eb (p.sh. Konfirmimi i Porosis\u00eb). Ju do t\u00eb merrni Konfirmimin e Porosis\u00eb brenda nj\u00eb kohe t\u00eb arsyeshme pas b\u00ebrjes s\u00eb Kontrat\u00ebs, por n\u00eb \u00e7do rast jo m\u00eb von\u00eb se dor\u00ebzimi i \u00e7do Malli t\u00eb furnizuar sipas Kontrat\u00ebs.<\/p>\n\n\n\n<p>21. \u00c7do vler\u00ebsim \u00ebsht\u00eb i vlefsh\u00ebm p\u00ebr nj\u00eb periudh\u00eb maksimale prej 10 dit\u00ebsh nga data e tij, p\u00ebrve\u00e7 n\u00ebse ne e t\u00ebrheqim at\u00eb shprehimisht n\u00eb nj\u00eb koh\u00eb m\u00eb t\u00eb hershme.<\/p>\n\n\n\n<p>22. Asnj\u00eb ndryshim i Kontrat\u00ebs, qoft\u00eb n\u00eb lidhje me p\u00ebrshkrimin e Mallrave, Tarifat ose ndryshe, nuk mund t\u00eb b\u00ebhet pasi t\u00eb jet\u00eb lidhur, p\u00ebrve\u00e7 n\u00ebse ndryshimi \u00ebsht\u00eb r\u00ebn\u00eb dakord nga Konsumatori dhe Furnizuesi me shkrim.<\/p>\n\n\n\n<p>23. Ne synojm\u00eb q\u00eb k\u00ebto Kushte dhe Kushtet t\u00eb zbatohen vet\u00ebm p\u00ebr nj\u00eb Kontrat\u00eb t\u00eb lidhur nga ju si Konsumator. N\u00ebse nuk \u00ebsht\u00eb k\u00ebshtu, duhet t\u00eb na tregoni, n\u00eb m\u00ebnyr\u00eb q\u00eb t\u00eb mund t&#8217;ju sigurojm\u00eb nj\u00eb kontrat\u00eb tjet\u00ebr me kushte q\u00eb jan\u00eb m\u00eb t\u00eb p\u00ebrshtatshme p\u00ebr ju dhe t\u00eb cilat, n\u00eb disa aspekte, mund t\u00eb jen\u00eb m\u00eb t\u00eb mira p\u00ebr ju, p.sh. Duke ju dh\u00ebn\u00eb t\u00eb drejta si nj\u00eb biznesi<\/p>\n\n\n\n<p>\u00c7mimi dhe pagesa<\/p>\n\n\n\n<p>24. \u00c7mimi i Mallrave dhe \u00e7do d\u00ebrges\u00eb shtes\u00eb ose tarifa t\u00eb tjera \u00ebsht\u00eb ai q\u00eb p\u00ebrcaktohet n\u00eb Uebfaqe n\u00eb dat\u00ebn e Porosis\u00eb ose nj\u00eb \u00e7mim tjet\u00ebr q\u00eb mund t\u00eb biem dakord me shkrim.<\/p>\n\n\n\n<p>25. \u00c7mimet dhe tarifat p\u00ebrfshijn\u00eb TVSH-n\u00eb n\u00eb norm\u00ebn e zbatueshme n\u00eb koh\u00ebn e Porosis\u00eb.<\/p>\n\n\n\n<p>26. Ju duhet t\u00eb paguani duke dor\u00ebzuar t\u00eb dh\u00ebnat e kart\u00ebs suaj t\u00eb kreditit ose debitit me Porosin\u00eb tuaj dhe ne mund t\u00eb marrim pagesa menj\u00ebher\u00eb ose ndryshe para dor\u00ebzimit t\u00eb Mallrave.<\/p>\n\n\n\n<p>Dor\u00ebzimi<\/p>\n\n\n\n<p>27. Ne do t&#8217;i dor\u00ebzojm\u00eb Mallrat, n\u00eb Lokacionin e Dor\u00ebzimit n\u00eb koh\u00ebn ose brenda periudh\u00ebs s\u00eb r\u00ebn\u00eb dakord ose, duke mos arritur ndonj\u00eb marr\u00ebveshje, pa vonesa t\u00eb panevojshme dhe, n\u00eb \u00e7do rast, jo m\u00eb shum\u00eb se 30 dit\u00eb pas dit\u00ebs n\u00eb t\u00eb cil\u00ebn lidhet Kontrata .<\/p>\n\n\n\n<p>28. N\u00eb \u00e7do rast, pavar\u00ebsisht nga ngjarjet p\u00ebrtej kontrollit ton\u00eb, n\u00ebse ne nuk i dor\u00ebzojm\u00eb Mallrat n\u00eb koh\u00eb, ju mund t\u00eb (p\u00ebrve\u00e7 \u00e7do mjete tjet\u00ebr juridike) ta trajtoni Kontrat\u00ebn n\u00eb nj\u00eb fund n\u00ebse:<\/p>\n\n\n\n<p>A ne kemi refuzuar t\u00eb dor\u00ebzojm\u00eb Mallrat, ose n\u00ebse dor\u00ebzimi n\u00eb koh\u00eb \u00ebsht\u00eb thelb\u00ebsor duke marr\u00eb parasysh t\u00eb gjitha rrethanat p\u00ebrkat\u00ebse n\u00eb koh\u00ebn kur \u00ebsht\u00eb b\u00ebr\u00eb Kontrata, ose ju na that\u00eb para se t\u00eb b\u00ebhej Kontrata se dor\u00ebzimi n\u00eb koh\u00eb ishte thelb\u00ebsor; ose<\/p>\n\n\n\n<p>B pasi nuk kemi arritur t\u00eb dor\u00ebzojm\u00eb n\u00eb koh\u00eb, ju keni specifikuar nj\u00eb periudh\u00eb t\u00eb m\u00ebvonshme e cila \u00ebsht\u00eb e p\u00ebrshtatshme p\u00ebr rrethanat dhe ne nuk kemi dor\u00ebzuar brenda asaj periudhe.<\/p>\n\n\n\n<p>29. N\u00ebse e trajtoni Kontrat\u00ebn n\u00eb nj\u00eb fund, ne (p\u00ebrve\u00e7 mjeteve juridike t\u00eb tjera) do t&#8217;i kthejm\u00eb menj\u00ebher\u00eb t\u00eb gjitha pagesat e b\u00ebra sipas Kontrat\u00ebs.<\/p>\n\n\n\n<p>30. N\u00ebse keni t\u00eb drejt\u00eb ta trajtoni Kontrat\u00ebn n\u00eb nj\u00eb fund, por nuk e b\u00ebni k\u00ebt\u00eb, nuk jeni t\u00eb penguar t\u00eb anuloni Urdhrin p\u00ebr ndonj\u00eb Mall ose t\u00eb refuzoni Mallrat q\u00eb jan\u00eb dor\u00ebzuar dhe, n\u00ebse e b\u00ebni k\u00ebt\u00eb, ne do ta b\u00ebjm\u00eb (p\u00ebrve\u00e7 k\u00ebsaj mjeteve juridike t\u00eb tjera) pa vones\u00eb kthejeni t\u00eb gjitha pagesat e b\u00ebra sipas Kontrat\u00ebs p\u00ebr ndonj\u00eb Mall t\u00eb till\u00eb t\u00eb anuluar ose t\u00eb refuzuar. N\u00ebse Mallrat jan\u00eb dor\u00ebzuar, duhet t&#8217;i ktheni tek ne ose t\u00eb na lejoni t&#8217;i mbledhim nga ju dhe ne do t\u00eb paguajm\u00eb kostot e k\u00ebsaj.<\/p>\n\n\n\n<p>31. N\u00ebse ndonj\u00eb mall krijon nj\u00eb nj\u00ebsi tregtare (nj\u00eb nj\u00ebsi \u00ebsht\u00eb nj\u00eb nj\u00ebsi tregtare n\u00ebse ndarja e nj\u00ebsis\u00eb do t\u00eb d\u00ebmtonte materialisht vler\u00ebn e<\/p>\n\n\n\n<p>Konformiteti dhe Garancia<\/p>\n\n\n\n<p>53. Ne kemi nj\u00eb detyr\u00eb ligjore t\u00eb furnizojm\u00eb Mallrat n\u00eb p\u00ebrputhje me Kontrat\u00ebn dhe nuk do t\u00eb jemi konformizuar n\u00ebse nuk p\u00ebrmbush detyrimin e m\u00ebposht\u00ebm.<\/p>\n\n\n\n<p>54. Pas dor\u00ebzimit, Mallrat do t\u00eb:<\/p>\n\n\n\n<p>A t\u00eb jet\u00eb me cil\u00ebsi t\u00eb k\u00ebnaqshme;<\/p>\n\n\n\n<p>B t\u00eb jet\u00eb i arsyesh\u00ebm i arsyesh\u00ebm p\u00ebr ndonj\u00eb q\u00ebllim t\u00eb ve\u00e7ant\u00eb p\u00ebr t\u00eb cilin blini Mallrat t\u00eb cilat, para se t\u00eb b\u00ebhet Kontrata, na e b\u00ebt\u00eb t\u00eb njohur (p\u00ebrve\u00e7 n\u00ebse nuk mb\u00ebshteteni n\u00eb t\u00eb v\u00ebrtet\u00eb, ose \u00ebsht\u00eb e paarsyeshme q\u00eb t\u00eb mb\u00ebshteteni, n\u00eb aft\u00ebsin\u00eb dhe gjykimin ton\u00eb) dhe t\u00eb jet\u00eb i aft\u00eb p\u00ebr \u00e7do q\u00ebllim t\u00eb mbajtur nga ne ose t\u00eb p\u00ebrcaktuar n\u00eb Kontrat\u00eb; dhe<\/p>\n\n\n\n<p>C p\u00ebrputhen me p\u00ebrshkrimin e tyre.<\/p>\n\n\n\n<p>55. Nuk \u00ebsht\u00eb nj\u00eb d\u00ebshtim p\u00ebr tu p\u00ebrshtatur n\u00ebse d\u00ebshtimi e ka zanafill\u00ebn n\u00eb materialet tuaja.<\/p>\n\n\n\n<p>56. Ne menj\u00ebher\u00eb, ose brenda nj\u00eb kohe t\u00eb arsyeshme, do t&#8217;ju japim p\u00ebrfitimin e garancis\u00eb falas t\u00eb dh\u00ebn\u00eb nga prodhuesi i Mallrave. Detajet e garancis\u00eb, p\u00ebrfshir\u00eb emrin dhe adres\u00ebn e prodhuesit, koh\u00ebzgjatjen dhe fush\u00ebn territoriale t\u00eb garancis\u00eb, p\u00ebrcaktohen n\u00eb garancin\u00eb e prodhuesit t\u00eb siguruar me Mallrat. Kjo garanci do t\u00eb hyj\u00eb n\u00eb fuqi n\u00eb koh\u00ebn e dor\u00ebzimit t\u00eb Mallrave dhe nuk do t\u00eb zvog\u00ebloj\u00eb t\u00eb drejtat tuaja ligjore.<\/p>\n\n\n\n<p>57. Ne do t\u00eb sigurojm\u00eb sh\u00ebrbimin e m\u00ebposht\u00ebm pas shitjes: Shit\u00ebsi do t\u00eb mb\u00ebshtes\u00eb klientin n\u00eb instalimin dhe aktivizimin e pajisjeve t\u00eb tyre t\u00eb reja ..<\/p>\n\n\n\n<p>Pasardh\u00ebsit dhe n\u00ebnkontraktuesit tan\u00eb<\/p>\n\n\n\n<p>58. Secila pal\u00eb mund t\u00eb transferoj\u00eb p\u00ebrfitimet e k\u00ebsaj Kontrate tek dikush tjet\u00ebr dhe do t\u00eb mbetet p\u00ebrgjegj\u00ebse ndaj tjetr\u00ebs p\u00ebr detyrimet e saj sipas kontrat\u00ebs. Furnizuesi do t\u00eb jet\u00eb p\u00ebrgjegj\u00ebs p\u00ebr veprimet e \u00e7do n\u00ebn-kontraktori q\u00eb ai zgjedh p\u00ebr t\u00eb ndihmuar n\u00eb kryerjen e detyrave t\u00eb tij.<\/p>\n\n\n\n<p>Rrethana p\u00ebrtej kontrollit t\u00eb secil\u00ebs pal\u00eb<\/p>\n\n\n\n<p>59. N\u00eb rast t\u00eb ndonj\u00eb d\u00ebshtimi nga nj\u00eb pal\u00eb p\u00ebr shkak t\u00eb di\u00e7kaje q\u00eb \u00ebsht\u00eb jasht\u00eb kontrollit t\u00eb saj t\u00eb arsyesh\u00ebm:<\/p>\n\n\n\n<p>A pala do t\u00eb k\u00ebshilloj\u00eb pal\u00ebn tjet\u00ebr sa m\u00eb shpejt q\u00eb t\u00eb jet\u00eb e mundur; dhe<\/p>\n\n\n\n<p>B detyrimet e pal\u00ebs do t\u00eb pezullohen p\u00ebr aq sa \u00ebsht\u00eb e arsyeshme, me kusht q\u00eb ajo pal\u00eb t\u00eb veproj\u00eb n\u00eb m\u00ebnyr\u00eb t\u00eb arsyeshme dhe pala nuk do t\u00eb jet\u00eb p\u00ebrgjegj\u00ebse p\u00ebr ndonj\u00eb d\u00ebshtim t\u00eb cilin nuk mund ta shmang\u00eb me arsye, por kjo nuk do t\u00eb ndikoj\u00eb n\u00eb t\u00eb drejtat e m\u00ebsip\u00ebrme t\u00eb Konsumatorit n\u00eb lidhje me dor\u00ebzimin dhe \u00e7do t\u00eb drejt\u00eb p\u00ebr t\u00eb anuluar, m\u00eb posht\u00eb.<\/p>\n\n\n\n<p>Privat\u00ebsia<\/p>\n\n\n\n<p>60. Privat\u00ebsia juaj \u00ebsht\u00eb kritike p\u00ebr ne. Ne respektojm\u00eb privat\u00ebsin\u00eb tuaj dhe jemi n\u00eb p\u00ebrputhje me Rregulloren e P\u00ebrgjithshme t\u00eb Mbrojtjes s\u00eb t\u00eb Dh\u00ebnave n\u00eb lidhje me informacionin tuaj personal.<\/p>\n\n\n\n<p>61. K\u00ebto Kushte dhe Kushte duhet t\u00eb lexohen s\u00eb bashku, dhe jan\u00eb shtes\u00eb e politikave tona, duke p\u00ebrfshir\u00eb politik\u00ebn ton\u00eb t\u00eb privat\u00ebsis\u00eb (LINK) dhe politik\u00ebn e cookies ().<\/p>\n\n\n\n<p>62. P\u00ebr q\u00ebllimet e k\u00ebtyre Termave dhe Kushteve:<\/p>\n\n\n\n<p>A &#8216;Ligjet p\u00ebr Mbrojtjen e t\u00eb Dh\u00ebnave&#8217; do t\u00eb thot\u00eb \u00e7do ligj i zbatuesh\u00ebm n\u00eb lidhje me p\u00ebrpunimin e t\u00eb Dh\u00ebnave Personale, duke p\u00ebrfshir\u00eb, por pa u kufizuar n\u00eb Direktiv\u00ebn 95\/46 \/ EC (Direktiva p\u00ebr Mbrojtjen e t\u00eb Dh\u00ebnave) ose GDPR.<\/p>\n\n\n\n<p>B &#8216;GDPR&#8217; do t\u00eb thot\u00eb Rregullorja e P\u00ebrgjithshme e Mbrojtjes s\u00eb t\u00eb Dh\u00ebnave (BE) 2016\/679.<\/p>\n\n\n\n<p>C &#8216;Kontrolluesi i t\u00eb Dh\u00ebnave&#8217;, &#8216;T\u00eb Dh\u00ebnat Personale&#8217; dhe &#8216;P\u00ebrpunimi&#8217; do t\u00eb ken\u00eb t\u00eb nj\u00ebjtin kuptim si n\u00eb GDPR.<\/p>\n\n\n\n<p>63. Ne jemi nj\u00eb Kontrollues i t\u00eb Dh\u00ebnave t\u00eb t\u00eb Dh\u00ebnave Personale q\u00eb Procesojm\u00eb n\u00eb sigurimin e Mallrave p\u00ebr ju.<\/p>\n\n\n\n<p>64. Aty ku na furnizoni t\u00eb dh\u00ebna personale n\u00eb m\u00ebnyr\u00eb q\u00eb t\u00eb mund t&#8217;ju sigurojm\u00eb mallra dhe ne p\u00ebrpunojm\u00eb ato t\u00eb dh\u00ebna personale gjat\u00eb sigurimit t\u00eb mallrave p\u00ebr ju, ne do t\u00eb jemi n\u00eb p\u00ebrputhje me detyrimet tona t\u00eb vendosura nga ligjet e mbrojtjes s\u00eb t\u00eb dh\u00ebnave:<\/p>\n\n\n\n<p>A para ose n\u00eb koh\u00ebn e mbledhjes s\u00eb t\u00eb dh\u00ebnave personale, ne do t\u00eb identifikojm\u00eb q\u00ebllimet p\u00ebr t\u00eb cilat po mblidhet informacioni;<\/p>\n\n\n\n<p>B ne do t\u00eb p\u00ebrpunojm\u00eb t\u00eb dh\u00ebna personale vet\u00ebm p\u00ebr q\u00ebllimet e identifikuara;<\/p>\n\n\n\n<p>C ne do t\u00eb respektojm\u00eb t\u00eb drejtat tuaja n\u00eb lidhje me t\u00eb dh\u00ebnat tuaja personale; dhe<\/p>\n\n\n\n<p>D ne do t\u00eb zbatojm\u00eb masa teknike dhe organizative p\u00ebr t\u00eb siguruar t\u00eb dh\u00ebnat tuaja personale t\u00eb sigurta.<\/p>\n\n\n\n<p>65. P\u00ebr \u00e7do pyetje ose ankes\u00eb n\u00eb lidhje me privat\u00ebsin\u00eb e t\u00eb dh\u00ebnave, mund t\u00eb d\u00ebrgoni me email: a_k100@live.co.uk.<\/p>\n\n\n\n<p>P\u00ebrjashtimi i p\u00ebrgjegj\u00ebsis\u00eb<\/p>\n\n\n\n<p>66. Furnizuesi nuk p\u00ebrjashton p\u00ebrgjegj\u00ebsin\u00eb p\u00ebr: (i) \u00e7do veprim ose mosveprim mashtrues; ose (ii) p\u00ebr vdekje ose d\u00ebmtim personal t\u00eb shkaktuar nga neglizhenca ose shkelja e detyrimeve t\u00eb tjera ligjore t\u00eb Furnizuesit. N\u00eb var\u00ebsi t\u00eb k\u00ebsaj, Furnizuesi nuk \u00ebsht\u00eb p\u00ebrgjegj\u00ebs p\u00ebr (i) humbjen e cila nuk ishte e parashikueshme n\u00eb m\u00ebnyr\u00eb t\u00eb arsyeshme p\u00ebr t\u00eb dy pal\u00ebt n\u00eb koh\u00ebn kur \u00ebsht\u00eb b\u00ebr\u00eb Kontrata, ose (ii) humbje (p.sh. Humbje e fitimit) p\u00ebr biznesin, tregtin\u00eb, artizanatin e Konsumatorit ose profesion i cili nuk do t\u00eb p\u00ebsohej nga nj\u00eb Konsumator &#8211; sepse Furnizuesi beson se Konsumatori nuk po blen Mallrat plot\u00ebsisht ose kryesisht p\u00ebr biznesin, tregtin\u00eb, zanatin ose profesionin e tij.<\/p>\n\n\n\n<p>Ligji qeveris\u00ebs, juridiksioni dhe ankesat<\/p>\n\n\n\n<p>67. Kontrata (p\u00ebrfshir\u00eb \u00e7do \u00e7\u00ebshtje jasht\u00ebkontraktore) rregullohet nga ligji i Shqip\u00ebrise.<\/p>\n\n\n\n<p>69. Ne p\u00ebrpiqemi t\u00eb shmangim \u00e7do mosmarr\u00ebveshje, k\u00ebshtu q\u00eb ne merremi me ankesat n\u00eb m\u00ebnyr\u00ebn vijuese: N\u00ebse ndodh nj\u00eb mosmarr\u00ebveshje, klient\u00ebt duhet t\u00eb na kontaktojn\u00eb p\u00ebr t\u00eb gjetur nj\u00eb zgjidhje. Ne do t\u00eb synojm\u00eb t\u00eb p\u00ebrgjigjemi me nj\u00eb zgjidhje t\u00eb p\u00ebrshtatshme brenda 5 dit\u00ebsh.<\/p>","protected":false},"excerpt":{"rendered":"<p>&nbsp; Ju lutemi lexoni t\u00eb gjitha k\u00ebto terma dhe kushte. Nd\u00ebrsa ne mund ta pranojm\u00eb urdhrin tuaj dhe t\u00eb b\u00ebjm\u00eb nj\u00eb marr\u00ebveshje t\u00eb zbatueshme ligj\u00ebrisht pa iu referuar m\u00eb tej juve, ju duhet t\u00eb lexoni k\u00ebto terma dhe kushte p\u00ebr t&#8217;u siguruar q\u00eb ato p\u00ebrmbajn\u00eb gjith\u00e7ka q\u00eb d\u00ebshironi dhe asgj\u00eb me t\u00eb cil\u00ebn nuk jeni t\u00eb k\u00ebnaqur. N\u00ebse nuk jeni t\u00eb sigurt p\u00ebr di\u00e7ka, thjesht na telefononi n\u00eb 00355694688644. Aplikacion 1. K\u00ebto kushte dhe kushte do t\u00eb zbatohen p\u00ebr blerjen e mallrave nga ju&hellip;<\/p>","protected":false},"author":1,"featured_media":0,"parent":0,"menu_order":0,"comment_status":"closed","ping_status":"closed","template":"","meta":{"footnotes":""},"class_list":["post-4585","page","type-page","status-publish","hentry"],"jetpack_sharing_enabled":true,"_links":{"self":[{"href":"https:\/\/nakedearth.al\/en\/wp-json\/wp\/v2\/pages\/4585","targetHints":{"allow":["GET"]}}],"collection":[{"href":"https:\/\/nakedearth.al\/en\/wp-json\/wp\/v2\/pages"}],"about":[{"href":"https:\/\/nakedearth.al\/en\/wp-json\/wp\/v2\/types\/page"}],"author":[{"embeddable":true,"href":"https:\/\/nakedearth.al\/en\/wp-json\/wp\/v2\/users\/1"}],"replies":[{"embeddable":true,"href":"https:\/\/nakedearth.al\/en\/wp-json\/wp\/v2\/comments?post=4585"}],"version-history":[{"count":1,"href":"https:\/\/nakedearth.al\/en\/wp-json\/wp\/v2\/pages\/4585\/revisions"}],"predecessor-version":[{"id":9206,"href":"https:\/\/nakedearth.al\/en\/wp-json\/wp\/v2\/pages\/4585\/revisions\/9206"}],"wp:attachment":[{"href":"https:\/\/nakedearth.al\/en\/wp-json\/wp\/v2\/media?parent=4585"}],"curies":[{"name":"wp","href":"https:\/\/api.w.org\/{rel}","templated":true}]}}