{"id":8844,"date":"2021-06-08T09:42:58","date_gmt":"2021-06-08T09:42:58","guid":{"rendered":"https:\/\/new523.nakedearth.al\/?page_id=8844"},"modified":"2026-02-14T23:25:38","modified_gmt":"2026-02-14T22:25:38","slug":"homepage","status":"publish","type":"page","link":"https:\/\/nakedearth.al\/en\/","title":{"rendered":"Homepage"},"content":{"rendered":"<blockquote class=\"wp-block-quote has-text-align-right block-quote-small is-layout-flow wp-block-quote-is-layout-flow\">\r\n<p>Kur nis\u00ebm udh\u00ebtimin ton\u00eb me nakedearth, kishim nj\u00eb vizion t\u00eb qart\u00eb: vet\u00ebm m\u00eb e mira p\u00ebr f\u00ebmij\u00ebt tan\u00eb.<\/p>\r\n<p>K\u00ebrkonim produkte q\u00eb nuk i gjenim leht\u00ebsisht n\u00eb treg. Produkte q\u00eb t\u00eb bashkonin n\u00eb m\u00ebnyr\u00eb t\u00eb harmonizuar sigurin\u00eb maksimale, nd\u00ebrgjegj\u00ebsimin mjedisor, eleganc\u00ebn estetike dhe, mbi t\u00eb gjitha, funksionalitetin p\u00ebr p\u00ebrdorim t\u00eb p\u00ebrditsh\u00ebm.<\/p>\r\n<p>Nga kjo nevoj\u00eb lindi nj\u00eb biznes i dedikuar p\u00ebr cil\u00ebsi t\u00eb lart\u00eb dhe standarde profesionale. \u00c7do produkt q\u00eb p\u00ebrzgjedhim apo zhvillojm\u00eb reflekton p\u00ebrkushtimin ton\u00eb ndaj siguris\u00eb s\u00eb familjeve, q\u00ebndrueshm\u00ebris\u00eb dhe dizajnit t\u00eb menduar me kujdes.<\/p>\r\n<p>Misioni yn\u00eb vazhdon me t\u00eb nj\u00ebjtin angazhim: t\u2019ju ofrojm\u00eb produkte elegante, t\u00eb thjeshta dhe funksionale, q\u00eb jo vet\u00ebm zbukurojn\u00eb ambientin tuaj, por e b\u00ebjn\u00eb jet\u00ebn e p\u00ebrditshme m\u00eb t\u00eb leht\u00eb, m\u00eb t\u00eb sigurt dhe m\u00eb t\u00eb bukur.<\/p>\r\n<cite>\u2013 nakedearth \u2013<\/cite><\/blockquote>\r\n\r\n\r\n<p>&nbsp;<\/p>\n<p>&nbsp;<\/p>","protected":false},"excerpt":{"rendered":"<p>Kur nis\u00ebm udh\u00ebtimin ton\u00eb me nakedearth, kishim nj\u00eb vizion t\u00eb qart\u00eb: vet\u00ebm m\u00eb e mira p\u00ebr f\u00ebmij\u00ebt tan\u00eb. K\u00ebrkonim produkte q\u00eb nuk i gjenim leht\u00ebsisht n\u00eb treg. Produkte q\u00eb t\u00eb bashkonin n\u00eb m\u00ebnyr\u00eb t\u00eb harmonizuar sigurin\u00eb maksimale, nd\u00ebrgjegj\u00ebsimin mjedisor, eleganc\u00ebn estetike dhe, mbi t\u00eb gjitha, funksionalitetin p\u00ebr p\u00ebrdorim t\u00eb p\u00ebrditsh\u00ebm. Nga kjo nevoj\u00eb lindi nj\u00eb biznes i dedikuar p\u00ebr cil\u00ebsi t\u00eb lart\u00eb dhe standarde profesionale. \u00c7do produkt q\u00eb p\u00ebrzgjedhim apo zhvillojm\u00eb reflekton p\u00ebrkushtimin ton\u00eb ndaj siguris\u00eb s\u00eb familjeve, q\u00ebndrueshm\u00ebris\u00eb dhe dizajnit t\u00eb menduar me&hellip;<\/p>","protected":false},"author":1,"featured_media":0,"parent":0,"menu_order":0,"comment_status":"closed","ping_status":"closed","template":"","meta":{"footnotes":""},"class_list":["post-8844","page","type-page","status-publish","hentry"],"jetpack_sharing_enabled":true,"_links":{"self":[{"href":"https:\/\/nakedearth.al\/en\/wp-json\/wp\/v2\/pages\/8844","targetHints":{"allow":["GET"]}}],"collection":[{"href":"https:\/\/nakedearth.al\/en\/wp-json\/wp\/v2\/pages"}],"about":[{"href":"https:\/\/nakedearth.al\/en\/wp-json\/wp\/v2\/types\/page"}],"author":[{"embeddable":true,"href":"https:\/\/nakedearth.al\/en\/wp-json\/wp\/v2\/users\/1"}],"replies":[{"embeddable":true,"href":"https:\/\/nakedearth.al\/en\/wp-json\/wp\/v2\/comments?post=8844"}],"version-history":[{"count":17,"href":"https:\/\/nakedearth.al\/en\/wp-json\/wp\/v2\/pages\/8844\/revisions"}],"predecessor-version":[{"id":20465,"href":"https:\/\/nakedearth.al\/en\/wp-json\/wp\/v2\/pages\/8844\/revisions\/20465"}],"wp:attachment":[{"href":"https:\/\/nakedearth.al\/en\/wp-json\/wp\/v2\/media?parent=8844"}],"curies":[{"name":"wp","href":"https:\/\/api.w.org\/{rel}","templated":true}]}}