{"id":10146,"date":"2021-10-09T19:42:16","date_gmt":"2021-10-09T17:42:16","guid":{"rendered":"https:\/\/nakedearth.al\/?post_type=product&#038;p=10146"},"modified":"2025-04-22T20:24:53","modified_gmt":"2025-04-22T18:24:53","slug":"the-portable-baby-night-light","status":"publish","type":"product","link":"https:\/\/nakedearth.al\/en\/product\/the-portable-baby-night-light\/","title":{"rendered":"The Portable Baby Night Light"},"content":{"rendered":"<h2>bbl\u00fcv &#8211; The Portable Baby Night Light<\/h2>\n<ul>\n<li>Silikoni rezistent ndaj goditjeve<\/li>\n<li>Deri n\u00eb 15 or\u00eb p\u00ebrdorim t\u00eb vazhduesh\u00ebm<\/li>\n<li>3 koh\u00ebmat\u00ebs automatik t\u00eb fikjes<\/li>\n<li>10 nivele shk\u00eblqimi<\/li>\n<li>3 cikle ngjyrash (alternative, kalimtare ose fikse)<\/li>\n<li>9 ngjyra t\u00eb ndryshme LED me kontroll me prekje<\/li>\n<li>Bateri e rimbushshme<\/li>\n<li>Karakteristik\u00eb e telekomand\u00ebs dhe kabllo USB p\u00ebr karikim<\/li>\n<li>P\u00ebrmasat: 9.9 x 8.8 x 12 cm<\/li>\n<\/ul>","protected":false},"excerpt":{"rendered":"<h2>Hib\u00fc<\/h2>\n<p>E b\u00ebr\u00eb nga silikoni rezistent ndaj goditjeve, Hib\u00fc \u00ebsht\u00eb shoq\u00ebruesi i p\u00ebrsosur i nat\u00ebs p\u00ebr f\u00ebmij\u00ebn tuaj! Me prekje t\u00eb leht\u00eb p\u00ebr t&#8217;u p\u00ebrdorur ose telekomand\u00eb, f\u00ebmija juaj mund t\u00eb zgjedh\u00eb ngjyr\u00ebn dhe shk\u00eblqimin vet\u00eb. Kompakt, i q\u00ebndruesh\u00ebm dhe i l\u00ebvizsh\u00ebm, f\u00ebmij\u00ebt mund ta mbajn\u00eb me vete kudo q\u00eb t\u00eb shkojn\u00eb!<\/p>","protected":false},"featured_media":10203,"comment_status":"open","ping_status":"closed","template":"","meta":[],"product_brand":[],"product_cat":[280,427,282,867],"product_tag":[428],"class_list":{"0":"post-10146","1":"product","2":"type-product","3":"status-publish","4":"has-post-thumbnail","6":"product_cat-aksesore-gjumi","7":"product_cat-bbluv","8":"product_cat-lodra","9":"product_cat-maternity","10":"product_tag-bbluv","12":"first","13":"instock","14":"shipping-taxable","15":"purchasable","16":"product-type-simple"},"jetpack_sharing_enabled":true,"_links":{"self":[{"href":"https:\/\/nakedearth.al\/en\/wp-json\/wp\/v2\/product\/10146","targetHints":{"allow":["GET"]}}],"collection":[{"href":"https:\/\/nakedearth.al\/en\/wp-json\/wp\/v2\/product"}],"about":[{"href":"https:\/\/nakedearth.al\/en\/wp-json\/wp\/v2\/types\/product"}],"replies":[{"embeddable":true,"href":"https:\/\/nakedearth.al\/en\/wp-json\/wp\/v2\/comments?post=10146"}],"wp:featuredmedia":[{"embeddable":true,"href":"https:\/\/nakedearth.al\/en\/wp-json\/wp\/v2\/media\/10203"}],"wp:attachment":[{"href":"https:\/\/nakedearth.al\/en\/wp-json\/wp\/v2\/media?parent=10146"}],"wp:term":[{"taxonomy":"product_brand","embeddable":true,"href":"https:\/\/nakedearth.al\/en\/wp-json\/wp\/v2\/product_brand?post=10146"},{"taxonomy":"product_cat","embeddable":true,"href":"https:\/\/nakedearth.al\/en\/wp-json\/wp\/v2\/product_cat?post=10146"},{"taxonomy":"product_tag","embeddable":true,"href":"https:\/\/nakedearth.al\/en\/wp-json\/wp\/v2\/product_tag?post=10146"}],"curies":[{"name":"wp","href":"https:\/\/api.w.org\/{rel}","templated":true}]}}