{"id":10147,"date":"2021-10-09T19:45:18","date_gmt":"2021-10-09T17:45:18","guid":{"rendered":"https:\/\/nakedearth.al\/?post_type=product&#038;p=10147"},"modified":"2025-05-06T17:14:50","modified_gmt":"2025-05-06T15:14:50","slug":"digital-thermometer-and-hygrometer","status":"publish","type":"product","link":"https:\/\/nakedearth.al\/en\/product\/digital-thermometer-and-hygrometer\/","title":{"rendered":"Digital Thermometer and Hygrometer"},"content":{"rendered":"<h2>bbl\u00fcv &#8211; Digital Thermometer and Hygrometer<\/h2>\n<ul>\n<li>Lexim i shpejt\u00eb dhe i sakt\u00eb<\/li>\n<li>Monitor i komoditetit t\u00eb dhom\u00ebs<\/li>\n<li>Ora dhe alarmi (format 12h ose 24h)<\/li>\n<li>Ekran LCD me kontrast t\u00eb lart\u00eb<\/li>\n<li>Nj\u00ebsit\u00eb mat\u00ebse: Fahrenheit ose Celsius<\/li>\n<li>K\u00ebrkon 2 bateri AAA (nuk p\u00ebrfshihen)<\/li>\n<li>P\u00ebrmasat: 6,4 cm x 11,4 cm x 2,3 cm<\/li>\n<\/ul>","protected":false},"excerpt":{"rendered":"<h2>Igr\u00f6<\/h2>\n<p>Matni me sakt\u00ebsi nivelin e temperatur\u00ebs dhe lag\u00ebshtis\u00eb n\u00eb dhom\u00ebn e tyre me nj\u00eb tregues unik komoditeti q\u00eb \u00ebsht\u00eb i leht\u00eb p\u00ebr t\u2019u lexuar.<\/p>","protected":false},"featured_media":10235,"comment_status":"open","ping_status":"closed","template":"","meta":[],"product_brand":[],"product_cat":[280,427,867],"product_tag":[428],"class_list":{"0":"post-10147","1":"product","2":"type-product","3":"status-publish","4":"has-post-thumbnail","6":"product_cat-aksesore-gjumi","7":"product_cat-bbluv","8":"product_cat-maternity","9":"product_tag-bbluv","11":"first","12":"instock","13":"featured","14":"shipping-taxable","15":"purchasable","16":"product-type-simple"},"jetpack_sharing_enabled":true,"_links":{"self":[{"href":"https:\/\/nakedearth.al\/en\/wp-json\/wp\/v2\/product\/10147","targetHints":{"allow":["GET"]}}],"collection":[{"href":"https:\/\/nakedearth.al\/en\/wp-json\/wp\/v2\/product"}],"about":[{"href":"https:\/\/nakedearth.al\/en\/wp-json\/wp\/v2\/types\/product"}],"replies":[{"embeddable":true,"href":"https:\/\/nakedearth.al\/en\/wp-json\/wp\/v2\/comments?post=10147"}],"wp:featuredmedia":[{"embeddable":true,"href":"https:\/\/nakedearth.al\/en\/wp-json\/wp\/v2\/media\/10235"}],"wp:attachment":[{"href":"https:\/\/nakedearth.al\/en\/wp-json\/wp\/v2\/media?parent=10147"}],"wp:term":[{"taxonomy":"product_brand","embeddable":true,"href":"https:\/\/nakedearth.al\/en\/wp-json\/wp\/v2\/product_brand?post=10147"},{"taxonomy":"product_cat","embeddable":true,"href":"https:\/\/nakedearth.al\/en\/wp-json\/wp\/v2\/product_cat?post=10147"},{"taxonomy":"product_tag","embeddable":true,"href":"https:\/\/nakedearth.al\/en\/wp-json\/wp\/v2\/product_tag?post=10147"}],"curies":[{"name":"wp","href":"https:\/\/api.w.org\/{rel}","templated":true}]}}