{"id":10149,"date":"2021-10-09T19:53:16","date_gmt":"2021-10-09T17:53:16","guid":{"rendered":"https:\/\/nakedearth.al\/?post_type=product&#038;p=10149"},"modified":"2024-08-02T02:57:30","modified_gmt":"2024-08-02T00:57:30","slug":"potty-training-seat","status":"publish","type":"product","link":"https:\/\/nakedearth.al\/en\/product\/potty-training-seat\/","title":{"rendered":"Potty Training Seat"},"content":{"rendered":"<h2>bbl\u00fcv &#8211; Potty Training Seat<\/h2>\n<ul>\n<li>Jast\u00ebk i rehatsh\u00ebm, i l\u00ebvizsh\u00ebm dhe i leht\u00eb p\u00ebr tu pastruar<\/li>\n<li>Madh\u00ebsia universale q\u00eb i p\u00ebrshtatet shumic\u00ebs s\u00eb vendeve t\u00eb tualetit t\u00eb rregullta dhe t\u00eb zgjatura<\/li>\n<li>Mb\u00ebshtjell\u00ebsit pa rr\u00ebshqitje mbajn\u00eb sediljen n\u00eb vend<\/li>\n<li>Dorezat e lehta sigurojn\u00eb dhe stabilitet shtes\u00eb p\u00ebr f\u00ebmij\u00ebn tuaj<\/li>\n<li>Dizajn arg\u00ebtues<\/li>\n<li>Jo toksike, e b\u00ebr\u00eb nga materiali pa BPA<\/li>\n<li>P\u00ebrmasat: 38,1 cm x 40,6 cm x 6,1 cm<\/li>\n<\/ul>","protected":false},"excerpt":{"rendered":"<h2>P\u00f6ti<\/h2>\n<p>Siguroni nj\u00eb p\u00ebrvoj\u00eb t\u00eb q\u00ebndrueshme dhe t\u00eb rehatshme p\u00ebr kalimin nga oturak n\u00eb WC p\u00ebr f\u00ebmij\u00ebn tuaj. I leht\u00eb p\u00ebr t&#8217;u pastruar p\u00ebrshtatet n\u00eb shumic\u00ebn e tualeteve dhe \u00ebsht\u00eb i dizajnuar p\u00ebr ta mbajtur f\u00ebmij\u00ebn tuaj n\u00eb m\u00ebnyr\u00eb t\u00eb sigurt, duke i dh\u00ebn\u00eb m\u00eb shum\u00eb besim vog\u00eblushit tuaj p\u00ebr t\u00eb kaluar k\u00ebt\u00eb moment historik t\u00eb ri t\u00eb r\u00ebnd\u00ebsish\u00ebm. Nj\u00eb gj\u00eb e domosdoshme!<\/p>","protected":false},"featured_media":10088,"comment_status":"open","ping_status":"closed","template":"","meta":[],"product_brand":[],"product_cat":[253,269,427,257],"product_tag":[428],"class_list":{"0":"post-10149","1":"product","2":"type-product","3":"status-publish","4":"has-post-thumbnail","6":"product_cat-12-muaj","7":"product_cat-aksesore-larjeje","8":"product_cat-bbluv","9":"product_cat-higjena-personale","10":"product_tag-bbluv","12":"first","13":"instock","14":"shipping-taxable","15":"purchasable","16":"product-type-variable"},"jetpack_sharing_enabled":true,"_links":{"self":[{"href":"https:\/\/nakedearth.al\/en\/wp-json\/wp\/v2\/product\/10149","targetHints":{"allow":["GET"]}}],"collection":[{"href":"https:\/\/nakedearth.al\/en\/wp-json\/wp\/v2\/product"}],"about":[{"href":"https:\/\/nakedearth.al\/en\/wp-json\/wp\/v2\/types\/product"}],"replies":[{"embeddable":true,"href":"https:\/\/nakedearth.al\/en\/wp-json\/wp\/v2\/comments?post=10149"}],"wp:featuredmedia":[{"embeddable":true,"href":"https:\/\/nakedearth.al\/en\/wp-json\/wp\/v2\/media\/10088"}],"wp:attachment":[{"href":"https:\/\/nakedearth.al\/en\/wp-json\/wp\/v2\/media?parent=10149"}],"wp:term":[{"taxonomy":"product_brand","embeddable":true,"href":"https:\/\/nakedearth.al\/en\/wp-json\/wp\/v2\/product_brand?post=10149"},{"taxonomy":"product_cat","embeddable":true,"href":"https:\/\/nakedearth.al\/en\/wp-json\/wp\/v2\/product_cat?post=10149"},{"taxonomy":"product_tag","embeddable":true,"href":"https:\/\/nakedearth.al\/en\/wp-json\/wp\/v2\/product_tag?post=10149"}],"curies":[{"name":"wp","href":"https:\/\/api.w.org\/{rel}","templated":true}]}}