{"id":10150,"date":"2021-10-09T19:55:25","date_gmt":"2021-10-09T17:55:25","guid":{"rendered":"https:\/\/nakedearth.al\/?post_type=product&#038;p=10150"},"modified":"2026-02-14T19:51:54","modified_gmt":"2026-02-14T18:51:54","slug":"foldable-baby-step-stool","status":"publish","type":"product","link":"https:\/\/nakedearth.al\/en\/product\/foldable-baby-step-stool\/","title":{"rendered":"Foldable Baby Step Stool"},"content":{"rendered":"<h2>bbl\u00fcv &#8211; Foldable Baby Step Stool<\/h2>\n<ul>\n<li>Praktike dhe e leht\u00eb p\u00ebr tu transportuar<\/li>\n<li>Dizajn i q\u00ebndruesh\u00ebm p\u00ebr mb\u00ebshtetje t\u00eb fort\u00eb dhe t\u00eb sigurt (deri n\u00eb kg)<\/li>\n<li>I palossh\u00ebm dhe kompakt<\/li>\n<li>Dizajn arg\u00ebtues<\/li>\n<li>P\u00ebrmasat: 23.9 cm x 19 cm x 18.5 cm<\/li>\n<\/ul>","protected":false},"excerpt":{"rendered":"<h2>St\u00ebp<\/h2>\n<p>Ndihmojeni vog\u00eblushin tuaj t\u00eb ndihet si nj\u00eb f\u00ebmij\u00eb i madh! St\u00ebp ndihmon f\u00ebmij\u00ebt e vegj\u00ebl n\u00eb arritjen e zonave q\u00eb jan\u00eb akoma pak shum\u00eb t\u00eb larta. Pavar\u00ebsisht n\u00ebse p\u00ebrdoret gjat\u00eb larjes s\u00eb dh\u00ebmb\u00ebve, larjes s\u00eb duarve apo edhe ndihm\u00ebs n\u00eb kuzhin\u00eb, St\u00ebp \u00ebsht\u00eb nj\u00eb produkt i p\u00ebrditsh\u00ebm i dobish\u00ebm q\u00eb gjithashtu mund t\u00eb paloset dhe t\u00eb ruhet midis p\u00ebrdorimeve.<\/p>","protected":false},"featured_media":10094,"comment_status":"open","ping_status":"closed","template":"","meta":[],"product_brand":[],"product_cat":[253,269,427],"product_tag":[428],"class_list":{"0":"post-10150","1":"product","2":"type-product","3":"status-publish","4":"has-post-thumbnail","6":"product_cat-12-muaj","7":"product_cat-aksesore-larjeje","8":"product_cat-bbluv","9":"product_tag-bbluv","11":"first","12":"outofstock","13":"shipping-taxable","14":"purchasable","15":"product-type-variable"},"jetpack_sharing_enabled":true,"_links":{"self":[{"href":"https:\/\/nakedearth.al\/en\/wp-json\/wp\/v2\/product\/10150","targetHints":{"allow":["GET"]}}],"collection":[{"href":"https:\/\/nakedearth.al\/en\/wp-json\/wp\/v2\/product"}],"about":[{"href":"https:\/\/nakedearth.al\/en\/wp-json\/wp\/v2\/types\/product"}],"replies":[{"embeddable":true,"href":"https:\/\/nakedearth.al\/en\/wp-json\/wp\/v2\/comments?post=10150"}],"wp:featuredmedia":[{"embeddable":true,"href":"https:\/\/nakedearth.al\/en\/wp-json\/wp\/v2\/media\/10094"}],"wp:attachment":[{"href":"https:\/\/nakedearth.al\/en\/wp-json\/wp\/v2\/media?parent=10150"}],"wp:term":[{"taxonomy":"product_brand","embeddable":true,"href":"https:\/\/nakedearth.al\/en\/wp-json\/wp\/v2\/product_brand?post=10150"},{"taxonomy":"product_cat","embeddable":true,"href":"https:\/\/nakedearth.al\/en\/wp-json\/wp\/v2\/product_cat?post=10150"},{"taxonomy":"product_tag","embeddable":true,"href":"https:\/\/nakedearth.al\/en\/wp-json\/wp\/v2\/product_tag?post=10150"}],"curies":[{"name":"wp","href":"https:\/\/api.w.org\/{rel}","templated":true}]}}