{"id":10151,"date":"2021-10-09T19:57:08","date_gmt":"2021-10-09T17:57:08","guid":{"rendered":"https:\/\/nakedearth.al\/?post_type=product&#038;p=10151"},"modified":"2025-02-20T18:17:13","modified_gmt":"2025-02-20T17:17:13","slug":"stackable-food-container","status":"publish","type":"product","link":"https:\/\/nakedearth.al\/en\/product\/stackable-food-container\/","title":{"rendered":"Stackable Food Container"},"content":{"rendered":"<h2>bbl\u00fcv &#8211; Stackable Food Container<\/h2>\n<p>3 ndarje me nj\u00eb kapacitet prej 113 ml<br \/>\nKapak mbrojt\u00ebs me dorez\u00eb fleksib\u00ebl silikoni<br \/>\nKapak me gyp p\u00ebr derdhje t\u00eb leht\u00eb<br \/>\nMund t\u00eb lahet n\u00eb lavastovilje dhe mund t\u00eb sterilizohet<br \/>\nPa BPA dhe phthalate<br \/>\nP\u00ebrmasa: 7,6 cm x 17,8 cm<\/p>","protected":false},"excerpt":{"rendered":"<h2>D\u00f6se<\/h2>\n<p>3 tasa me shum\u00eb p\u00ebrdorime duke e b\u00ebr\u00eb at\u00eb praktike dhe kompakte. Ofron komoditetin e dozave t\u00eb formul\u00ebs t\u00eb ndara n\u00eb m\u00ebnyr\u00eb perfekte dhe ushqimeve p\u00ebr foshnjat n\u00eb l\u00ebvizje, duke z\u00ebn\u00eb hap\u00ebsir\u00eb \u200b\u200bminimale n\u00eb \u00e7ant\u00ebn tuaj!<\/p>","protected":false},"featured_media":10230,"comment_status":"open","ping_status":"closed","template":"","meta":[],"product_brand":[],"product_cat":[251,252,264,427],"product_tag":[428],"class_list":{"0":"post-10151","1":"product","2":"type-product","3":"status-publish","4":"has-post-thumbnail","6":"product_cat-0-6-muaj","7":"product_cat-6-12-muaj","8":"product_cat-aksesore-ngrenieje","9":"product_cat-bbluv","10":"product_tag-bbluv","12":"first","13":"instock","14":"shipping-taxable","15":"purchasable","16":"product-type-simple"},"jetpack_sharing_enabled":true,"_links":{"self":[{"href":"https:\/\/nakedearth.al\/en\/wp-json\/wp\/v2\/product\/10151","targetHints":{"allow":["GET"]}}],"collection":[{"href":"https:\/\/nakedearth.al\/en\/wp-json\/wp\/v2\/product"}],"about":[{"href":"https:\/\/nakedearth.al\/en\/wp-json\/wp\/v2\/types\/product"}],"replies":[{"embeddable":true,"href":"https:\/\/nakedearth.al\/en\/wp-json\/wp\/v2\/comments?post=10151"}],"wp:featuredmedia":[{"embeddable":true,"href":"https:\/\/nakedearth.al\/en\/wp-json\/wp\/v2\/media\/10230"}],"wp:attachment":[{"href":"https:\/\/nakedearth.al\/en\/wp-json\/wp\/v2\/media?parent=10151"}],"wp:term":[{"taxonomy":"product_brand","embeddable":true,"href":"https:\/\/nakedearth.al\/en\/wp-json\/wp\/v2\/product_brand?post=10151"},{"taxonomy":"product_cat","embeddable":true,"href":"https:\/\/nakedearth.al\/en\/wp-json\/wp\/v2\/product_cat?post=10151"},{"taxonomy":"product_tag","embeddable":true,"href":"https:\/\/nakedearth.al\/en\/wp-json\/wp\/v2\/product_tag?post=10151"}],"curies":[{"name":"wp","href":"https:\/\/api.w.org\/{rel}","templated":true}]}}