{"id":10152,"date":"2021-10-09T19:58:50","date_gmt":"2021-10-09T17:58:50","guid":{"rendered":"https:\/\/nakedearth.al\/?post_type=product&#038;p=10152"},"modified":"2026-02-26T02:44:00","modified_gmt":"2026-02-26T01:44:00","slug":"4-in-1-uv-sterilizer","status":"publish","type":"product","link":"https:\/\/nakedearth.al\/en\/product\/4-in-1-uv-sterilizer\/","title":{"rendered":"4 in 1 UV Sterilizer"},"content":{"rendered":"<h2>bbl\u00fcv &#8211; 4 in 1 UV Sterilizer<\/h2>\n<p>Sterilizuesi i provuar klinikisht \u00ebsht\u00eb mund\u00ebsuar nga e nj\u00ebjta teknologji efikase e p\u00ebrdorur n\u00eb zyrat e dentist\u00ebve duke e b\u00ebr\u00eb at\u00eb opsionin ideal dhe m\u00eb t\u00eb sh\u00ebndetsh\u00ebm. I vog\u00ebl, i leht\u00eb dhe kompakt, \u00ebsht\u00eb i p\u00ebrsosur p\u00ebr sterilizim n\u00eb l\u00ebvizje!<\/p>\n<ul>\n<li>Vret 99.9% t\u00eb mikrobeve<\/li>\n<li>E sigurt dhe higjienike<\/li>\n<li>Sterilizim i shpejt\u00eb (3 min.)<\/li>\n<li>Leht\u00eb p\u00ebr t&#8217;u p\u00ebrdorur<\/li>\n<li>Moshat 0+<\/li>\n<\/ul>","protected":false},"excerpt":{"rendered":"<h2>\u00dcvi<\/h2>\n<p>Sterilizon me siguri biberonat, thithkat e shisheve, gryk\u00ebt e got\u00ebs dhe kokat e fur\u00e7ave t\u00eb dh\u00ebmb\u00ebve duke p\u00ebrdorur sterilizim ultra t\u00eb leht\u00eb dhe pa p\u00ebrdorimin e kimikateve t\u00eb d\u00ebmshme.<\/p>","protected":false},"featured_media":10132,"comment_status":"open","ping_status":"closed","template":"","meta":[],"product_brand":[],"product_cat":[251,253,252,264,427,867,285],"product_tag":[428],"class_list":{"0":"post-10152","1":"product","2":"type-product","3":"status-publish","4":"has-post-thumbnail","6":"product_cat-0-6-muaj","7":"product_cat-12-muaj","8":"product_cat-6-12-muaj","9":"product_cat-aksesore-ngrenieje","10":"product_cat-bbluv","11":"product_cat-maternity","12":"product_cat-udhetimi","13":"product_tag-bbluv","15":"first","16":"outofstock","17":"shipping-taxable","18":"purchasable","19":"product-type-simple"},"jetpack_sharing_enabled":true,"_links":{"self":[{"href":"https:\/\/nakedearth.al\/en\/wp-json\/wp\/v2\/product\/10152","targetHints":{"allow":["GET"]}}],"collection":[{"href":"https:\/\/nakedearth.al\/en\/wp-json\/wp\/v2\/product"}],"about":[{"href":"https:\/\/nakedearth.al\/en\/wp-json\/wp\/v2\/types\/product"}],"replies":[{"embeddable":true,"href":"https:\/\/nakedearth.al\/en\/wp-json\/wp\/v2\/comments?post=10152"}],"wp:featuredmedia":[{"embeddable":true,"href":"https:\/\/nakedearth.al\/en\/wp-json\/wp\/v2\/media\/10132"}],"wp:attachment":[{"href":"https:\/\/nakedearth.al\/en\/wp-json\/wp\/v2\/media?parent=10152"}],"wp:term":[{"taxonomy":"product_brand","embeddable":true,"href":"https:\/\/nakedearth.al\/en\/wp-json\/wp\/v2\/product_brand?post=10152"},{"taxonomy":"product_cat","embeddable":true,"href":"https:\/\/nakedearth.al\/en\/wp-json\/wp\/v2\/product_cat?post=10152"},{"taxonomy":"product_tag","embeddable":true,"href":"https:\/\/nakedearth.al\/en\/wp-json\/wp\/v2\/product_tag?post=10152"}],"curies":[{"name":"wp","href":"https:\/\/api.w.org\/{rel}","templated":true}]}}