{"id":10153,"date":"2021-10-09T20:02:00","date_gmt":"2021-10-09T18:02:00","guid":{"rendered":"https:\/\/nakedearth.al\/?post_type=product&#038;p=10153"},"modified":"2024-01-19T13:25:27","modified_gmt":"2024-01-19T12:25:27","slug":"thermos-food-jar-for-baby-300g","status":"publish","type":"product","link":"https:\/\/nakedearth.al\/en\/product\/thermos-food-jar-for-baby-300g\/","title":{"rendered":"Thermos Food Jar for Baby 300g"},"content":{"rendered":"<h2>bbl\u00fcv &#8211; Thermos Food Jar for Baby 300g<\/h2>\n<ul>\n<li>Mban ushqimin n\u00eb nj\u00eb temperatur\u00eb t\u00eb sigurt t\u00eb nxeht\u00eb (6 or\u00eb) ose t\u00eb ftoht\u00eb (8 or\u00eb)<\/li>\n<li>E b\u00ebr\u00eb nga \u00e7eliku inox i klas\u00ebs ushqimore 18\/8 (\u00e7eliku 304)<\/li>\n<li>I pap\u00ebrshkuesh\u00ebm nga uji<\/li>\n<li>Kapaku dyfishohet si nj\u00eb tas ose filxhan p\u00ebr pije dhe lug\u00eb e palosshme e ruajtur n\u00ebn kapak<\/li>\n<li>Leht\u00eb p\u00ebr tu pastruar, e q\u00ebndrueshme dhe rezistente ndaj njollave<\/li>\n<li>Kapaciteti prej 300 ml<\/li>\n<li>BPA dhe pa ftalate<\/li>\n<li>P\u00ebrmasa: 8,8 cm \u00d8 x 13,8 cm<\/li>\n<\/ul>","protected":false},"excerpt":{"rendered":"<h2>Fo\u00f6d<\/h2>\n<p>Me izolim prej \u00e7eliku inoks me dy mure, Fo\u00f6d \u00ebsht\u00eb aksesori ideal p\u00ebr t\u00eb mbajtur \u00e7do vakt t\u00eb nxeht\u00eb ose t\u00eb ftoht\u00eb, pa asnj\u00eb rrezik rrjedhjeje. Ai p\u00ebrshtatet kudo dhe \u00ebsht\u00eb i p\u00ebrsosur p\u00ebr udh\u00ebtime.<\/p>","protected":false},"featured_media":10232,"comment_status":"open","ping_status":"closed","template":"","meta":[],"product_brand":[],"product_cat":[251,253,252,264,427],"product_tag":[428],"class_list":{"0":"post-10153","1":"product","2":"type-product","3":"status-publish","4":"has-post-thumbnail","6":"product_cat-0-6-muaj","7":"product_cat-12-muaj","8":"product_cat-6-12-muaj","9":"product_cat-aksesore-ngrenieje","10":"product_cat-bbluv","11":"product_tag-bbluv","13":"first","14":"instock","15":"shipping-taxable","16":"purchasable","17":"product-type-variable"},"jetpack_sharing_enabled":true,"_links":{"self":[{"href":"https:\/\/nakedearth.al\/en\/wp-json\/wp\/v2\/product\/10153","targetHints":{"allow":["GET"]}}],"collection":[{"href":"https:\/\/nakedearth.al\/en\/wp-json\/wp\/v2\/product"}],"about":[{"href":"https:\/\/nakedearth.al\/en\/wp-json\/wp\/v2\/types\/product"}],"replies":[{"embeddable":true,"href":"https:\/\/nakedearth.al\/en\/wp-json\/wp\/v2\/comments?post=10153"}],"wp:featuredmedia":[{"embeddable":true,"href":"https:\/\/nakedearth.al\/en\/wp-json\/wp\/v2\/media\/10232"}],"wp:attachment":[{"href":"https:\/\/nakedearth.al\/en\/wp-json\/wp\/v2\/media?parent=10153"}],"wp:term":[{"taxonomy":"product_brand","embeddable":true,"href":"https:\/\/nakedearth.al\/en\/wp-json\/wp\/v2\/product_brand?post=10153"},{"taxonomy":"product_cat","embeddable":true,"href":"https:\/\/nakedearth.al\/en\/wp-json\/wp\/v2\/product_cat?post=10153"},{"taxonomy":"product_tag","embeddable":true,"href":"https:\/\/nakedearth.al\/en\/wp-json\/wp\/v2\/product_tag?post=10153"}],"curies":[{"name":"wp","href":"https:\/\/api.w.org\/{rel}","templated":true}]}}