{"id":10155,"date":"2021-10-09T20:07:12","date_gmt":"2021-10-09T18:07:12","guid":{"rendered":"https:\/\/nakedearth.al\/?post_type=product&#038;p=10155"},"modified":"2024-01-19T13:25:53","modified_gmt":"2024-01-19T12:25:53","slug":"mini-backpack-for-toddler","status":"publish","type":"product","link":"https:\/\/nakedearth.al\/en\/product\/mini-backpack-for-toddler\/","title":{"rendered":"Mini Backpack for Toddler"},"content":{"rendered":"<h2>bbl\u00fcv &#8211; Mini Backpack for Toddler<\/h2>\n<ul>\n<li>Kapacitet 2L me xhep t\u00eb brendsh\u00ebm<\/li>\n<li>Etiketa e emrit dhe adres\u00ebs brenda \u00e7ant\u00ebs<\/li>\n<li>Shiritat e shpin\u00ebs dhe shpatullave t\u00eb mbushura<\/li>\n<li>Kopset dhe parzmore t\u00eb rregullueshme<\/li>\n<li>P\u00eblhur\u00eb q\u00eb lahet, rezistente dhe e q\u00ebndrueshme<\/li>\n<li>P\u00ebrmasat: 29 cm x 16 cm x 12 cm<\/li>\n<\/ul>","protected":false},"excerpt":{"rendered":"<h2>P\u00e4k<\/h2>\n<p>Nj\u00eb \u00e7ant\u00eb shpine e p\u00ebrsosur me madh\u00ebsin\u00eb e nj\u00eb f\u00ebmije me litar sigurie t\u00eb l\u00ebvizsh\u00ebm p\u00ebr t&#8217;u dh\u00ebn\u00eb prind\u00ebrve kontroll n\u00eb vendet e ngarkuara duke inkurajuar f\u00ebmij\u00ebt t\u00eb fitojn\u00eb pavar\u00ebsin\u00eb.<\/p>","protected":false},"featured_media":10127,"comment_status":"open","ping_status":"closed","template":"","meta":[],"product_brand":[],"product_cat":[253,427,294,285],"product_tag":[428],"class_list":{"0":"post-10155","1":"product","2":"type-product","3":"status-publish","4":"has-post-thumbnail","6":"product_cat-12-muaj","7":"product_cat-bbluv","8":"product_cat-dhurata","9":"product_cat-udhetimi","10":"product_tag-bbluv","12":"first","13":"instock","14":"shipping-taxable","15":"purchasable","16":"product-type-variable"},"jetpack_sharing_enabled":true,"_links":{"self":[{"href":"https:\/\/nakedearth.al\/en\/wp-json\/wp\/v2\/product\/10155","targetHints":{"allow":["GET"]}}],"collection":[{"href":"https:\/\/nakedearth.al\/en\/wp-json\/wp\/v2\/product"}],"about":[{"href":"https:\/\/nakedearth.al\/en\/wp-json\/wp\/v2\/types\/product"}],"replies":[{"embeddable":true,"href":"https:\/\/nakedearth.al\/en\/wp-json\/wp\/v2\/comments?post=10155"}],"wp:featuredmedia":[{"embeddable":true,"href":"https:\/\/nakedearth.al\/en\/wp-json\/wp\/v2\/media\/10127"}],"wp:attachment":[{"href":"https:\/\/nakedearth.al\/en\/wp-json\/wp\/v2\/media?parent=10155"}],"wp:term":[{"taxonomy":"product_brand","embeddable":true,"href":"https:\/\/nakedearth.al\/en\/wp-json\/wp\/v2\/product_brand?post=10155"},{"taxonomy":"product_cat","embeddable":true,"href":"https:\/\/nakedearth.al\/en\/wp-json\/wp\/v2\/product_cat?post=10155"},{"taxonomy":"product_tag","embeddable":true,"href":"https:\/\/nakedearth.al\/en\/wp-json\/wp\/v2\/product_tag?post=10155"}],"curies":[{"name":"wp","href":"https:\/\/api.w.org\/{rel}","templated":true}]}}