{"id":10156,"date":"2021-10-09T20:09:35","date_gmt":"2021-10-09T18:09:35","guid":{"rendered":"https:\/\/nakedearth.al\/?post_type=product&#038;p=10156"},"modified":"2024-11-18T16:33:58","modified_gmt":"2024-11-18T15:33:58","slug":"videocamera-monitor-hd","status":"publish","type":"product","link":"https:\/\/nakedearth.al\/en\/product\/videocamera-monitor-hd\/","title":{"rendered":"Videocamera &amp; Monitor HD"},"content":{"rendered":"<h2>bbl\u00fcv &#8211; Videocamera &amp; Monitor HD<\/h2>\n<p>Me tingull t\u00eb aktivizuar me l\u00ebvizje t\u00eb mpreht\u00eb, C\u00e4m gjithashtu jep imazh me cil\u00ebsi HD gjat\u00eb dit\u00ebs dhe vizion infra t\u00eb kuqe gjat\u00eb nat\u00ebs. Ai gjithashtu p\u00ebrmban komunikim t\u00eb dyansh\u00ebm dhe funksione pan, anim dhe zmadhim n\u00eb kamer\u00eb. Mund t\u00eb zgjerohet n\u00eb nj\u00eb dhom\u00eb tjet\u00ebr me nj\u00eb aparat shtes\u00eb (shitet ve\u00e7mas).<\/p>\n<ul>\n<li>Ekran me ngjyra dhe vizion infra t\u00eb kuqe t\u00eb nat\u00ebs<\/li>\n<li>Ekran i ndar\u00eb krah p\u00ebr krah<\/li>\n<li>Kamera me pan, pjerr\u00ebsi, zmadhim, shk\u00eblqim dhe kontroll volumi<\/li>\n<li>Bateri me rimbushje<\/li>\n<li>Sensor temperature<\/li>\n<li>Gama e anten\u00ebs: 300 m<\/li>\n<li>Komplet p\u00ebr montimin n\u00eb mur<\/li>\n<li>Dimensionet e monitorit : 12.4 x 8.8 x 1.2 cm<\/li>\n<li>P\u00ebrmasat e kamer\u00ebs : 6.35 x 6.35 x 13.4 cm<\/li>\n<\/ul>","protected":false},"excerpt":{"rendered":"<h2>C\u00e4m<\/h2>\n<p>Nj\u00eb monitor i plot\u00eb dhe i q\u00ebndruesh\u00ebm p\u00ebr t\u00eb sjell\u00eb paqen e mendjes tek prind\u00ebrit e rinj. Tani mund t\u00eb v\u00ebzhgoni dashurin\u00eb tuaj t\u00eb \u00e7muar dit\u00eb e nat\u00eb, pa pasur nevoj\u00eb t\u00eb ecni n\u00eb dhom\u00eb dhe t\u00eb shqet\u00ebsoni gjumin e tyre t\u00eb nevojsh\u00ebm<\/p>","protected":false},"featured_media":10200,"comment_status":"open","ping_status":"closed","template":"","meta":[],"product_brand":[],"product_cat":[280,427,294,867,286,285],"product_tag":[428],"class_list":{"0":"post-10156","1":"product","2":"type-product","3":"status-publish","4":"has-post-thumbnail","6":"product_cat-aksesore-gjumi","7":"product_cat-bbluv","8":"product_cat-dhurata","9":"product_cat-maternity","10":"product_cat-siguria-ne-shtepi","11":"product_cat-udhetimi","12":"product_tag-bbluv","14":"first","15":"instock","16":"shipping-taxable","17":"purchasable","18":"product-type-simple"},"jetpack_sharing_enabled":true,"_links":{"self":[{"href":"https:\/\/nakedearth.al\/en\/wp-json\/wp\/v2\/product\/10156","targetHints":{"allow":["GET"]}}],"collection":[{"href":"https:\/\/nakedearth.al\/en\/wp-json\/wp\/v2\/product"}],"about":[{"href":"https:\/\/nakedearth.al\/en\/wp-json\/wp\/v2\/types\/product"}],"replies":[{"embeddable":true,"href":"https:\/\/nakedearth.al\/en\/wp-json\/wp\/v2\/comments?post=10156"}],"wp:featuredmedia":[{"embeddable":true,"href":"https:\/\/nakedearth.al\/en\/wp-json\/wp\/v2\/media\/10200"}],"wp:attachment":[{"href":"https:\/\/nakedearth.al\/en\/wp-json\/wp\/v2\/media?parent=10156"}],"wp:term":[{"taxonomy":"product_brand","embeddable":true,"href":"https:\/\/nakedearth.al\/en\/wp-json\/wp\/v2\/product_brand?post=10156"},{"taxonomy":"product_cat","embeddable":true,"href":"https:\/\/nakedearth.al\/en\/wp-json\/wp\/v2\/product_cat?post=10156"},{"taxonomy":"product_tag","embeddable":true,"href":"https:\/\/nakedearth.al\/en\/wp-json\/wp\/v2\/product_tag?post=10156"}],"curies":[{"name":"wp","href":"https:\/\/api.w.org\/{rel}","templated":true}]}}