{"id":10157,"date":"2021-10-09T20:11:05","date_gmt":"2021-10-09T18:11:05","guid":{"rendered":"https:\/\/nakedearth.al\/?post_type=product&#038;p=10157"},"modified":"2024-11-18T16:33:50","modified_gmt":"2024-11-18T15:33:50","slug":"baby-monitor-videocamera-wifi","status":"publish","type":"product","link":"https:\/\/nakedearth.al\/en\/product\/baby-monitor-videocamera-wifi\/","title":{"rendered":"Baby Monitor Videocamera WIFI"},"content":{"rendered":"<h2>bbl\u00fcv &#8211; Baby Monitor Videocamera WIFI<\/h2>\n<ul>\n<li>Lidhje WiFi me aplikacionin celular<\/li>\n<li>N\u00eb p\u00ebrputhje vet\u00ebm me rrjetet 2.4Ghz<\/li>\n<li>HD 1080p me vizion infra t\u00eb kuq<\/li>\n<li>Baza fleksibile p\u00ebr opsionet me shum\u00eb mb\u00ebshtetje<\/li>\n<li>Detektor i l\u00ebvizjes dhe z\u00ebrit<\/li>\n<li>Kamera t\u00eb shumta mund t\u00eb lidhen me aplikacionin (shiten ve\u00e7mas)<\/li>\n<li>Lidhet me aplikacionin n\u00eb App Store dhe Google Play<\/li>\n<\/ul>","protected":false},"excerpt":{"rendered":"<h2>Viy\u00fc<\/h2>\n<p>Fal\u00eb dizajnit t\u00eb tij inovator dhe aplikacionit celular t\u00eb leht\u00eb p\u00ebr t\u2019u p\u00ebrdorur, Viy\u00fc ve\u00e7ohet si nj\u00eb monitor i dobish\u00ebm dhe kompakt i foshnjave q\u00eb lidhet n\u00ebp\u00ebrmjet nj\u00eb lidhjeje interneti 2.4 Ghz.<\/p>","protected":false},"featured_media":10202,"comment_status":"open","ping_status":"closed","template":"","meta":[],"product_brand":[],"product_cat":[280,427,294,867,286,285],"product_tag":[428],"class_list":{"0":"post-10157","1":"product","2":"type-product","3":"status-publish","4":"has-post-thumbnail","6":"product_cat-aksesore-gjumi","7":"product_cat-bbluv","8":"product_cat-dhurata","9":"product_cat-maternity","10":"product_cat-siguria-ne-shtepi","11":"product_cat-udhetimi","12":"product_tag-bbluv","14":"first","15":"instock","16":"shipping-taxable","17":"purchasable","18":"product-type-simple"},"jetpack_sharing_enabled":true,"_links":{"self":[{"href":"https:\/\/nakedearth.al\/en\/wp-json\/wp\/v2\/product\/10157","targetHints":{"allow":["GET"]}}],"collection":[{"href":"https:\/\/nakedearth.al\/en\/wp-json\/wp\/v2\/product"}],"about":[{"href":"https:\/\/nakedearth.al\/en\/wp-json\/wp\/v2\/types\/product"}],"replies":[{"embeddable":true,"href":"https:\/\/nakedearth.al\/en\/wp-json\/wp\/v2\/comments?post=10157"}],"wp:featuredmedia":[{"embeddable":true,"href":"https:\/\/nakedearth.al\/en\/wp-json\/wp\/v2\/media\/10202"}],"wp:attachment":[{"href":"https:\/\/nakedearth.al\/en\/wp-json\/wp\/v2\/media?parent=10157"}],"wp:term":[{"taxonomy":"product_brand","embeddable":true,"href":"https:\/\/nakedearth.al\/en\/wp-json\/wp\/v2\/product_brand?post=10157"},{"taxonomy":"product_cat","embeddable":true,"href":"https:\/\/nakedearth.al\/en\/wp-json\/wp\/v2\/product_cat?post=10157"},{"taxonomy":"product_tag","embeddable":true,"href":"https:\/\/nakedearth.al\/en\/wp-json\/wp\/v2\/product_tag?post=10157"}],"curies":[{"name":"wp","href":"https:\/\/api.w.org\/{rel}","templated":true}]}}