{"id":10193,"date":"2021-10-09T23:16:55","date_gmt":"2021-10-09T21:16:55","guid":{"rendered":"https:\/\/nakedearth.al\/?post_type=product&#038;p=10193"},"modified":"2024-11-09T06:12:21","modified_gmt":"2024-11-09T05:12:21","slug":"silicone-plate-spoon","status":"publish","type":"product","link":"https:\/\/nakedearth.al\/en\/product\/silicone-plate-spoon\/","title":{"rendered":"Silicone Plate &#038; Spoon"},"content":{"rendered":"<h2>bbl\u00fcv &#8211; Silicone Plate &amp; Spoon<\/h2>\n<ul>\n<li>4 pjes\u00eb t\u00eb ndara<\/li>\n<li>Baza e fort\u00eb thith\u00ebse e integruar<\/li>\n<li>T\u00eb sigurt\u00eb p\u00ebr mikroval\u00eb dhe pjatalar\u00ebse<\/li>\n<li>P\u00ebrfshin nj\u00eb lug\u00eb t\u00eb but\u00eb dhe fleksib\u00ebl<\/li>\n<li>Silikoni i q\u00ebndruesh\u00ebm, rezistent ndaj njollave, hipo-alergjik dhe anti-bakterial<\/li>\n<li>Pa BPA dhe phthalate<\/li>\n<li>Dimensioni i pllak\u00ebs: 19 cm x 16 cm x 3,5 cm<\/li>\n<li>Dimensioni i lug\u00ebs: 13,9 cm x 3,1 cm x 1,35 cm<\/li>\n<\/ul>","protected":false},"excerpt":{"rendered":"<h2>Y\u00fcmi<\/h2>\n<p>M\u00ebsojeni vog\u00eblush\u00ebt tuaj t\u00eb haj\u00eb n\u00eb m\u00ebnyr\u00eb t\u00eb pavarur me Y\u00fcmi fal\u00eb skajit t\u00eb lakuar dhe baz\u00ebs me thithje. Plus, kat\u00ebr seksionet e ndara jan\u00eb ndarje t\u00eb ndara n\u00eb m\u00ebnyr\u00eb perfekte p\u00ebr t\u00eb siguruar ushqime t\u00eb balancuara.<\/p>","protected":false},"featured_media":10240,"comment_status":"open","ping_status":"closed","template":"","meta":[],"product_brand":[],"product_cat":[253,252,264,427,263,265],"product_tag":[428],"class_list":{"0":"post-10193","1":"product","2":"type-product","3":"status-publish","4":"has-post-thumbnail","6":"product_cat-12-muaj","7":"product_cat-6-12-muaj","8":"product_cat-aksesore-ngrenieje","9":"product_cat-bbluv","10":"product_cat-luge-pirun","11":"product_cat-pjata","12":"product_tag-bbluv","14":"first","15":"instock","16":"shipping-taxable","17":"purchasable","18":"product-type-variable"},"jetpack_sharing_enabled":true,"_links":{"self":[{"href":"https:\/\/nakedearth.al\/en\/wp-json\/wp\/v2\/product\/10193","targetHints":{"allow":["GET"]}}],"collection":[{"href":"https:\/\/nakedearth.al\/en\/wp-json\/wp\/v2\/product"}],"about":[{"href":"https:\/\/nakedearth.al\/en\/wp-json\/wp\/v2\/types\/product"}],"replies":[{"embeddable":true,"href":"https:\/\/nakedearth.al\/en\/wp-json\/wp\/v2\/comments?post=10193"}],"wp:featuredmedia":[{"embeddable":true,"href":"https:\/\/nakedearth.al\/en\/wp-json\/wp\/v2\/media\/10240"}],"wp:attachment":[{"href":"https:\/\/nakedearth.al\/en\/wp-json\/wp\/v2\/media?parent=10193"}],"wp:term":[{"taxonomy":"product_brand","embeddable":true,"href":"https:\/\/nakedearth.al\/en\/wp-json\/wp\/v2\/product_brand?post=10193"},{"taxonomy":"product_cat","embeddable":true,"href":"https:\/\/nakedearth.al\/en\/wp-json\/wp\/v2\/product_cat?post=10193"},{"taxonomy":"product_tag","embeddable":true,"href":"https:\/\/nakedearth.al\/en\/wp-json\/wp\/v2\/product_tag?post=10193"}],"curies":[{"name":"wp","href":"https:\/\/api.w.org\/{rel}","templated":true}]}}