{"id":10810,"date":"2021-12-03T23:30:44","date_gmt":"2021-12-03T22:30:44","guid":{"rendered":"https:\/\/nakedearth.al\/?post_type=product&#038;p=10810"},"modified":"2025-04-22T20:23:09","modified_gmt":"2025-04-22T18:23:09","slug":"electric-nail-trimer","status":"publish","type":"product","link":"https:\/\/nakedearth.al\/en\/product\/electric-nail-trimer\/","title":{"rendered":"Electric Nail Trimer"},"content":{"rendered":"<h2>bbl\u00fcv &#8211; Electric Nail Trimer<\/h2>\n<p class=\"tw-data-text tw-text-large tw-ta\" dir=\"ltr\" data-placeholder=\"Translation\"><span class=\"Y2IQFc\" lang=\"sq\">Mos u shqet\u00ebsoni m\u00eb p\u00ebr shpimin e gishtave t\u00eb vegj\u00ebl me Tr\u00efmo! Ky mjet i sigurt dhe i but\u00eb p\u00ebr prerjen e thonjve ju ndihmon t\u00eb prisni thonjt\u00eb e ndjesh\u00ebm t\u00eb foshnj\u00ebs pa dhimbje. Jini t\u00eb sigurt se disqet e buta do t&#8217;i gudulisin vet\u00ebm gishtat, duke e b\u00ebr\u00eb p\u00ebrvoj\u00ebn t\u00eb qet\u00eb dhe pa mundim.<\/span><\/p>\n<ul>\n<li id=\"tw-target-text\" class=\"tw-data-text tw-text-large tw-ta\" data-placeholder=\"Translation\"><span class=\"Y2IQFc\" lang=\"sq\">Jasht\u00ebzakonisht i qet\u00eb<\/span><\/li>\n<li class=\"tw-data-text tw-text-large tw-ta\" data-placeholder=\"Translation\"><span class=\"Y2IQFc\" lang=\"sq\">Buz\u00eb kund\u00ebr rr\u00ebshqitjes<\/span><\/li>\n<li class=\"tw-data-text tw-text-large tw-ta\" data-placeholder=\"Translation\"><span class=\"Y2IQFc\" lang=\"sq\">Nd\u00ebrprer\u00ebs me 2 shpejt\u00ebsi<\/span><\/li>\n<li class=\"tw-data-text tw-text-large tw-ta\" data-placeholder=\"Translation\"><span class=\"Y2IQFc\" lang=\"sq\">P\u00ebrfshin 4 disqe skedari t\u00eb z\u00ebvend\u00ebsuesh\u00ebm, nj\u00eb p\u00ebr \u00e7do faz\u00eb<\/span><\/li>\n<li class=\"tw-data-text tw-text-large tw-ta\" data-placeholder=\"Translation\"><span class=\"Y2IQFc\" lang=\"sq\">Disqet shtes\u00eb t\u00eb skedarit n\u00eb dispozicion (shiten ve\u00e7mas)<\/span><\/li>\n<li class=\"tw-data-text tw-text-large tw-ta\" data-placeholder=\"Translation\"><span class=\"Y2IQFc\" lang=\"sq\">P\u00ebrfshin nj\u00eb kuti mbajt\u00ebse dhe mbajt\u00ebse<\/span><\/li>\n<li class=\"tw-data-text tw-text-large tw-ta\" data-placeholder=\"Translation\"><span class=\"Y2IQFc\" lang=\"sq\">K\u00ebrkon 1 bateri AA (nuk p\u00ebrfshihet)<\/span><\/li>\n<li class=\"tw-data-text tw-text-large tw-ta\" data-placeholder=\"Translation\"><span class=\"Y2IQFc\" lang=\"sq\">P\u00ebrmasat: 12 cm x 4,8 cm x 3,3 cm<\/span><\/li>\n<\/ul>","protected":false},"excerpt":{"rendered":"<h2>Trim\u00f6<\/h2>\n<p><span class=\"Y2IQFc\" lang=\"sq\">Ky mjet i sigurt dhe i but\u00eb p\u00ebr prerjen e thonjve ju ndihmon t\u00eb prisni thonjt\u00eb e ndjesh\u00ebm t\u00eb foshnj\u00ebs pa dhimbje.<\/span><\/p>","protected":false},"featured_media":10794,"comment_status":"open","ping_status":"closed","template":"","meta":[],"product_brand":[],"product_cat":[427,257,867],"product_tag":[428],"class_list":{"0":"post-10810","1":"product","2":"type-product","3":"status-publish","4":"has-post-thumbnail","6":"product_cat-bbluv","7":"product_cat-higjena-personale","8":"product_cat-maternity","9":"product_tag-bbluv","11":"first","12":"instock","13":"shipping-taxable","14":"purchasable","15":"product-type-simple"},"jetpack_sharing_enabled":true,"_links":{"self":[{"href":"https:\/\/nakedearth.al\/en\/wp-json\/wp\/v2\/product\/10810","targetHints":{"allow":["GET"]}}],"collection":[{"href":"https:\/\/nakedearth.al\/en\/wp-json\/wp\/v2\/product"}],"about":[{"href":"https:\/\/nakedearth.al\/en\/wp-json\/wp\/v2\/types\/product"}],"replies":[{"embeddable":true,"href":"https:\/\/nakedearth.al\/en\/wp-json\/wp\/v2\/comments?post=10810"}],"wp:featuredmedia":[{"embeddable":true,"href":"https:\/\/nakedearth.al\/en\/wp-json\/wp\/v2\/media\/10794"}],"wp:attachment":[{"href":"https:\/\/nakedearth.al\/en\/wp-json\/wp\/v2\/media?parent=10810"}],"wp:term":[{"taxonomy":"product_brand","embeddable":true,"href":"https:\/\/nakedearth.al\/en\/wp-json\/wp\/v2\/product_brand?post=10810"},{"taxonomy":"product_cat","embeddable":true,"href":"https:\/\/nakedearth.al\/en\/wp-json\/wp\/v2\/product_cat?post=10810"},{"taxonomy":"product_tag","embeddable":true,"href":"https:\/\/nakedearth.al\/en\/wp-json\/wp\/v2\/product_tag?post=10810"}],"curies":[{"name":"wp","href":"https:\/\/api.w.org\/{rel}","templated":true}]}}