{"id":10811,"date":"2021-12-03T23:42:57","date_gmt":"2021-12-03T22:42:57","guid":{"rendered":"https:\/\/nakedearth.al\/?post_type=product&#038;p=10811"},"modified":"2024-11-18T16:32:48","modified_gmt":"2024-11-18T15:32:48","slug":"ergonomic-headrest-for-baby","status":"publish","type":"product","link":"https:\/\/nakedearth.al\/en\/product\/ergonomic-headrest-for-baby\/","title":{"rendered":"Ergonomic Headrest for Baby"},"content":{"rendered":"<h2>bbl\u00fcv &#8211; Ergonomic Headrest for Baby<\/h2>\n<p class=\"tw-data-text tw-text-large tw-ta\" dir=\"ltr\" data-placeholder=\"Translation\"><span class=\"Y2IQFc\" lang=\"sq\">Pil\u00f6 \u00ebsht\u00eb nj\u00eb jast\u00ebk n\u00eb form\u00eb foleje q\u00eb ndihmon n\u00eb parandalimin e plagiocefalis\u00eb pozicionale (Sindroma e kok\u00ebs s\u00eb shesht\u00eb) duke leht\u00ebsuar \u00e7do presion n\u00eb pjes\u00ebn e pasme t\u00eb kok\u00ebs dhe qaf\u00ebs s\u00eb foshnj\u00ebs dhe duke e mbajtur at\u00eb n\u00eb linj\u00eb. E lar\u00eb dhe e frym\u00ebmarrjes, ndihmon n\u00eb zhvillimin e nj\u00eb kafke t\u00eb rrumbullakosur dhe t\u00eb sh\u00ebndetshme. Mund t\u00eb p\u00ebrdoret q\u00eb nga lindja deri n\u00eb rrokullisjen e par\u00eb t\u00eb foshnj\u00ebs n\u00eb bark.<\/span><\/p>\n<ul>\n<li class=\"tw-data-text tw-text-large tw-ta\" dir=\"ltr\" data-placeholder=\"Translation\"><span class=\"Y2IQFc\" lang=\"sq\">P\u00ebrdorimi universal n\u00eb krevat f\u00ebmij\u00ebsh, koshk\u00eb, kosh, palest\u00ebr p\u00ebr f\u00ebmij\u00eb, makin\u00eb, sedilje g\u00ebnjeshtare, l\u00ebkundje, karroc\u00eb f\u00ebmij\u00ebsh ose n\u00eb M\u00fclti ose n\u00eb \u00e7do rrogoz.<\/span><\/li>\n<li class=\"tw-data-text tw-text-large tw-ta\" dir=\"ltr\" data-placeholder=\"Translation\"><span class=\"Y2IQFc\" lang=\"sq\">E p\u00ebrkryer p\u00ebr t\u00eb udh\u00ebtuar<\/span><\/li>\n<li class=\"tw-data-text tw-text-large tw-ta\" dir=\"ltr\" data-placeholder=\"Translation\"><span class=\"Y2IQFc\" lang=\"sq\">Leht\u00eb p\u00ebr t&#8217;u p\u00ebrdorur,\u00a0pastrohet dhe lahet n\u00eb makin\u00eb<\/span><\/li>\n<li class=\"tw-data-text tw-text-large tw-ta\" dir=\"ltr\" data-placeholder=\"Translation\"><span class=\"Y2IQFc\" lang=\"sq\">P\u00ebrmasat: 23,6 cm x 21,6 cm x 3,3 cm<\/span><\/li>\n<\/ul>","protected":false},"excerpt":{"rendered":"<h2>Pil\u00f6<\/h2>\n<p><span class=\"Y2IQFc\" lang=\"sq\">Nj\u00eb jast\u00ebk n\u00eb form\u00eb foleje q\u00eb ndihmon n\u00eb parandalimin e plagiocefalis\u00eb pozicionale (Sindroma e kok\u00ebs s\u00eb shesht\u00eb) duke leht\u00ebsuar \u00e7do presion n\u00eb pjes\u00ebn e pasme t\u00eb kok\u00ebs dhe qaf\u00ebs s\u00eb foshnj\u00ebs dhe duke e mbajtur at\u00eb n\u00eb linj\u00eb.<\/span><\/p>\n<p>&nbsp;<\/p>","protected":false},"featured_media":10784,"comment_status":"open","ping_status":"closed","template":"","meta":[],"product_brand":[],"product_cat":[251,427,274,867],"product_tag":[428],"class_list":{"0":"post-10811","1":"product","2":"type-product","3":"status-publish","4":"has-post-thumbnail","6":"product_cat-0-6-muaj","7":"product_cat-bbluv","8":"product_cat-jastek","9":"product_cat-maternity","10":"product_tag-bbluv","12":"first","13":"instock","14":"shipping-taxable","15":"purchasable","16":"product-type-variable"},"jetpack_sharing_enabled":true,"_links":{"self":[{"href":"https:\/\/nakedearth.al\/en\/wp-json\/wp\/v2\/product\/10811","targetHints":{"allow":["GET"]}}],"collection":[{"href":"https:\/\/nakedearth.al\/en\/wp-json\/wp\/v2\/product"}],"about":[{"href":"https:\/\/nakedearth.al\/en\/wp-json\/wp\/v2\/types\/product"}],"replies":[{"embeddable":true,"href":"https:\/\/nakedearth.al\/en\/wp-json\/wp\/v2\/comments?post=10811"}],"wp:featuredmedia":[{"embeddable":true,"href":"https:\/\/nakedearth.al\/en\/wp-json\/wp\/v2\/media\/10784"}],"wp:attachment":[{"href":"https:\/\/nakedearth.al\/en\/wp-json\/wp\/v2\/media?parent=10811"}],"wp:term":[{"taxonomy":"product_brand","embeddable":true,"href":"https:\/\/nakedearth.al\/en\/wp-json\/wp\/v2\/product_brand?post=10811"},{"taxonomy":"product_cat","embeddable":true,"href":"https:\/\/nakedearth.al\/en\/wp-json\/wp\/v2\/product_cat?post=10811"},{"taxonomy":"product_tag","embeddable":true,"href":"https:\/\/nakedearth.al\/en\/wp-json\/wp\/v2\/product_tag?post=10811"}],"curies":[{"name":"wp","href":"https:\/\/api.w.org\/{rel}","templated":true}]}}