{"id":10996,"date":"2022-01-19T17:30:23","date_gmt":"2022-01-19T16:30:23","guid":{"rendered":"https:\/\/nakedearth.al\/?post_type=product&#038;p=10996"},"modified":"2026-02-14T21:38:53","modified_gmt":"2026-02-14T20:38:53","slug":"vitamin-c-drops-30ml","status":"publish","type":"product","link":"https:\/\/nakedearth.al\/en\/product\/vitamin-c-drops-30ml\/","title":{"rendered":"Vitamin C Drops &#8211; 30ml"},"content":{"rendered":"<h2>Colief Vitamin C Drops &#8211; 30ml<\/h2>\n<h3>R\u00ebnd\u00ebsia e sistemit imunitar tek e gjith\u00eb familja.<\/h3>\n<p>Colief Vitamin C Drops \u00ebsht\u00eb nj\u00eb suplement ushqimor i pasur me vitamin\u00eb C dhe pa maja, gluten, mis\u00ebr, niseshte, grur\u00eb, arra, soje dhe bulmet. E shtuar leht\u00ebsisht n\u00eb qum\u00ebsht ose l\u00ebng, mund t\u00eb merret nga f\u00ebmij\u00ebt e mosh\u00ebs nj\u00eb vje\u00e7 e lart. Colief Vitamina C Drops \u00ebsht\u00eb nj\u00eb suplement ditor i p\u00ebrshtatsh\u00ebm, pa sheqer dhe prodhohet pa shije, ngjyra ose konservues artificial\u00eb.<\/p>\n<p>I p\u00ebrshtatsh\u00ebm p\u00ebr t\u00eb gjith\u00eb familjen.<\/p>\n<p>LINK: Bashk\u00eb me Vitamin\u00ebn C merrni dhe Vitamin\u00ebn D. Nj\u00eb produkt e p\u00ebrdorni t\u00eb gjith\u00eb.<\/p>\n<h3>Si ta p\u00ebdor?<\/h3>\n<table border=\"0\" width=\"793\" cellspacing=\"0\" cellpadding=\"0\">\n<colgroup>\n<col width=\"111\" \/>\n<col width=\"589\" \/>\n<col width=\"93\" \/><\/colgroup>\n<tbody>\n<tr>\n<td class=\"xl65\" width=\"111\" height=\"29\"><strong>Mosha<\/strong><\/td>\n<td class=\"xl65\" width=\"589\"><strong>Marrja e rekomanduar ditore: dhe p\u00ebrmbajtja e vitamin\u00ebs C<\/strong><\/td>\n<td class=\"xl65\" width=\"93\"><strong>VRLU%*<\/strong><\/td>\n<\/tr>\n<tr>\n<td class=\"xl66\" height=\"29\">1-3 vje\u00e7<\/td>\n<td class=\"xl66\">Deri n\u00eb 9 pika (45 mg)<\/td>\n<td class=\"xl67\" align=\"right\">56%<\/td>\n<\/tr>\n<tr>\n<td class=\"xl66\" height=\"29\">4-14 vje\u00e7<\/td>\n<td class=\"xl66\">Deri n\u00eb 10 pika (50 mg)<\/td>\n<td class=\"xl67\" align=\"right\">63%<\/td>\n<\/tr>\n<tr>\n<td class=\"xl66\" height=\"29\">15-18 vje\u00e7<\/td>\n<td class=\"xl66\">Deri n\u00eb 15 pika (75 mg)<\/td>\n<td class=\"xl67\" align=\"right\">94%<\/td>\n<\/tr>\n<tr>\n<td class=\"xl66\" height=\"29\">18+ vje\u00e7<\/td>\n<td class=\"xl66\">Deri n\u00eb 20 pika \u00a0(100 mg)<\/td>\n<td class=\"xl67\" align=\"right\">125%<\/td>\n<\/tr>\n<tr>\n<td class=\"xl69\" colspan=\"3\" height=\"25\">VRLU *Vlera e referenc\u00ebs s\u00eb l\u00ebnd\u00ebve ushqyese<\/td>\n<\/tr>\n<tr>\n<td class=\"xl68\" colspan=\"3\" rowspan=\"4\" width=\"793\" height=\"88\">Mos e tejkaloni marrjen e rekomanduar. Nj\u00eb shtes\u00eb ushqimore nuk \u00ebsht\u00eb nj\u00eb z\u00ebvend\u00ebsim p\u00ebr<br \/>\nnj\u00eb diet\u00eb t\u00eb larmishme dhe nj\u00eb m\u00ebnyr\u00eb jetese t\u00eb sh\u00ebndetshme. Konsumimi i tep\u00ebrt mund t\u00eb prodhoj\u00eb efekte laksative.<\/td>\n<\/tr>\n<\/tbody>\n<\/table>\n<h3>D\u00ebshironi disa k\u00ebshilla?<\/h3>\n<p>Vitamina C \u00ebsht\u00eb nj\u00eb vitamin\u00eb thelb\u00ebsore, q\u00eb do t\u00eb thot\u00eb se trupi juaj nuk mund ta prodhoj\u00eb at\u00eb. \u00cbsht\u00eb e tretshme n\u00eb uj\u00eb dhe gjendet n\u00eb shum\u00eb fruta dhe perime, duke p\u00ebrfshir\u00eb portokajt, luleshtrydhet, kivit, specat, brokolit, lakrat jeshile dhe spinaqin. P\u00ebrpiquni t\u2019i p\u00ebrfshini k\u00ebto ushqime n\u00eb diet\u00ebn tuaj dhe t\u00eb f\u00ebmij\u00ebs suaj.<\/p>\n<p>Hani frutat dhe perimet tuaja t\u00eb gjalla sa her\u00eb q\u00eb t\u00eb jet\u00eb e mundur. Kur i gatuani, ju zhvishni ushqimin nga disa nga l\u00ebnd\u00ebt ushqyese t\u00eb tij jetike. Gatimi ndikon ve\u00e7an\u00ebrisht n\u00eb vitaminat e tretshme n\u00eb uj\u00eb, si vitamina C. Mbani nj\u00eb tas me fruta t\u00eb pasura me vitamin\u00eb C n\u00eb sht\u00ebpi p\u00ebr t\u2019i p\u00ebrdorur her\u00eb pas here.<\/p>\n<h3>P\u00ebrber\u00ebsit:<\/h3>\n<p>\u00c7do pik\u00eb p\u00ebrmban 5 mg vitamin\u00eb C.<\/p>\n<p>Glicerina, acidi L-askorbik (vitamina C). Alergjen\u00ebt e sh\u00ebnuar me shkronja t\u00eb zeza.<\/p>\n<h3>Kujdes!<\/h3>\n<p>Ruajeni n\u00ebn 25\u00b0C n\u00eb paketimin origjinal p\u00ebr t&#8217;u mbrojtur nga drita dhe lag\u00ebshtia. Ju lutemi hidhni produktin 12 muaj pas hapjes.<\/p>\n<p>Mbajeni larg syrit dhe kapjes s\u00eb f\u00ebmij\u00ebve. Mbajeni kapakun t\u00eb mbyllur kur nuk e p\u00ebrdorni. Mos e p\u00ebrdorni n\u00ebse kapaku \u00ebsht\u00eb i prishur.<\/p>","protected":false},"excerpt":{"rendered":"<h3>P\u00ebrforcimi ditor I sistemit imunitar.<\/h3>\n<p>Colief ka krijuar Colief Vitamin C Drops, p\u00ebr t\u2019ju ndihmuar t\u00eb mb\u00ebshtesni mir\u00ebqenien e f\u00ebmij\u00ebs suaj n\u00eb vitet e hershme. P\u00ebrve\u00e7 mb\u00ebshtetjes s\u00eb sistemit imunitar dhe p\u00ebrthithjes s\u00eb hekurit, Vitamina C gjithashtu ndihmon n\u00eb prodhimin e kolagjenit, i cili \u00ebsht\u00eb i nevojsh\u00ebm p\u00ebr formimin e en\u00ebve t\u00eb gjakut, kockave, k\u00ebrcit, mishrave t\u00eb dh\u00ebmb\u00ebve, l\u00ebkur\u00ebs dhe dh\u00ebmb\u00ebve.<\/p>\n<p>&nbsp;<\/p>","protected":false},"featured_media":10988,"comment_status":"open","ping_status":"closed","template":"","meta":[],"product_brand":[],"product_cat":[554],"product_tag":[952,953,954,955,566],"class_list":{"0":"post-10996","1":"product","2":"type-product","3":"status-publish","4":"has-post-thumbnail","6":"product_cat-colief","7":"product_tag-baby","8":"product_tag-children","9":"product_tag-health","10":"product_tag-strength","11":"product_tag-vitamins","13":"first","14":"instock","15":"shipping-taxable","16":"purchasable","17":"product-type-simple"},"jetpack_sharing_enabled":true,"_links":{"self":[{"href":"https:\/\/nakedearth.al\/en\/wp-json\/wp\/v2\/product\/10996","targetHints":{"allow":["GET"]}}],"collection":[{"href":"https:\/\/nakedearth.al\/en\/wp-json\/wp\/v2\/product"}],"about":[{"href":"https:\/\/nakedearth.al\/en\/wp-json\/wp\/v2\/types\/product"}],"replies":[{"embeddable":true,"href":"https:\/\/nakedearth.al\/en\/wp-json\/wp\/v2\/comments?post=10996"}],"wp:featuredmedia":[{"embeddable":true,"href":"https:\/\/nakedearth.al\/en\/wp-json\/wp\/v2\/media\/10988"}],"wp:attachment":[{"href":"https:\/\/nakedearth.al\/en\/wp-json\/wp\/v2\/media?parent=10996"}],"wp:term":[{"taxonomy":"product_brand","embeddable":true,"href":"https:\/\/nakedearth.al\/en\/wp-json\/wp\/v2\/product_brand?post=10996"},{"taxonomy":"product_cat","embeddable":true,"href":"https:\/\/nakedearth.al\/en\/wp-json\/wp\/v2\/product_cat?post=10996"},{"taxonomy":"product_tag","embeddable":true,"href":"https:\/\/nakedearth.al\/en\/wp-json\/wp\/v2\/product_tag?post=10996"}],"curies":[{"name":"wp","href":"https:\/\/api.w.org\/{rel}","templated":true}]}}