{"id":10997,"date":"2022-01-19T17:30:38","date_gmt":"2022-01-19T16:30:38","guid":{"rendered":"https:\/\/nakedearth.al\/?post_type=product&#038;p=10997"},"modified":"2026-02-14T21:36:54","modified_gmt":"2026-02-14T20:36:54","slug":"vitamin-d3-drops-20ml","status":"publish","type":"product","link":"https:\/\/nakedearth.al\/en\/product\/vitamin-d3-drops-20ml\/","title":{"rendered":"Vitamin D3 Drops &#8211; 20ml"},"content":{"rendered":"<h2>Colief Vitamin D3 Drops &#8211; 20ml<\/h2>\n<h3>Nj\u00eb pik\u00eb diell<\/h3>\n<p>Vitamina D \u00ebsht\u00eb e r\u00ebnd\u00ebsishme p\u00ebr fuqin\u00eb dhe zhvillimin e kockave, k\u00ebshtu q\u00eb \u00ebsht\u00eb ve\u00e7an\u00ebrisht e r\u00ebnd\u00ebsishme p\u00ebr foshnjat dhe f\u00ebmij\u00ebt. Rritja e niveleve t\u00eb vitamin\u00ebs D t\u00eb f\u00ebmij\u00ebs suaj e mbron at\u00eb nga efektet m\u00eb serioze t\u00eb munges\u00ebs, si\u00e7 \u00ebsht\u00eb rakitizmi, nj\u00eb \u00e7rregullim i kockave n\u00eb f\u00ebmij\u00ebri.<\/p>\n<p>Colief\u00ae Vitamin D3 Drops \u00ebsht\u00eb nj\u00eb suplement ushqimor i pasur me vitamin\u00eb D3 dhe zgjidhja ideale p\u00ebr sigurimin e doz\u00ebs s\u00eb k\u00ebrkuar t\u00eb vitamin\u00ebs D3. Pikat nuk p\u00ebrmbajn\u00eb aromatizues, sheqer t\u00eb shtuar, konservues ose ngjyrues.<\/p>\n<p>I p\u00ebrshtatsh\u00ebm p\u00ebr t\u00eb gjith\u00eb familjen.<\/p>\n<p>LINK: Bashk\u00eb me Vitamin\u00ebn D merrni dhe Vitamin\u00ebn C. Nj\u00eb produkt e p\u00ebrdorni t\u00eb gjith\u00eb.<\/p>\n<h3>Si ta p\u00ebdor?<\/h3>\n<p>P\u00ebrzieni pikat Colief\u00ae Vitamin D3 me ushqim ose pije. N\u00eb rastin e foshnjave, ato mund t\u00eb jepen edhe direkt nga goja.<br \/>\n*I pap\u00ebrshtatsh\u00ebm p\u00ebr foshnjat q\u00eb konsumojn\u00eb 500 ml ose m\u00eb shum\u00eb qum\u00ebsht formula n\u00eb dit\u00eb.<\/p>\n<h3>D\u00ebshironi disa k\u00ebshilla?<\/h3>\n<p>Sigurohuni q\u00eb ju dhe f\u00ebmij\u00ebt tuaj t\u00eb kaloni pak koh\u00eb jasht\u00eb \u00e7do dit\u00eb gjat\u00eb muajve t\u00eb ver\u00ebs. Mos harroni t\u00eb p\u00ebrdorni krem \u200b\u200bkund\u00ebr diellit p\u00ebr t\u00eb parandaluar djegien nga dielli.<br \/>\nDisa ushqime jan\u00eb t\u00eb pasura me vitamin\u00eb D, duke p\u00ebrfshir\u00eb kosin, disa drith\u00ebra dhe buka. Mundohuni t\u2019i p\u00ebrfshini k\u00ebto n\u00eb diet\u00ebn tuaj dhe hani peshk me vaj nj\u00eb ose dy her\u00eb n\u00eb jav\u00eb.<br \/>\nMerrni nj\u00eb suplement ditor t\u00eb vitamin\u00ebs D3<\/p>\n<h3>P\u00ebrber\u00ebsit:<\/h3>\n<p>\u00c7do pik\u00eb p\u00ebrmban vitamin\u00eb D3 5\u03bcg (200IU).<\/p>\n<p>Trigliceridet me zinxhir t\u00eb mes\u00ebm, vitamina D3 (kolekalciferol). Alergjen\u00ebt e sh\u00ebnuar me shkronja t\u00eb zeza.<br \/>\nNuk p\u00ebrmban aromatizues, sheqer t\u00eb shtuar, konservues, ngjyrues.<\/p>\n<h3>Kujdes!<\/h3>\n<p>Ruajeni n\u00ebn 25\u00b0C n\u00eb paketimin origjinal p\u00ebr t&#8217;u mbrojtur nga drita dhe lag\u00ebshtia. Ju lutemi hidhni produktin 12 muaj pas hapjes.<\/p>\n<p>\u2020Jo i p\u00ebrshtatsh\u00ebm p\u00ebr foshnjat q\u00eb konsumojn\u00eb 500 ml ose m\u00eb shum\u00eb qum\u00ebsht formule n\u00eb dit\u00eb.<br \/>\nMos e tejkaloni marrjen e rekomanduar. Nj\u00eb shtes\u00eb ushqimore nuk \u00ebsht\u00eb nj\u00eb z\u00ebvend\u00ebsim p\u00ebr<br \/>\nnj\u00eb diet\u00eb t\u00eb larmishme dhe nj\u00eb m\u00ebnyr\u00eb jetese t\u00eb sh\u00ebndetshme. Mbajeni larg syrit dhe kapjes s\u00eb f\u00ebmij\u00ebve. Mbajeni kapakun t\u00eb mbyllur kur nuk e p\u00ebrdorni. Mos e p\u00ebrdorni n\u00ebse kapaku \u00ebsht\u00eb i prishur.<\/p>","protected":false},"excerpt":{"rendered":"<h3>Vitamina e diellit p\u00ebr mb\u00ebshtetjen e imunitetit.<\/h3>\n<p>Vitamina D kontribuon n\u00eb rritjen dhe zhvillimin normal t\u00eb kockave tek f\u00ebmij\u00ebt dhe ruajtjen e rritjes s\u00eb kockave tek t\u00eb rriturit. Gjithashtu ndihmon n\u00eb ruajtjen e funksionit normal t\u00eb sistemit imunitar. Vitamina D mund t\u00eb p\u00ebrthithet n\u00ebp\u00ebrmjet marrjes s\u00eb ushqimit ose mund t\u00eb formohet n\u00eb l\u00ebkur\u00eb n\u00ebn ndikimin e drit\u00ebs s\u00eb diellit.<\/p>","protected":false},"featured_media":10989,"comment_status":"open","ping_status":"closed","template":"","meta":[],"product_brand":[],"product_cat":[251,253,252,554],"product_tag":[952,953,954,955,566],"class_list":{"0":"post-10997","1":"product","2":"type-product","3":"status-publish","4":"has-post-thumbnail","6":"product_cat-0-6-muaj","7":"product_cat-12-muaj","8":"product_cat-6-12-muaj","9":"product_cat-colief","10":"product_tag-baby","11":"product_tag-children","12":"product_tag-health","13":"product_tag-strength","14":"product_tag-vitamins","16":"first","17":"instock","18":"virtual","19":"purchasable","20":"product-type-simple"},"jetpack_sharing_enabled":true,"_links":{"self":[{"href":"https:\/\/nakedearth.al\/en\/wp-json\/wp\/v2\/product\/10997","targetHints":{"allow":["GET"]}}],"collection":[{"href":"https:\/\/nakedearth.al\/en\/wp-json\/wp\/v2\/product"}],"about":[{"href":"https:\/\/nakedearth.al\/en\/wp-json\/wp\/v2\/types\/product"}],"replies":[{"embeddable":true,"href":"https:\/\/nakedearth.al\/en\/wp-json\/wp\/v2\/comments?post=10997"}],"wp:featuredmedia":[{"embeddable":true,"href":"https:\/\/nakedearth.al\/en\/wp-json\/wp\/v2\/media\/10989"}],"wp:attachment":[{"href":"https:\/\/nakedearth.al\/en\/wp-json\/wp\/v2\/media?parent=10997"}],"wp:term":[{"taxonomy":"product_brand","embeddable":true,"href":"https:\/\/nakedearth.al\/en\/wp-json\/wp\/v2\/product_brand?post=10997"},{"taxonomy":"product_cat","embeddable":true,"href":"https:\/\/nakedearth.al\/en\/wp-json\/wp\/v2\/product_cat?post=10997"},{"taxonomy":"product_tag","embeddable":true,"href":"https:\/\/nakedearth.al\/en\/wp-json\/wp\/v2\/product_tag?post=10997"}],"curies":[{"name":"wp","href":"https:\/\/api.w.org\/{rel}","templated":true}]}}