{"id":11278,"date":"2022-02-23T17:14:19","date_gmt":"2022-02-23T16:14:19","guid":{"rendered":"https:\/\/nakedearth.al\/?post_type=product&#038;p=11278"},"modified":"2025-08-18T16:29:36","modified_gmt":"2025-08-18T14:29:36","slug":"peceta-me-e-paster-ne-bote-per-femijet-multipack-4","status":"publish","type":"product","link":"https:\/\/nakedearth.al\/en\/product\/peceta-me-e-paster-ne-bote-per-femijet-multipack-4\/","title":{"rendered":"Peceta m\u00eb e past\u00ebr n\u00eb bot\u00eb p\u00ebr f\u00ebmij\u00ebt &#8211; Multipack 4"},"content":{"rendered":"<h2>Krijuar nga nj\u00eb baba p\u00ebr vajz\u00ebn e tij.<\/h2>\n<p>Letra e lagur \u00ebsht\u00eb nj\u00eb nd\u00ebr produktet kryesore kur lind nj\u00eb bebe, zgjidhni me kujdes p\u00ebr l\u00ebkur\u00ebn m\u00eb t\u00eb but\u00eb q\u00eb ekziston&#8230;ajo e bebit tuaj.\u00a0E dashur nga prind\u00ebrit dhe e miratuar nga Profesionist\u00ebt e Kujdesit Sh\u00ebndet\u00ebsor n\u00eb t\u00eb gjith\u00eb bot\u00ebn, fal\u00eb ngjashm\u00ebris\u00eb me pambukun dhe ujin. Dhe sikur kjo t\u00eb mos mjaftonte, 97% e mamive besojn\u00eb se WaterWipes jan\u00eb t\u00eb p\u00ebrshtatshme n\u00eb l\u00ebkur\u00ebn e foshnjeve t\u00eb porsalindura.<\/p>\n<p>Paketimi i ri: 4 pako WaterWipes me 60 peceta<\/p>\n<p>Mos harroni q\u00eb p\u00ebr \u00e7ant\u00ebn tuaj mund t\u00eb merrnin paketimin m\u00eb komod <a href=\"https:\/\/nakedearth.al\/en\/product\/waterwipes-peceta-me-e-paster-ne-bote-per-femijet-28-peceta\/\">k\u00ebtu.<\/a><\/p>\n<h4>Kujdesemi p\u00ebr natyr\u00ebn<\/h4>\n<p>Pecetat e lagura WaterWipes tani jan\u00eb gjithashtu t\u00eb BIODEGRADUESHME dhe pa plastik\u00eb.<br \/>\nAsgj\u00eb tjet\u00ebr nuk ka ndryshuar. Jan\u00eb ende pecetat m\u00eb t\u00eb pastra n\u00eb bot\u00eb, por tani jan\u00eb m\u00eb t\u00eb mira edhe p\u00ebr planetin ton\u00eb.<\/p>\n<h4>P\u00ebrber\u00ebsit:<\/h4>\n<p>&#8211; Uji (Aqua) 99.9%<\/p>\n<p>&#8211; Ekstrakt i far\u00ebs Citrus Grandis (grejpfrut)<\/p>","protected":false},"excerpt":{"rendered":"<h3>99,9% uj\u00eb dhe nj\u00eb pik\u00eb ekstrakt frutash.<\/h3>\n<p>Tashm\u00eb n\u00eb paketimin me 4 pako, p\u00ebr t\u00eb gjith\u00eb muajin.<\/p>\n<p>A ka di\u00e7ka m\u00eb t\u00eb past\u00ebr se uji? T\u00eb p\u00ebrshtatsh\u00ebm p\u00ebr l\u00ebkur\u00ebn m\u00eb t\u00eb ndjeshme, t\u00eb porsalindur dhe t\u00eb bebeve premature. B\u00ebr\u00eb me vet\u00ebm dy p\u00ebrb\u00ebr\u00ebs. Pecetat WaterWipes jan\u00eb m\u00eb t\u00eb pastra se pambukut dhe uji.<\/p>","protected":false},"featured_media":11275,"comment_status":"open","ping_status":"closed","template":"","meta":[],"product_brand":[],"product_cat":[251,253,252,257,266,254,399],"product_tag":[426,557],"class_list":{"0":"post-11278","1":"product","2":"type-product","3":"status-publish","4":"has-post-thumbnail","6":"product_cat-0-6-muaj","7":"product_cat-12-muaj","8":"product_cat-6-12-muaj","9":"product_cat-higjena-personale","10":"product_cat-koha-e-larjes","11":"product_cat-kryesore","12":"product_cat-water-wipes","13":"product_tag-ezpz","14":"product_tag-kendamil","16":"first","17":"instock","18":"shipping-taxable","19":"purchasable","20":"product-type-simple"},"jetpack_sharing_enabled":true,"_links":{"self":[{"href":"https:\/\/nakedearth.al\/en\/wp-json\/wp\/v2\/product\/11278","targetHints":{"allow":["GET"]}}],"collection":[{"href":"https:\/\/nakedearth.al\/en\/wp-json\/wp\/v2\/product"}],"about":[{"href":"https:\/\/nakedearth.al\/en\/wp-json\/wp\/v2\/types\/product"}],"replies":[{"embeddable":true,"href":"https:\/\/nakedearth.al\/en\/wp-json\/wp\/v2\/comments?post=11278"}],"wp:featuredmedia":[{"embeddable":true,"href":"https:\/\/nakedearth.al\/en\/wp-json\/wp\/v2\/media\/11275"}],"wp:attachment":[{"href":"https:\/\/nakedearth.al\/en\/wp-json\/wp\/v2\/media?parent=11278"}],"wp:term":[{"taxonomy":"product_brand","embeddable":true,"href":"https:\/\/nakedearth.al\/en\/wp-json\/wp\/v2\/product_brand?post=11278"},{"taxonomy":"product_cat","embeddable":true,"href":"https:\/\/nakedearth.al\/en\/wp-json\/wp\/v2\/product_cat?post=11278"},{"taxonomy":"product_tag","embeddable":true,"href":"https:\/\/nakedearth.al\/en\/wp-json\/wp\/v2\/product_tag?post=11278"}],"curies":[{"name":"wp","href":"https:\/\/api.w.org\/{rel}","templated":true}]}}