{"id":11314,"date":"2022-02-28T14:26:57","date_gmt":"2022-02-28T13:26:57","guid":{"rendered":"https:\/\/nakedearth.al\/?post_type=product&#038;p=11314"},"modified":"2024-11-09T10:21:10","modified_gmt":"2024-11-09T09:21:10","slug":"dental-sticks-30-cope","status":"publish","type":"product","link":"https:\/\/nakedearth.al\/en\/product\/dental-sticks-30-cope\/","title":{"rendered":"Dental Sticks \u2013 30 cop\u00eb"},"content":{"rendered":"<h3>Jack N\u2019Jill \u2013 Dental Sticks \u2013 30 cop\u00eb<\/h3>\n<h3>Pse duhet t\u00eb zgjidhni JAck N&#8217;Jill p\u00ebr f\u00ebmij\u00ebn tuaj?<\/h3>\n<p>Sepse gjithmon\u00eb kujdeset p\u00ebr higjen\u00ebn orale q\u00eb 6 muajsh. N\u00eb k\u00ebt\u00eb kuti kaq t\u00eb bukur do t\u00eb gjeni 30 Dental Sticks, t\u00eb mb\u00ebshtjella individualisht dhe me dorez\u00eb e lezetshme n\u00eb form\u00eb gjirafe me ngjyra t\u00eb ndryshme arg\u00ebtuese<\/p>\n<p>Doreza dhe ambalazhim i misrit pa plastik\u00eb, t\u00eb kompostuesh\u00ebm dhe filli gjithashtu i ricikluesh\u00ebm.<\/p>\n<ul>\n<li>Rr\u00ebshqet leht\u00ebsisht midis dh\u00ebmb\u00ebve<\/li>\n<li>Nuk ka PFAS ose kimikate t\u00eb ngjashme me Teflon.<\/li>\n<li>100% Vegan<\/li>\n<\/ul>\n<p>&nbsp;<\/p>\n<h4>Udh\u00ebzimet:<\/h4>\n<p>Mbajeni shkopin me fill midis gisht\u00ebrinjve. Drejtoni me kujdes fillin midis dh\u00ebmb\u00ebve. P\u00ebrdorni fillin me nj\u00eb l\u00ebvizje t\u00eb but\u00eb mbrapa dhe mbrapa, lart dhe posht\u00eb, krahas \u00e7do dh\u00ebmbi. Pas \u00e7do p\u00ebrdorimi hiqni fillin nga doreza, hidheni n\u00eb koshin e mbeturinave.<\/p>\n<p>&nbsp;<\/p>\n<h5>Kujdes:<\/h5>\n<p>Ky produkt nuk \u00ebsht\u00eb lod\u00ebr. Mbik\u00ebqyrja e t\u00eb rriturve rekomandohet n\u00ebn mosh\u00ebn 10 vje\u00e7. Mbajeni jasht\u00eb mund\u00ebsive t\u00eb f\u00ebmij\u00ebve n\u00ebn mosh\u00ebn 3 vje\u00e7.<\/p>","protected":false},"excerpt":{"rendered":"<h2>Fill dentar p\u00ebr f\u00ebmij\u00ebn tuaj<\/h2>\n<p>Plot\u00ebsoni rutin\u00ebn e kujdesit oral t\u00eb f\u00ebmij\u00ebs suaj me fijen e re Jack N&#8217;Jill Kids Fairy Floss! Me dorezat me niseshte misri pa plastik\u00eb, m\u00ebsoni t\u00eb voglin tuaj t\u00eb p\u00ebrdor\u00eb fillin q\u00eb n\u00eb fillim!<\/p>","protected":false},"featured_media":11303,"comment_status":"open","ping_status":"closed","template":"","meta":[],"product_brand":[],"product_cat":[253,252,259,258,90],"product_tag":[570,547],"class_list":{"0":"post-11314","1":"product","2":"type-product","3":"status-publish","4":"has-post-thumbnail","6":"product_cat-12-muaj","7":"product_cat-6-12-muaj","8":"product_cat-dalja-e-dhembeve","9":"product_cat-higjena-orale","10":"product_cat-jack-n-jill","11":"product_tag-jack-n-jill","12":"product_tag-oral-hygiene","14":"first","15":"instock","16":"shipping-taxable","17":"purchasable","18":"product-type-simple"},"jetpack_sharing_enabled":true,"_links":{"self":[{"href":"https:\/\/nakedearth.al\/en\/wp-json\/wp\/v2\/product\/11314","targetHints":{"allow":["GET"]}}],"collection":[{"href":"https:\/\/nakedearth.al\/en\/wp-json\/wp\/v2\/product"}],"about":[{"href":"https:\/\/nakedearth.al\/en\/wp-json\/wp\/v2\/types\/product"}],"replies":[{"embeddable":true,"href":"https:\/\/nakedearth.al\/en\/wp-json\/wp\/v2\/comments?post=11314"}],"wp:featuredmedia":[{"embeddable":true,"href":"https:\/\/nakedearth.al\/en\/wp-json\/wp\/v2\/media\/11303"}],"wp:attachment":[{"href":"https:\/\/nakedearth.al\/en\/wp-json\/wp\/v2\/media?parent=11314"}],"wp:term":[{"taxonomy":"product_brand","embeddable":true,"href":"https:\/\/nakedearth.al\/en\/wp-json\/wp\/v2\/product_brand?post=11314"},{"taxonomy":"product_cat","embeddable":true,"href":"https:\/\/nakedearth.al\/en\/wp-json\/wp\/v2\/product_cat?post=11314"},{"taxonomy":"product_tag","embeddable":true,"href":"https:\/\/nakedearth.al\/en\/wp-json\/wp\/v2\/product_tag?post=11314"}],"curies":[{"name":"wp","href":"https:\/\/api.w.org\/{rel}","templated":true}]}}