{"id":11315,"date":"2022-02-28T14:33:41","date_gmt":"2022-02-28T13:33:41","guid":{"rendered":"https:\/\/nakedearth.al\/?post_type=product&#038;p=11315"},"modified":"2025-04-22T20:50:14","modified_gmt":"2025-04-22T18:50:14","slug":"friendly-floss-25m","status":"publish","type":"product","link":"https:\/\/nakedearth.al\/en\/product\/friendly-floss-25m\/","title":{"rendered":"Friendly Floss &#8211; 25m"},"content":{"rendered":"<h3>NFCO &#8211; Friendly Floss &#8211; 25m<\/h3>\n<h3>NFCO p\u00ebr t\u00eb gjith\u00eb familjen!<\/h3>\n<p>Fill i b\u00ebr\u00eb nga poliesteri i cili \u00ebsht\u00eb nj\u00eb material i fort\u00eb dhe rezistent ndaj cop\u00ebzimit q\u00eb rr\u00ebshqet leht\u00ebsisht n\u00ebp\u00ebr dh\u00ebmb\u00eb p\u00ebr nj\u00eb pastrim t\u00eb thell\u00eb. \u00cbsht\u00eb i mb\u00ebrthyesh\u00ebm dhe fleksib\u00ebl q\u00eb do t\u00eb thot\u00eb se \u00ebsht\u00eb i shk\u00eblqyesh\u00ebm p\u00ebr t&#8217;u futur n\u00eb dh\u00ebmb\u00ebt an\u00ebsor\u00eb dhe t\u00eb pas\u00ebm dhe i p\u00ebrshtatsh\u00ebm p\u00ebr t\u00eb gjith\u00eb &#8211; hap\u00ebsira t\u00eb ngushta, hap\u00ebsira m\u00eb t\u00eb gjera dhe \u00ebsht\u00eb i but\u00eb me mishrat e dh\u00ebmb\u00ebve.<\/p>\n<ul>\n<li>Flos i ricikluesh\u00ebm 25 M<\/li>\n<li>Me bambu, qymyr t\u00eb aktivizuar dhe nenexhik<\/li>\n<li>Paketim pa plastik\u00eb<\/li>\n<li>Ndihmon n\u00eb heqjen e pllak\u00ebs<\/li>\n<li>E veshur me dyll me baz\u00eb bimore p\u00ebr rr\u00ebshqitje t\u00eb qet\u00eb<\/li>\n<li>Pa kimikate t\u00eb d\u00ebmshme<\/li>\n<li>100% Vegan<\/li>\n<\/ul>\n<h4>Udh\u00ebzimet:<\/h4>\n<p>Mb\u00ebshtilleni me fill 45 cm rreth gishtave t\u00eb mes\u00ebm. Duke p\u00ebrdorur gishtin e madh dhe gishtat e t\u00eb dy duarve, rr\u00ebshqitni fillin midis dh\u00ebmb\u00ebve, kthejeni at\u00eb rreth dh\u00ebmbit dhe pastroni midis dh\u00ebmbit dhe mishit t\u00eb dh\u00ebmb\u00ebve me l\u00ebvizje t\u00eb buta lart e posht\u00eb. P\u00ebrs\u00ebriteni duke p\u00ebrdorur nj\u00eb seksion t\u00eb past\u00ebr midis secilit dh\u00ebmb.<\/p>\n<p>&nbsp;<\/p>\n<h5>P\u00ebrb\u00ebr\u00ebsit:<\/h5>\n<p>Fill i ricikluesh\u00ebm me bambu, qymyr aktiv dhe nenexhik.<\/p>\n<p>&nbsp;<\/p>","protected":false},"excerpt":{"rendered":"<h2>Fill dentar me qymyr t\u00eb aktivizuar<\/h2>\n<p>Plot\u00ebsoni rutin\u00ebn tuaj t\u00eb kujdesit oral me fillin e NFco Friendly Floss me bambu, qymyr aktiv dhe nenexhik.<\/p>","protected":false},"featured_media":11311,"comment_status":"open","ping_status":"closed","template":"","meta":[],"product_brand":[],"product_cat":[288,287,93],"product_tag":[406,571,408,413],"class_list":{"0":"post-11315","1":"product","2":"type-product","3":"status-publish","4":"has-post-thumbnail","6":"product_cat-kujdesi-oral","7":"product_cat-mama-baba","8":"product_cat-nfco","9":"product_tag-nfco","10":"product_tag-oral-care","11":"product_tag-paste","12":"product_tag-toothpaste","14":"first","15":"instock","16":"sale","17":"shipping-taxable","18":"purchasable","19":"product-type-simple"},"jetpack_sharing_enabled":true,"_links":{"self":[{"href":"https:\/\/nakedearth.al\/en\/wp-json\/wp\/v2\/product\/11315","targetHints":{"allow":["GET"]}}],"collection":[{"href":"https:\/\/nakedearth.al\/en\/wp-json\/wp\/v2\/product"}],"about":[{"href":"https:\/\/nakedearth.al\/en\/wp-json\/wp\/v2\/types\/product"}],"replies":[{"embeddable":true,"href":"https:\/\/nakedearth.al\/en\/wp-json\/wp\/v2\/comments?post=11315"}],"wp:featuredmedia":[{"embeddable":true,"href":"https:\/\/nakedearth.al\/en\/wp-json\/wp\/v2\/media\/11311"}],"wp:attachment":[{"href":"https:\/\/nakedearth.al\/en\/wp-json\/wp\/v2\/media?parent=11315"}],"wp:term":[{"taxonomy":"product_brand","embeddable":true,"href":"https:\/\/nakedearth.al\/en\/wp-json\/wp\/v2\/product_brand?post=11315"},{"taxonomy":"product_cat","embeddable":true,"href":"https:\/\/nakedearth.al\/en\/wp-json\/wp\/v2\/product_cat?post=11315"},{"taxonomy":"product_tag","embeddable":true,"href":"https:\/\/nakedearth.al\/en\/wp-json\/wp\/v2\/product_tag?post=11315"}],"curies":[{"name":"wp","href":"https:\/\/api.w.org\/{rel}","templated":true}]}}