{"id":11396,"date":"2022-03-03T13:20:32","date_gmt":"2022-03-03T12:20:32","guid":{"rendered":"https:\/\/nakedearth.al\/?post_type=product&#038;p=11396"},"modified":"2024-01-05T13:01:46","modified_gmt":"2024-01-05T12:01:46","slug":"silicone-suction-plate","status":"publish","type":"product","link":"https:\/\/nakedearth.al\/en\/product\/silicone-suction-plate\/","title":{"rendered":"Silicone Suction Plate"},"content":{"rendered":"<h3>Tiny Twinkle<\/h3>\n<p>Pjat\u00eb me ndarje:<\/p>\n<ul>\n<li>B\u00ebr\u00eb nga 100% silikoni ushqimor<\/li>\n<li>E q\u00ebndrueshme dhe higjienike<\/li>\n<li>Baza thith\u00ebse fiksohet n\u00eb sip\u00ebrfaqe t\u00eb sheshta<\/li>\n<li>P\u00ebrshtatet me shumic\u00ebn e tabakave t\u00eb karrigeve t\u00eb larta<\/li>\n<li>I sigurt n\u00eb lavastovilje dhe mikroval\u00eb<\/li>\n<li>Seksione t\u00eb ndara p\u00ebr porcione t\u00eb vegj\u00ebl, seksioni 1 = (110ml), seksioni 2 = (188ml), seksioni 3 = (280ml)<\/li>\n<\/ul>\n<p>N\u00eb Tiny Twinkle ne jemi krenar\u00eb p\u00ebr krijimin e produkteve me cil\u00ebsi t\u00eb lart\u00eb dhe t\u00eb sigurt p\u00ebr foshnjat dhe prind\u00ebrit, duke ndihmuar t\u00eb vegjlit t\u00eb shk\u00eblqejn\u00eb nga fillimi!<\/p>\n<p>&nbsp;<\/p>\n<h4><span class=\"Y2IQFc\" lang=\"sq\">Udh\u00ebzime p\u00ebr kujdesin dhe p\u00ebrdorimin<\/span><\/h4>\n<ul>\n<li><span class=\"Y2IQFc\" lang=\"sq\">Lajini mir\u00eb para \u00e7do p\u00ebrdorimi<\/span><\/li>\n<li><span class=\"Y2IQFc\" lang=\"sq\">Lajini n\u00eb lavastovilje ose me dor\u00eb<\/span><\/li>\n<\/ul>","protected":false},"excerpt":{"rendered":"<h2>Pjat\u00eb me ndarje<\/h2>\n<p>Pjat\u00eb me ndarje, gjithashtu thith\u00ebse \u00a0p\u00ebr foshnj\u00ebn tuaj \u2013 100% silikoni \u2013 pa BPA \u2013 e sigurt p\u00ebr mikroval\u00eb, e q\u00ebndrueshme dhe higjienike.<\/p>","protected":false},"featured_media":11390,"comment_status":"open","ping_status":"closed","template":"","meta":[],"product_brand":[],"product_cat":[253,252,264,265,110],"product_tag":[568,560,985,984,981],"class_list":{"0":"post-11396","1":"product","2":"type-product","3":"status-publish","4":"has-post-thumbnail","6":"product_cat-12-muaj","7":"product_cat-6-12-muaj","8":"product_cat-aksesore-ngrenieje","9":"product_cat-pjata","10":"product_cat-tiny-twinkle","11":"product_tag-6-12","12":"product_tag-cereal","13":"product_tag-fun","14":"product_tag-plate","15":"product_tag-silicone","17":"first","18":"instock","19":"sale","20":"shipping-taxable","21":"purchasable","22":"product-type-variable"},"jetpack_sharing_enabled":true,"_links":{"self":[{"href":"https:\/\/nakedearth.al\/en\/wp-json\/wp\/v2\/product\/11396","targetHints":{"allow":["GET"]}}],"collection":[{"href":"https:\/\/nakedearth.al\/en\/wp-json\/wp\/v2\/product"}],"about":[{"href":"https:\/\/nakedearth.al\/en\/wp-json\/wp\/v2\/types\/product"}],"replies":[{"embeddable":true,"href":"https:\/\/nakedearth.al\/en\/wp-json\/wp\/v2\/comments?post=11396"}],"wp:featuredmedia":[{"embeddable":true,"href":"https:\/\/nakedearth.al\/en\/wp-json\/wp\/v2\/media\/11390"}],"wp:attachment":[{"href":"https:\/\/nakedearth.al\/en\/wp-json\/wp\/v2\/media?parent=11396"}],"wp:term":[{"taxonomy":"product_brand","embeddable":true,"href":"https:\/\/nakedearth.al\/en\/wp-json\/wp\/v2\/product_brand?post=11396"},{"taxonomy":"product_cat","embeddable":true,"href":"https:\/\/nakedearth.al\/en\/wp-json\/wp\/v2\/product_cat?post=11396"},{"taxonomy":"product_tag","embeddable":true,"href":"https:\/\/nakedearth.al\/en\/wp-json\/wp\/v2\/product_tag?post=11396"}],"curies":[{"name":"wp","href":"https:\/\/api.w.org\/{rel}","templated":true}]}}