{"id":11576,"date":"2022-03-13T15:40:24","date_gmt":"2022-03-13T14:40:24","guid":{"rendered":"https:\/\/nakedearth.al\/?post_type=product&#038;p=11576"},"modified":"2024-10-29T08:59:41","modified_gmt":"2024-10-29T07:59:41","slug":"mini-feeding-set","status":"publish","type":"product","link":"https:\/\/nakedearth.al\/en\/product\/mini-feeding-set\/","title":{"rendered":"Mini Feeding Set"},"content":{"rendered":"<h3><strong>EZPZ \u2013 Mini Feeding Set<\/strong><\/h3>\n<h3><strong>EZPZ \u00ebsht\u00eb e ve\u00e7ant\u00eb sepse\u2026<\/strong><\/h3>\n<ul>\n<li>Ofron mjetet zhvillimore q\u00eb ju nevojiten p\u00ebr t\u00eb ndihmuar vog\u00eblushin tuaj t\u00eb p\u00ebrmbush\u00eb momentet historike t\u00eb vaktit<\/li>\n<li>Ndihmon f\u00ebmij\u00ebn tuaj t\u00eb ket\u00eb sukses me pavar\u00ebsin\u00eb e t\u00eb ushqyerit<\/li>\n<li>T\u00eb p\u00ebrshtatshme 12m+<\/li>\n<\/ul>\n<p>&nbsp;<\/p>\n<h4><strong>Disa specifika t\u00eb tjera\u2026<\/strong><\/h4>\n<ul>\n<li>Seti p\u00ebrfshin Mini Mat, Mini Lug\u00eb dhe \u00a0Mini Pirun<\/li>\n<li>100% silikon (pa BPA, BPS, PVS, ftalate dhe lateks)<\/li>\n<li>T\u00eb p\u00ebrshtatsh\u00ebm n\u00eb lavastovilje<\/li>\n<li>Nd\u00ebrtuar p\u00ebr jet\u00ebgjat\u00ebsi (nuk do t\u00eb konsumohet, zbehet ose g\u00ebrryhet)<\/li>\n<\/ul>\n<p>&nbsp;<\/p>","protected":false},"excerpt":{"rendered":"<h2>Set ngr\u00ebnie i mrekulluesh\u00ebm<\/h2>\n<p>Nd\u00ebrsa foshnja juaj rritet ata jan\u00eb gati t\u00eb fillojn\u00eb t\u00eb praktikojn\u00eb momente t\u00eb reja historike gjat\u00eb ngr\u00ebnies. Ata po han\u00eb nj\u00eb vakt t\u00eb ekuilibruar me grupe t\u00eb ndryshme ushqimore dhe po m\u00ebsojn\u00eb se si t\u00eb han\u00eb me lug\u00eb \u00a0dhe pirun. Me Mini Set Feeding (Mini Mat, Mini Spoon dhe Mini Fork) ezpz ofron t\u00eb gjitha mjetet zhvillimore q\u00eb ju nevojiten p\u00ebr nj\u00eb vakt t\u00eb pavarur me vog\u00eblushin tuaj.<\/p>\n<p>&nbsp;<\/p>","protected":false},"featured_media":11572,"comment_status":"open","ping_status":"closed","template":"","meta":[],"product_brand":[],"product_cat":[253,264,111,263,265],"product_tag":[560],"class_list":{"0":"post-11576","1":"product","2":"type-product","3":"status-publish","4":"has-post-thumbnail","6":"product_cat-12-muaj","7":"product_cat-aksesore-ngrenieje","8":"product_cat-ezpz","9":"product_cat-luge-pirun","10":"product_cat-pjata","11":"product_tag-cereal","13":"first","14":"outofstock","15":"sale","16":"shipping-taxable","17":"purchasable","18":"product-type-variable"},"jetpack_sharing_enabled":true,"_links":{"self":[{"href":"https:\/\/nakedearth.al\/en\/wp-json\/wp\/v2\/product\/11576","targetHints":{"allow":["GET"]}}],"collection":[{"href":"https:\/\/nakedearth.al\/en\/wp-json\/wp\/v2\/product"}],"about":[{"href":"https:\/\/nakedearth.al\/en\/wp-json\/wp\/v2\/types\/product"}],"replies":[{"embeddable":true,"href":"https:\/\/nakedearth.al\/en\/wp-json\/wp\/v2\/comments?post=11576"}],"wp:featuredmedia":[{"embeddable":true,"href":"https:\/\/nakedearth.al\/en\/wp-json\/wp\/v2\/media\/11572"}],"wp:attachment":[{"href":"https:\/\/nakedearth.al\/en\/wp-json\/wp\/v2\/media?parent=11576"}],"wp:term":[{"taxonomy":"product_brand","embeddable":true,"href":"https:\/\/nakedearth.al\/en\/wp-json\/wp\/v2\/product_brand?post=11576"},{"taxonomy":"product_cat","embeddable":true,"href":"https:\/\/nakedearth.al\/en\/wp-json\/wp\/v2\/product_cat?post=11576"},{"taxonomy":"product_tag","embeddable":true,"href":"https:\/\/nakedearth.al\/en\/wp-json\/wp\/v2\/product_tag?post=11576"}],"curies":[{"name":"wp","href":"https:\/\/api.w.org\/{rel}","templated":true}]}}