{"id":12221,"date":"2022-05-09T13:17:40","date_gmt":"2022-05-09T11:17:40","guid":{"rendered":"https:\/\/nakedearth.al\/?post_type=product&#038;p=12221"},"modified":"2025-06-16T14:31:03","modified_gmt":"2025-06-16T12:31:03","slug":"adult-wristband","status":"publish","type":"product","link":"https:\/\/nakedearth.al\/en\/product\/adult-wristband\/","title":{"rendered":"ADULT WRISTBAND"},"content":{"rendered":"<h3>Thuaji JO mushkonjave!<\/h3>\n<p>\u00c7far\u00ebdo q\u00eb jeni duke b\u00ebr\u00eb, kudo q\u00eb t\u00eb shkoni!<br \/>\nPeletat rimbush\u00ebse PARA&#8217;KITO\u00ae shp\u00ebrndajn\u00eb nj\u00eb p\u00ebrzierje t\u00eb 7 vajrave esencial\u00eb natyral\u00eb.<\/p>\n<ul>\n<li>Siguron nj\u00eb mbrojtje konstante deri n\u00eb 15 dit\u00eb p\u00ebr mbushje<\/li>\n<li>Difuzon nj\u00eb p\u00ebrzierje t\u00eb 7 vajrave esencial\u00eb natyral\u00eb &#8211; pa DEET<\/li>\n<li>Punon n\u00eb t\u00eb gjitha zonat klimatike &#8211; t\u00eb but\u00eb dhe tropikale. Madje \u00ebsht\u00eb i pap\u00ebrshkuesh\u00ebm nga uji!<\/li>\n<li>Rrip dore i rregulluesh\u00ebm nga neopreni &#8211; vendoseni n\u00eb ky\u00e7in e dor\u00ebs ose ky\u00e7in e k\u00ebmb\u00ebs<\/li>\n<li>P\u00ebrparim teknologjik &#8211; Prodhuar n\u00eb Franc\u00eb<\/li>\n<\/ul>\n<h4>Si ta p\u00ebrdor:<\/h4>\n<ul>\n<li>Fusni peletin n\u00eb rripin e dor\u00ebs<\/li>\n<li>Mbajeni at\u00eb n\u00eb ky\u00e7in e dor\u00ebs\/ ky\u00e7in e k\u00ebmb\u00ebs ose mbajeni pran\u00eb<\/li>\n<li>Nj\u00eb pelet i vet\u00ebm mbush\u00ebs p\u00ebrshtatet i sigurt n\u00eb xhepin rrjet\u00eb n\u00eb pjes\u00ebn e jashtme t\u00eb rripit t\u00eb dor\u00ebs. Nd\u00ebrsa p\u00ebrb\u00ebr\u00ebsit aktiv\u00eb t\u00eb vajrave natyral\u00eb l\u00ebshohen n\u00eb ajrin p\u00ebrreth jush, ato ndihmojn\u00eb n\u00eb maskimin e aromave t\u00eb frym\u00ebmarrjes dhe trupit tuaj, duke e b\u00ebr\u00eb m\u00eb t\u00eb v\u00ebshtir\u00eb p\u00ebr mushkonjat t&#8217;ju gjejn\u00eb. Super e thjesht\u00eb, super efektive!<\/li>\n<\/ul>\n<h5>Kujdes:<\/h5>\n<p>Aksesor\u00ebt dhe mbush\u00ebsit PARA&#8217;KITO\u00ae mund t\u00eb hidhen si mbeturina t\u00eb zakonshme pa rrezik p\u00ebr mjedisin.<br \/>\nMbajeni jasht\u00eb mund\u00ebsive t\u00eb kapjes nga f\u00ebmij\u00ebt e vegj\u00ebl kur nuk jan\u00eb n\u00eb p\u00ebrdorim. Mos l\u00ebpini ose g\u00eblltisni peletat rimbush\u00ebse. Lani duart pas prekjes.<\/p>\n<h5>P\u00ebrb\u00ebr\u00ebsit:<\/h5>\n<p>P\u00ebrb\u00ebr\u00ebsit aktiv\u00eb<br \/>\nVaj citronella 34.0%, vaj rozmarine 22.0%, vaj geranium 21.0%, vaj nenexhik 10.0%, vaj karafili 2.5%, vaj menteje 1.5%, vaj kanelle 1.0%<br \/>\nP\u00ebrb\u00ebr\u00ebs inert<br \/>\nvanilin\u00eb 8.0%<br \/>\nPa DEET, pa OMGJ, pa gluten, pa paraben, pa ftalate, pa testime te kafsh\u00ebt.<\/p>","protected":false},"excerpt":{"rendered":"<h2>Mbrojtje arg\u00ebtuese, elegante p\u00ebr \u00e7do rast!<\/h2>\n<p>I veshur rreth ky\u00e7it t\u00eb dor\u00ebs ose ky\u00e7it t\u00eb k\u00ebmb\u00ebs, ky byrzylyk i lezetsh\u00ebm dhe i rehatsh\u00ebm nga neopreni vjen me dy rimbushje t\u00eb formul\u00ebs son\u00eb t\u00eb ve\u00e7ant\u00eb t\u00eb vajit esencial. Qoft\u00eb duke sh\u00ebtitur n\u00ebp\u00ebr nj\u00eb pyll ose duke dremitur n\u00eb nj\u00eb shtrat n\u00eb natyr\u00eb, ju dhe byrzylyku juaj i ri s\u00eb shpejti do t\u00eb jeni miqt\u00eb m\u00eb t\u00eb mir\u00eb. Dhe, n\u00ebse nuk mund t\u00eb duroni t\u00eb jeni t\u00eb ndar\u00eb, vendoseni pran\u00eb shtratit tuaj gjat\u00eb nat\u00ebs p\u00ebr nj\u00eb lumturi pa zhurm\u00eb.<\/p>","protected":false},"featured_media":12659,"comment_status":"open","ping_status":"closed","template":"","meta":[],"product_brand":[],"product_cat":[619,285],"product_tag":[592,411],"class_list":{"0":"post-12221","1":"product","2":"type-product","3":"status-publish","4":"has-post-thumbnail","6":"product_cat-parakito","7":"product_cat-udhetimi","8":"product_tag-summer","9":"product_tag-travel","11":"first","12":"instock","13":"shipping-taxable","14":"purchasable","15":"product-type-variable"},"jetpack_sharing_enabled":true,"_links":{"self":[{"href":"https:\/\/nakedearth.al\/en\/wp-json\/wp\/v2\/product\/12221","targetHints":{"allow":["GET"]}}],"collection":[{"href":"https:\/\/nakedearth.al\/en\/wp-json\/wp\/v2\/product"}],"about":[{"href":"https:\/\/nakedearth.al\/en\/wp-json\/wp\/v2\/types\/product"}],"replies":[{"embeddable":true,"href":"https:\/\/nakedearth.al\/en\/wp-json\/wp\/v2\/comments?post=12221"}],"wp:featuredmedia":[{"embeddable":true,"href":"https:\/\/nakedearth.al\/en\/wp-json\/wp\/v2\/media\/12659"}],"wp:attachment":[{"href":"https:\/\/nakedearth.al\/en\/wp-json\/wp\/v2\/media?parent=12221"}],"wp:term":[{"taxonomy":"product_brand","embeddable":true,"href":"https:\/\/nakedearth.al\/en\/wp-json\/wp\/v2\/product_brand?post=12221"},{"taxonomy":"product_cat","embeddable":true,"href":"https:\/\/nakedearth.al\/en\/wp-json\/wp\/v2\/product_cat?post=12221"},{"taxonomy":"product_tag","embeddable":true,"href":"https:\/\/nakedearth.al\/en\/wp-json\/wp\/v2\/product_tag?post=12221"}],"curies":[{"name":"wp","href":"https:\/\/api.w.org\/{rel}","templated":true}]}}