{"id":12226,"date":"2022-05-09T13:23:23","date_gmt":"2022-05-09T11:23:23","guid":{"rendered":"https:\/\/nakedearth.al\/?post_type=product&#038;p=12226"},"modified":"2025-08-21T15:12:58","modified_gmt":"2025-08-21T13:12:58","slug":"kids-teens-wristband","status":"publish","type":"product","link":"https:\/\/nakedearth.al\/en\/product\/kids-teens-wristband\/","title":{"rendered":"Kids \/ Teens Wristband"},"content":{"rendered":"<h3>Thuaji JO mushkonjave!<\/h3>\n<p>Rripat e dor\u00ebs PARA&#8217;KITO\u00ae p\u00ebr f\u00ebmij\u00eb jan\u00eb t\u00eb rregulluesh\u00ebm, t\u00eb pap\u00ebrshkuesh\u00ebm nga uji, t\u00eb rimbushsh\u00ebm dhe plot\u00ebsisht natyral\u00eb.<\/p>\n<ul>\n<li>Siguron mbrojtje konstante deri n\u00eb 15 dit\u00eb p\u00ebr mbushje (p\u00ebrfshihen 2 mbushje)<\/li>\n<li>Difuzon nj\u00eb p\u00ebrzierje t\u00eb 7 vajrave esencial\u00eb natyral\u00eb &#8211; pa DEET<\/li>\n<li>Punon n\u00eb t\u00eb gjitha zonat klimatike &#8211; t\u00eb but\u00eb dhe tropikale. Madje \u00ebsht\u00eb i pap\u00ebrshkuesh\u00ebm nga uji!<\/li>\n<li>P\u00ebr F\u00ebmij\u00eb deri n\u00eb 7 vje\u00e7 &#8211; Rrip dore neopreni i rregulluesh\u00ebm<\/li>\n<li>Leht\u00eb p\u00ebr t&#8217;u p\u00ebrdorur &#8211; vendoseni n\u00eb ky\u00e7in e dor\u00ebs ose ky\u00e7in e k\u00ebmb\u00ebs<\/li>\n<li>P\u00ebrparim teknologjik &#8211; Prodhuar n\u00eb Franc\u00eb<\/li>\n<\/ul>\n<h4>Si ta p\u00ebrdor:<\/h4>\n<ul>\n<li>Fusni peletin n\u00eb rripin e dor\u00ebs<\/li>\n<li>Mbajeni at\u00eb n\u00eb ky\u00e7in e dor\u00ebs\/ ky\u00e7in e k\u00ebmb\u00ebs ose mbajeni pran\u00eb<\/li>\n<\/ul>\n<p>Nj\u00eb pelet i vet\u00ebm mbush\u00ebs p\u00ebrshtatet i sigurt n\u00eb xhepin rrjet\u00eb n\u00eb pjes\u00ebn e jashtme t\u00eb rripit t\u00eb dor\u00ebs. Nd\u00ebrsa p\u00ebrb\u00ebr\u00ebsit aktiv\u00eb t\u00eb vajrave natyral\u00eb l\u00ebshohen n\u00eb ajrin p\u00ebrreth jush, ato ndihmojn\u00eb n\u00eb maskimin e aromave t\u00eb frym\u00ebmarrjes dhe trupit tuaj, duke e b\u00ebr\u00eb m\u00eb t\u00eb v\u00ebshtir\u00eb p\u00ebr mushkonjat t&#8217;ju gjejn\u00eb. Super e thjesht\u00eb, super efektive!<\/p>\n<h5>Kujdes:<\/h5>\n<p>Aksesor\u00ebt dhe mbush\u00ebsit PARA&#8217;KITO\u00ae mund t\u00eb hidhen si mbeturina t\u00eb zakonshme pa rrezik p\u00ebr mjedisin.<br \/>\nMbajeni jasht\u00eb mund\u00ebsive t\u00eb kapjes nga f\u00ebmij\u00ebt e vegj\u00ebl kur nuk jan\u00eb n\u00eb p\u00ebrdorim. Mos l\u00ebpini ose g\u00eblltisni peletat rimbush\u00ebse. Lani duart pas prekjes.<\/p>\n<h5>P\u00ebrb\u00ebr\u00ebsit:<\/h5>\n<p>P\u00ebrb\u00ebr\u00ebsit aktiv\u00eb<br \/>\nVaj citronella 34.0%, vaj rozmarine 22.0%, vaj geranium 21.0%, vaj nenexhik 10.0%, vaj karafili 2.5%, vaj menteje 1.5%, vaj kanelle 1.0%<br \/>\nP\u00ebrb\u00ebr\u00ebs inert<br \/>\nvanilin\u00eb 8.0%<br \/>\nPa DEET, pa OMGJ, pa gluten, pa paraben, pa ftalate, pa testime te kafsh\u00ebt.<\/p>\n<p>&nbsp;<\/p>","protected":false},"excerpt":{"rendered":"<h2>Mbron t\u00eb vegjlit tuaj n\u00eb t\u00eb gjitha aventurat e tyre!<\/h2>\n<p>Ky byrzylyk komod dhe i rimbushsh\u00ebm mbron t\u00eb vegjlit tuaj gjat\u00eb t\u00eb gjitha aventurave t\u00eb tyre. I F\u00ebmija juaj do t\u00eb ket\u00eb deri n\u00eb 15 dit\u00eb mbrojtje natyrale kund\u00ebr mushkonjave. PARA&#8217;KITO\u00ae p\u00ebrdor nj\u00eb formul\u00eb t\u00eb provuar dhe t\u00eb patentuar t\u00eb vajrave esencial\u00eb q\u00eb mbrojn\u00eb trupin tuaj nga mushkonjat, pasi vajrat maskojn\u00eb aromat q\u00eb mushkonjat parap\u00eblqejn\u00eb.<\/p>","protected":false},"featured_media":17743,"comment_status":"open","ping_status":"closed","template":"","meta":[],"product_brand":[],"product_cat":[619,285],"product_tag":[592,411],"class_list":{"0":"post-12226","1":"product","2":"type-product","3":"status-publish","4":"has-post-thumbnail","6":"product_cat-parakito","7":"product_cat-udhetimi","8":"product_tag-summer","9":"product_tag-travel","11":"first","12":"outofstock","13":"shipping-taxable","14":"purchasable","15":"product-type-variable"},"jetpack_sharing_enabled":true,"_links":{"self":[{"href":"https:\/\/nakedearth.al\/en\/wp-json\/wp\/v2\/product\/12226","targetHints":{"allow":["GET"]}}],"collection":[{"href":"https:\/\/nakedearth.al\/en\/wp-json\/wp\/v2\/product"}],"about":[{"href":"https:\/\/nakedearth.al\/en\/wp-json\/wp\/v2\/types\/product"}],"replies":[{"embeddable":true,"href":"https:\/\/nakedearth.al\/en\/wp-json\/wp\/v2\/comments?post=12226"}],"wp:featuredmedia":[{"embeddable":true,"href":"https:\/\/nakedearth.al\/en\/wp-json\/wp\/v2\/media\/17743"}],"wp:attachment":[{"href":"https:\/\/nakedearth.al\/en\/wp-json\/wp\/v2\/media?parent=12226"}],"wp:term":[{"taxonomy":"product_brand","embeddable":true,"href":"https:\/\/nakedearth.al\/en\/wp-json\/wp\/v2\/product_brand?post=12226"},{"taxonomy":"product_cat","embeddable":true,"href":"https:\/\/nakedearth.al\/en\/wp-json\/wp\/v2\/product_cat?post=12226"},{"taxonomy":"product_tag","embeddable":true,"href":"https:\/\/nakedearth.al\/en\/wp-json\/wp\/v2\/product_tag?post=12226"}],"curies":[{"name":"wp","href":"https:\/\/api.w.org\/{rel}","templated":true}]}}