{"id":12302,"date":"2022-05-13T12:07:28","date_gmt":"2022-05-13T10:07:28","guid":{"rendered":"https:\/\/nakedearth.al\/?post_type=product&#038;p=12302"},"modified":"2026-02-14T19:54:24","modified_gmt":"2026-02-14T18:54:24","slug":"electric-anti-mosquito-lamp","status":"publish","type":"product","link":"https:\/\/nakedearth.al\/en\/product\/electric-anti-mosquito-lamp\/","title":{"rendered":"Electric Anti-Mosquito Lamp"},"content":{"rendered":"<h3>M\u00eb thuaj pak m\u00eb shum\u00eb&#8230;<\/h3>\n<h3>Llamp\u00eb kund\u00ebr mushkonjave<\/h3>\n<p>Moskit\u00f6 \u00ebsht\u00eb nj\u00eb pajisje kompakte p\u00ebr kontrollin e insekteve fluturuese q\u00eb do t\u00eb ndihmoj\u00eb n\u00eb mbrojtjen e l\u00ebkur\u00ebs p\u00ebr t\u00eb gjith\u00eb familjen. Kjo llamb\u00eb e leht\u00eb p\u00ebr t\u2019u p\u00ebrdorur t\u00ebrheq insektet fluturuese me drit\u00ebn e saj LED UV dhe m\u00eb pas p\u00ebrdor nj\u00eb ventilim thith\u00ebs ultra t\u00eb qet\u00eb p\u00ebr t\u2019i bllokuar n\u00eb dhom\u00ebn e fsheht\u00eb t\u00eb l\u00ebvizshme kund\u00ebr ikjes. Pavar\u00ebsisht n\u00ebse d\u00ebshironi t\u2019i mbani jasht\u00eb \u00e7erdhes, sall\u00ebs s\u00eb loj\u00ebrave apo \u00e7do ambienti tjet\u00ebr t\u00eb brendsh\u00ebm me njer\u00ebz, dizajni i tij i leht\u00eb dhe i l\u00ebvizsh\u00ebm do t\u2019ju lejoj\u00eb ta mbani at\u00eb kudo q\u00eb ju nevojitet.<\/p>\n<p>&nbsp;<\/p>\n<h4>Disa gj\u00ebra kryesore:<\/h4>\n<ul>\n<li>Drita UV LED dhe teknologjia e ventilimit t\u00eb thithjes<\/li>\n<li>Ultra e qet\u00eb dhe efikase n\u00eb energji<\/li>\n<li>Leht\u00eb p\u00ebr t\u2019u pastruar<\/li>\n<li>Pajisja e leht\u00eb me nj\u00eb prekje<\/li>\n<li>Kompakt, i leht\u00eb dhe i l\u00ebvizsh\u00ebm<\/li>\n<li>Aksesor\u00eb grumbullues kund\u00ebr ikjes, i l\u00ebvizsh\u00ebm<\/li>\n<li>Kablloja e p\u00ebrshtatshme USB mund t\u00eb lidhet me pajisje t\u00eb ndryshme (p\u00ebrshtat\u00ebsi USB nuk p\u00ebrfshihet)<\/li>\n<li>P\u00ebrmasat: 15.2 cm x 15.2 cm x 22.2 cm<\/li>\n<\/ul>","protected":false},"excerpt":{"rendered":"<h2>Moskit\u00f6 &#8211; larg mushkonjat<\/h2>\n<p>Moskit\u00f6 \u00ebsht\u00eb nj\u00eb pajisje kompakte p\u00ebr kontrollin e insekteve fluturuese q\u00eb do t\u00eb ndihmoj\u00eb n\u00eb mbrojtjen e l\u00ebkur\u00ebs p\u00ebr t\u00eb gjith\u00eb familjen.<\/p>","protected":false},"featured_media":12301,"comment_status":"open","ping_status":"closed","template":"","meta":[],"product_brand":[],"product_cat":[284,427,273,286,285],"product_tag":[592,411],"class_list":{"0":"post-12302","1":"product","2":"type-product","3":"status-publish","4":"has-post-thumbnail","6":"product_cat-aksesore","7":"product_cat-bbluv","8":"product_cat-dhoma-e-gjumit","9":"product_cat-siguria-ne-shtepi","10":"product_cat-udhetimi","11":"product_tag-summer","12":"product_tag-travel","14":"first","15":"instock","16":"shipping-taxable","17":"purchasable","18":"product-type-simple"},"jetpack_sharing_enabled":true,"_links":{"self":[{"href":"https:\/\/nakedearth.al\/en\/wp-json\/wp\/v2\/product\/12302","targetHints":{"allow":["GET"]}}],"collection":[{"href":"https:\/\/nakedearth.al\/en\/wp-json\/wp\/v2\/product"}],"about":[{"href":"https:\/\/nakedearth.al\/en\/wp-json\/wp\/v2\/types\/product"}],"replies":[{"embeddable":true,"href":"https:\/\/nakedearth.al\/en\/wp-json\/wp\/v2\/comments?post=12302"}],"wp:featuredmedia":[{"embeddable":true,"href":"https:\/\/nakedearth.al\/en\/wp-json\/wp\/v2\/media\/12301"}],"wp:attachment":[{"href":"https:\/\/nakedearth.al\/en\/wp-json\/wp\/v2\/media?parent=12302"}],"wp:term":[{"taxonomy":"product_brand","embeddable":true,"href":"https:\/\/nakedearth.al\/en\/wp-json\/wp\/v2\/product_brand?post=12302"},{"taxonomy":"product_cat","embeddable":true,"href":"https:\/\/nakedearth.al\/en\/wp-json\/wp\/v2\/product_cat?post=12302"},{"taxonomy":"product_tag","embeddable":true,"href":"https:\/\/nakedearth.al\/en\/wp-json\/wp\/v2\/product_tag?post=12302"}],"curies":[{"name":"wp","href":"https:\/\/api.w.org\/{rel}","templated":true}]}}