{"id":12338,"date":"2022-05-16T10:17:44","date_gmt":"2022-05-16T08:17:44","guid":{"rendered":"https:\/\/nakedearth.al\/?post_type=product&#038;p=12338"},"modified":"2024-02-12T15:24:58","modified_gmt":"2024-02-12T14:24:58","slug":"backpack-small-3-vjec","status":"publish","type":"product","link":"https:\/\/nakedearth.al\/en\/product\/backpack-small-3-vjec\/","title":{"rendered":"Backpack &#8211; Small &#8211; 3+ vje\u00e7"},"content":{"rendered":"<h3>M\u00eb thuaj pak m\u00eb shum\u00eb&#8230;<\/h3>\n<ul>\n<li>Dizajn\u00a0origjinal\u00a0i\u00a0punuar\u00a0me\u00a0dor\u00eb<\/li>\n<li>Poliest\u00ebr\u00a0i\u00a0ricikluar\u00a0dhe\u00a0l\u00ebkur\u00eb\u00a0vegane<\/li>\n<li>Xhepi\u00a0i\u00a0p\u00ebrparm\u00eb\u00a0me\u00a0zinxhir,\u00a0xhepi\u00a0i\u00a0brendsh\u00ebm\u00a0i\u00a0ruajtjes\u00a0me\u00a0zinxhir<\/li>\n<li>Mbajt\u00ebse\u00a0p\u00ebr\u00a0shishe,\u00a0material\u00a0rrjet\u00eb\u00a0brenda<\/li>\n<li>Etiket\u00eb\u00a0p\u00ebr\u00a0t\u00eb\u00a0shkruar\u00a0emrin\u00a0e\u00a0f\u00ebmij\u00ebs<\/li>\n<li>Paneli\u00a0i\u00a0pas\u00ebm\u00a0ergonomik<\/li>\n<li>Rripa\u00a0t\u00eb\u00a0rregulluesh\u00ebm,\u00a0t\u00eb\u00a0rehatsh\u00ebm\u00a0n\u00eb\u00a0shpatulla,\u00a0t\u00eb\u00a0veshur\u00a0me\u00a0rrjet\u00eb<\/li>\n<li>Mund\u00a0t\u00eb\u00a0lidhet\u00a0p\u00ebrpara<\/li>\n<li>Ideale\u00a0p\u00ebr\u00a0kopsht,\u00a0parashkollor<\/li>\n<li>E\u00a0p\u00ebrshtatshme\u00a0p\u00ebr\u00a03\u00a0vje\u00e7\u00a0e\u00a0lart<\/li>\n<\/ul>\n<p>&nbsp;<\/p>\n<h4>Detajet:<\/h4>\n<p>P\u00ebrmasat:\u00a022\u00a0cm\u00a0x\u00a031\u00a0cm\u00a0X\u00a011\u00a0cm<br \/>\n300\u00a0gram\u00a0\/\u00a07\u00a0litra<br \/>\nNj\u00eb\u00a0ndarje<\/p>","protected":false},"excerpt":{"rendered":"<h2>\u00c7ant\u00eb p\u00ebr aventura<\/h2>\n<p>Kjo \u00e7ant\u00eb shpine \u00ebsht\u00eb b\u00ebr\u00eb me dashuri dhe kujdes p\u00ebr planetin ton\u00eb! B\u00ebr\u00eb nga shishe uji t\u00eb ricikluara dhe projektuar me stil dhe funksionalitet n\u00eb mendje p\u00ebr f\u00ebmij\u00ebt aventurier\u00eb. Brenda do t\u00eb gjeni nj\u00eb mbajt\u00ebse shishe dhe nj\u00eb xhep me zinxhir p\u00ebr t\u00eb organizuar gj\u00ebrat tuaja.<\/p>","protected":false},"featured_media":12275,"comment_status":"open","ping_status":"closed","template":"","meta":[],"product_brand":[],"product_cat":[636,285],"product_tag":[592,411],"class_list":{"0":"post-12338","1":"product","2":"type-product","3":"status-publish","4":"has-post-thumbnail","6":"product_cat-pick-pack","7":"product_cat-udhetimi","8":"product_tag-summer","9":"product_tag-travel","11":"first","12":"instock","13":"sale","14":"shipping-taxable","15":"purchasable","16":"product-type-variable"},"jetpack_sharing_enabled":true,"_links":{"self":[{"href":"https:\/\/nakedearth.al\/en\/wp-json\/wp\/v2\/product\/12338","targetHints":{"allow":["GET"]}}],"collection":[{"href":"https:\/\/nakedearth.al\/en\/wp-json\/wp\/v2\/product"}],"about":[{"href":"https:\/\/nakedearth.al\/en\/wp-json\/wp\/v2\/types\/product"}],"replies":[{"embeddable":true,"href":"https:\/\/nakedearth.al\/en\/wp-json\/wp\/v2\/comments?post=12338"}],"wp:featuredmedia":[{"embeddable":true,"href":"https:\/\/nakedearth.al\/en\/wp-json\/wp\/v2\/media\/12275"}],"wp:attachment":[{"href":"https:\/\/nakedearth.al\/en\/wp-json\/wp\/v2\/media?parent=12338"}],"wp:term":[{"taxonomy":"product_brand","embeddable":true,"href":"https:\/\/nakedearth.al\/en\/wp-json\/wp\/v2\/product_brand?post=12338"},{"taxonomy":"product_cat","embeddable":true,"href":"https:\/\/nakedearth.al\/en\/wp-json\/wp\/v2\/product_cat?post=12338"},{"taxonomy":"product_tag","embeddable":true,"href":"https:\/\/nakedearth.al\/en\/wp-json\/wp\/v2\/product_tag?post=12338"}],"curies":[{"name":"wp","href":"https:\/\/api.w.org\/{rel}","templated":true}]}}