{"id":12824,"date":"2022-07-14T16:23:20","date_gmt":"2022-07-14T14:23:20","guid":{"rendered":"https:\/\/nakedearth.al\/?post_type=product&#038;p=12824"},"modified":"2023-09-04T15:46:41","modified_gmt":"2023-09-04T13:46:41","slug":"gots-blanket-tog-10-75-x-100-cm","status":"publish","type":"product","link":"https:\/\/nakedearth.al\/en\/product\/gots-blanket-tog-10-75-x-100-cm\/","title":{"rendered":"GOTS Blanket TOG 1,0 &#8211; 75 x 100 cm"},"content":{"rendered":"<h3>Projektuar n\u00eb Holand\u00eb, i dashur kudo.<\/h3>\n<h3>M\u00eb thuaj pak m\u00eb shum\u00eb\u2026<\/h3>\n<p>Batanije komode dhe e bukur. Siguron k\u00ebmb\u00eb t\u00eb ngrohta, trup t\u00eb ngroht\u00eb dhe \u00ebndrra t\u00eb \u00ebmbla!<\/p>\n<p>&nbsp;<\/p>\n<h4>Snoozebaby Amsterdam<\/h4>\n<p>Koleksionet Snoozebaby jan\u00eb projektuar dhe zhvilluar n\u00eb Amsterdam. <strong>Snoozebaby<\/strong> \u00ebsht\u00eb nj\u00eb mark\u00eb ambicioze me nj\u00eb pozicion t\u00eb fort\u00eb n\u00eb tregun holandez t\u00eb produkteve p\u00ebr f\u00ebmij\u00eb dhe t\u00eb vegj\u00ebl p\u00ebr m\u00eb shum\u00eb se <strong>15 vjet<\/strong>.<\/p>\n<p>Produktet jan\u00eb b\u00ebr\u00eb nga p\u00eblhurat m\u00eb t\u00eb mira si <strong>pambuku organik, poliesteri i ricikluar dhe sherpa<\/strong>. <em>P\u00eblhurat do t\u00eb thithin arom\u00ebn e trupit t\u00eb mamas\u00eb ose babit<\/em>. Garancia p\u00ebr nj\u00eb ndjenj\u00eb t\u00eb sigurt. Etiketat e famshme ndryshojn\u00eb n\u00eb madh\u00ebsi, ngjyr\u00eb dhe struktur\u00eb. Ata p\u00ebrdorim <strong>saten, m\u00ebndafsh dhe kadife<\/strong>. \u00c7do f\u00ebmij\u00eb zbulon etiket\u00ebn e tij t\u00eb preferuar. T\u00eb gjitha produktet tona jan\u00eb t\u00eb certifikuara me CE dhe kalojn\u00eb nd\u00ebr t\u00eb tjera direktivat m\u00eb t\u00eb fundit t\u00eb BE-s\u00eb p\u00ebr lodrat (EN71) dhe direktiv\u00ebn e SHBA-s\u00eb (ASTM).<\/p>\n<p>&nbsp;<\/p>\n<h5>Detaje:<\/h5>\n<p>Madh\u00ebsia: 75 x 100 cm<br \/>\nMateriali: Pambuk GOTS &#8211; TOG 1,0<\/p>","protected":false},"excerpt":{"rendered":"<p>Mbules\u00eb e but\u00eb, \u00ebndrra t\u00eb bukura<\/p>\n<p>Batanije komode dhe e bukur. Siguron k\u00ebmb\u00eb t\u00eb ngrohta, trup t\u00eb ngroht\u00eb dhe \u00ebndrra t\u00eb \u00ebmbla!<\/p>","protected":false},"featured_media":12822,"comment_status":"open","ping_status":"closed","template":"","meta":[],"product_brand":[],"product_cat":[251,253,252,276,294,279,867,661],"product_tag":[553],"class_list":{"0":"post-12824","1":"product","2":"type-product","3":"status-publish","4":"has-post-thumbnail","6":"product_cat-0-6-muaj","7":"product_cat-12-muaj","8":"product_cat-6-12-muaj","9":"product_cat-batanije-mbulesa","10":"product_cat-dhurata","11":"product_cat-kellef-carcafe","12":"product_cat-maternity","13":"product_cat-snoozebaby","14":"product_tag-nursery","16":"first","17":"instock","18":"sale","19":"shipping-taxable","20":"purchasable","21":"product-type-variable"},"jetpack_sharing_enabled":true,"_links":{"self":[{"href":"https:\/\/nakedearth.al\/en\/wp-json\/wp\/v2\/product\/12824","targetHints":{"allow":["GET"]}}],"collection":[{"href":"https:\/\/nakedearth.al\/en\/wp-json\/wp\/v2\/product"}],"about":[{"href":"https:\/\/nakedearth.al\/en\/wp-json\/wp\/v2\/types\/product"}],"replies":[{"embeddable":true,"href":"https:\/\/nakedearth.al\/en\/wp-json\/wp\/v2\/comments?post=12824"}],"wp:featuredmedia":[{"embeddable":true,"href":"https:\/\/nakedearth.al\/en\/wp-json\/wp\/v2\/media\/12822"}],"wp:attachment":[{"href":"https:\/\/nakedearth.al\/en\/wp-json\/wp\/v2\/media?parent=12824"}],"wp:term":[{"taxonomy":"product_brand","embeddable":true,"href":"https:\/\/nakedearth.al\/en\/wp-json\/wp\/v2\/product_brand?post=12824"},{"taxonomy":"product_cat","embeddable":true,"href":"https:\/\/nakedearth.al\/en\/wp-json\/wp\/v2\/product_cat?post=12824"},{"taxonomy":"product_tag","embeddable":true,"href":"https:\/\/nakedearth.al\/en\/wp-json\/wp\/v2\/product_tag?post=12824"}],"curies":[{"name":"wp","href":"https:\/\/api.w.org\/{rel}","templated":true}]}}