{"id":12919,"date":"2022-07-14T11:52:03","date_gmt":"2022-07-14T09:52:03","guid":{"rendered":"https:\/\/nakedearth.al\/?post_type=product&#038;p=12919"},"modified":"2024-03-08T20:29:08","modified_gmt":"2024-03-08T19:29:08","slug":"gots-bathrope-6-12m","status":"publish","type":"product","link":"https:\/\/nakedearth.al\/en\/product\/gots-bathrope-6-12m\/","title":{"rendered":"GOTS Bathrope &#8211; 6-12m"},"content":{"rendered":"<h3>Projektuar n\u00eb Holand\u00eb, i dashur kudo.<\/h3>\n<h3>M\u00eb thuaj pak m\u00eb shum\u00eb\u2026<\/h3>\n<p>Ndjenja e banj\u00ebs, t\u00eb gjith\u00eb e duan at\u00eb. Prandaj ky rrobdishamb\u00ebr i mrekulluesh\u00ebm, i but\u00eb, q\u00eb thith lag\u00ebshtin\u00eb, \u00ebsht\u00eb b\u00ebr\u00eb nga 100% pambuk organik.<\/p>\n<h4>Snoozebaby Amsterdam<\/h4>\n<p>Koleksionet Snoozebaby jan\u00eb projektuar dhe zhvilluar n\u00eb Amsterdam. <strong>Snoozebaby<\/strong> \u00ebsht\u00eb nj\u00eb mark\u00eb ambicioze me nj\u00eb pozicion t\u00eb fort\u00eb n\u00eb tregun holandez t\u00eb produkteve p\u00ebr f\u00ebmij\u00eb dhe t\u00eb vegj\u00ebl p\u00ebr m\u00eb shum\u00eb se <strong>15 vjet<\/strong>.<\/p>\n<p>Produktet jan\u00eb b\u00ebr\u00eb nga p\u00eblhurat m\u00eb t\u00eb mira si <strong>pambuku organik, poliesteri i ricikluar dhe sherpa<\/strong>. <em>P\u00eblhurat do t\u00eb thithin arom\u00ebn e trupit t\u00eb mamas\u00eb ose babit<\/em>. Garancia p\u00ebr nj\u00eb ndjenj\u00eb t\u00eb sigurt. Etiketat e famshme ndryshojn\u00eb n\u00eb madh\u00ebsi, ngjyr\u00eb dhe struktur\u00eb. Ata p\u00ebrdorim <strong>saten, m\u00ebndafsh dhe kadife<\/strong>. \u00c7do f\u00ebmij\u00eb zbulon etiket\u00ebn e tij t\u00eb preferuar. T\u00eb gjitha produktet tona jan\u00eb t\u00eb certifikuara me CE dhe kalojn\u00eb nd\u00ebr t\u00eb tjera direktivat m\u00eb t\u00eb fundit t\u00eb BE-s\u00eb p\u00ebr lodrat (EN71) dhe direktiv\u00ebn e SHBA-s\u00eb (ASTM).<\/p>\n<p>&nbsp;<\/p>\n<h5>Detaje:<\/h5>\n<p>Masa: 6 &#8211; 12 muaj<br \/>\nMateriali: Pambuk GOTS<\/p>","protected":false},"excerpt":{"rendered":"<h2>Rrobdishamb\u00ebr p\u00ebr f\u00ebmij\u00eb<\/h2>\n<p>Ndjenja e banj\u00ebs, t\u00eb gjith\u00eb e duan at\u00eb. Prandaj ky rrobdishamb\u00ebr i mrekulluesh\u00ebm, i but\u00eb, q\u00eb thith lag\u00ebshtin\u00eb, \u00ebsht\u00eb b\u00ebr\u00eb nga 100% pambuk organik.<\/p>","protected":false},"featured_media":12918,"comment_status":"open","ping_status":"closed","template":"","meta":[],"product_brand":[],"product_cat":[253,252,266,267,661,270],"product_tag":[551,703],"class_list":{"0":"post-12919","1":"product","2":"type-product","3":"status-publish","4":"has-post-thumbnail","6":"product_cat-12-muaj","7":"product_cat-6-12-muaj","8":"product_cat-koha-e-larjes","9":"product_cat-peshqir","10":"product_cat-snoozebaby","11":"product_cat-veshje","12":"product_tag-bathtime","13":"product_tag-snoozebaby","15":"first","16":"instock","17":"sale","18":"shipping-taxable","19":"purchasable","20":"product-type-variable"},"jetpack_sharing_enabled":true,"_links":{"self":[{"href":"https:\/\/nakedearth.al\/en\/wp-json\/wp\/v2\/product\/12919","targetHints":{"allow":["GET"]}}],"collection":[{"href":"https:\/\/nakedearth.al\/en\/wp-json\/wp\/v2\/product"}],"about":[{"href":"https:\/\/nakedearth.al\/en\/wp-json\/wp\/v2\/types\/product"}],"replies":[{"embeddable":true,"href":"https:\/\/nakedearth.al\/en\/wp-json\/wp\/v2\/comments?post=12919"}],"wp:featuredmedia":[{"embeddable":true,"href":"https:\/\/nakedearth.al\/en\/wp-json\/wp\/v2\/media\/12918"}],"wp:attachment":[{"href":"https:\/\/nakedearth.al\/en\/wp-json\/wp\/v2\/media?parent=12919"}],"wp:term":[{"taxonomy":"product_brand","embeddable":true,"href":"https:\/\/nakedearth.al\/en\/wp-json\/wp\/v2\/product_brand?post=12919"},{"taxonomy":"product_cat","embeddable":true,"href":"https:\/\/nakedearth.al\/en\/wp-json\/wp\/v2\/product_cat?post=12919"},{"taxonomy":"product_tag","embeddable":true,"href":"https:\/\/nakedearth.al\/en\/wp-json\/wp\/v2\/product_tag?post=12919"}],"curies":[{"name":"wp","href":"https:\/\/api.w.org\/{rel}","templated":true}]}}