{"id":13002,"date":"2022-07-14T13:56:57","date_gmt":"2022-07-14T11:56:57","guid":{"rendered":"https:\/\/nakedearth.al\/?post_type=product&#038;p=13002"},"modified":"2023-09-01T00:01:31","modified_gmt":"2023-08-31T22:01:31","slug":"gots-pyjama-6-12m","status":"publish","type":"product","link":"https:\/\/nakedearth.al\/en\/product\/gots-pyjama-6-12m\/","title":{"rendered":"GOTS Pyjama \u2013 6-12m"},"content":{"rendered":"<h3>Projektuar n\u00eb Holand\u00eb, i dashur kudo.<\/h3>\n<h3>M\u00eb thuaj pak m\u00eb shum\u00eb\u2026<\/h3>\n<p>Ato ekzistojn\u00eb: pizhame t\u00eb bukura me cil\u00ebsi t\u00eb garantuar dhe t\u00eb bukura. Ja ku jan\u00eb! Gati p\u00ebr gjum\u00eb t\u00eb \u00ebmb\u00ebl.<\/p>\n<h4>Snoozebaby Amsterdam<\/h4>\n<p>Koleksionet Snoozebaby jan\u00eb projektuar dhe zhvilluar n\u00eb Amsterdam. <strong>Snoozebaby<\/strong> \u00ebsht\u00eb nj\u00eb mark\u00eb ambicioze me nj\u00eb pozicion t\u00eb fort\u00eb n\u00eb tregun holandez t\u00eb produkteve p\u00ebr f\u00ebmij\u00eb dhe t\u00eb vegj\u00ebl p\u00ebr m\u00eb shum\u00eb se <strong>15 vjet<\/strong>.<\/p>\n<p>Produktet jan\u00eb b\u00ebr\u00eb nga p\u00eblhurat m\u00eb t\u00eb mira si <strong>pambuku organik, poliesteri i ricikluar dhe sherpa<\/strong>. <em>P\u00eblhurat do t\u00eb thithin arom\u00ebn e trupit t\u00eb mamas\u00eb ose babit<\/em>. Garancia p\u00ebr nj\u00eb ndjenj\u00eb t\u00eb sigurt. Etiketat e famshme ndryshojn\u00eb n\u00eb madh\u00ebsi, ngjyr\u00eb dhe struktur\u00eb. Ata p\u00ebrdorim <strong>saten, m\u00ebndafsh dhe kadife<\/strong>. \u00c7do f\u00ebmij\u00eb zbulon etiket\u00ebn e tij t\u00eb preferuar. T\u00eb gjitha produktet tona jan\u00eb t\u00eb certifikuara me CE dhe kalojn\u00eb nd\u00ebr t\u00eb tjera direktivat m\u00eb t\u00eb fundit t\u00eb BE-s\u00eb p\u00ebr lodrat (EN71) dhe direktiv\u00ebn e SHBA-s\u00eb (ASTM).<\/p>\n<p>&nbsp;<\/p>\n<h5>Detaje:<\/h5>\n<p>Masa: 6 -12 m<br \/>\nMateriali: Pambuk GOTS<\/p>","protected":false},"excerpt":{"rendered":"<h2>Pizhama me pambuk GOTS<\/h2>\n<p>Ato ekzistojn\u00eb: pizhame t\u00eb bukura me cil\u00ebsi t\u00eb garantuar dhe t\u00eb bukura. Ja ku jan\u00eb!<\/p>","protected":false},"featured_media":13001,"comment_status":"open","ping_status":"closed","template":"","meta":[],"product_brand":[],"product_cat":[253,252,661,270],"product_tag":[703],"class_list":{"0":"post-13002","1":"product","2":"type-product","3":"status-publish","4":"has-post-thumbnail","6":"product_cat-12-muaj","7":"product_cat-6-12-muaj","8":"product_cat-snoozebaby","9":"product_cat-veshje","10":"product_tag-snoozebaby","12":"first","13":"instock","14":"sale","15":"shipping-taxable","16":"purchasable","17":"product-type-variable"},"jetpack_sharing_enabled":true,"_links":{"self":[{"href":"https:\/\/nakedearth.al\/en\/wp-json\/wp\/v2\/product\/13002","targetHints":{"allow":["GET"]}}],"collection":[{"href":"https:\/\/nakedearth.al\/en\/wp-json\/wp\/v2\/product"}],"about":[{"href":"https:\/\/nakedearth.al\/en\/wp-json\/wp\/v2\/types\/product"}],"replies":[{"embeddable":true,"href":"https:\/\/nakedearth.al\/en\/wp-json\/wp\/v2\/comments?post=13002"}],"wp:featuredmedia":[{"embeddable":true,"href":"https:\/\/nakedearth.al\/en\/wp-json\/wp\/v2\/media\/13001"}],"wp:attachment":[{"href":"https:\/\/nakedearth.al\/en\/wp-json\/wp\/v2\/media?parent=13002"}],"wp:term":[{"taxonomy":"product_brand","embeddable":true,"href":"https:\/\/nakedearth.al\/en\/wp-json\/wp\/v2\/product_brand?post=13002"},{"taxonomy":"product_cat","embeddable":true,"href":"https:\/\/nakedearth.al\/en\/wp-json\/wp\/v2\/product_cat?post=13002"},{"taxonomy":"product_tag","embeddable":true,"href":"https:\/\/nakedearth.al\/en\/wp-json\/wp\/v2\/product_tag?post=13002"}],"curies":[{"name":"wp","href":"https:\/\/api.w.org\/{rel}","templated":true}]}}