{"id":13110,"date":"2022-07-11T15:40:03","date_gmt":"2022-07-11T13:40:03","guid":{"rendered":"https:\/\/nakedearth.al\/?post_type=product&#038;p=13110"},"modified":"2024-01-09T16:11:48","modified_gmt":"2024-01-09T15:11:48","slug":"newborn-gift-set-knotted-gown-infant-hat-0-3-months","status":"publish","type":"product","link":"https:\/\/nakedearth.al\/en\/product\/newborn-gift-set-knotted-gown-infant-hat-0-3-months\/","title":{"rendered":"Newborn Gift Set Knotted Gown + Infant Hat &#8211; 0-3 Months"},"content":{"rendered":"<h3>aden + anais &#8211; Newborn Gift Set Knotted Gown + Infant Hat<\/h3>\n<h3>E ve\u00e7anta e aden + anais\u2026<\/h3>\n<p>Super i but\u00eb, kompleti i thurur me nyje dhe material pambuku bashk\u00eb me kapelen p\u00ebr bebe ofron rehati dhe siguri maksimale. E dizenjuar duke pasur parasysh t\u00eb porsalindurit, ky komplet mund te hapet shpejt duke ju dh\u00ebn\u00eb akses t\u00eb leht\u00eb p\u00ebr nd\u00ebrrim t\u00eb shpejt\u00eb t\u00eb pelenave. Dekolteja fleksib\u00ebl e b\u00ebn veshjen m\u00eb t\u00eb leht\u00eb dhe nd\u00ebrvepruese nd\u00ebrsa m\u00ebng\u00ebt me xhep ndihmojn\u00eb n\u00eb parandalimin e g\u00ebrvishtjeve nga thonjt\u00eb e vegj\u00ebl. Kapelja e foshnjave me nyje do t\u00eb rritet me f\u00ebmij\u00ebn tuaj.<\/p>\n<h4>Detaje t\u00eb tjera:<\/h4>\n<p>1 cop\u00eb<br \/>\ntutin\u00eb + kapu\u00e7<br \/>\nmund t\u00eb lahet n\u00eb lavatri\u00e7e<\/p>","protected":false},"excerpt":{"rendered":"<h2>Komplet p\u00ebr t\u00eb porsalindur<\/h2>\n<p>Super i but\u00eb, kompleti i thurur me nyje dhe material pambuku bashk\u00eb me kapelen p\u00ebr bebe ofron rehati dhe siguri maksimale. E dizenjuar duke pasur parasysh t\u00eb porsalindurit, ky komplet mund te hapet shpejt duke ju dh\u00ebn\u00eb akses t\u00eb leht\u00eb p\u00ebr nd\u00ebrrim t\u00eb shpejt\u00eb t\u00eb pelenave.<\/p>","protected":false},"featured_media":13687,"comment_status":"open","ping_status":"closed","template":"","meta":[],"product_brand":[],"product_cat":[251,441,294,867,277],"product_tag":[451],"class_list":{"0":"post-13110","1":"product","2":"type-product","3":"status-publish","4":"has-post-thumbnail","6":"product_cat-0-6-muaj","7":"product_cat-aden-anais","8":"product_cat-dhurata","9":"product_cat-maternity","10":"product_cat-mbeshtjellese","11":"product_tag-aden-anais","13":"first","14":"outofstock","15":"sale","16":"shipping-taxable","17":"purchasable","18":"product-type-variable"},"jetpack_sharing_enabled":true,"_links":{"self":[{"href":"https:\/\/nakedearth.al\/en\/wp-json\/wp\/v2\/product\/13110","targetHints":{"allow":["GET"]}}],"collection":[{"href":"https:\/\/nakedearth.al\/en\/wp-json\/wp\/v2\/product"}],"about":[{"href":"https:\/\/nakedearth.al\/en\/wp-json\/wp\/v2\/types\/product"}],"replies":[{"embeddable":true,"href":"https:\/\/nakedearth.al\/en\/wp-json\/wp\/v2\/comments?post=13110"}],"wp:featuredmedia":[{"embeddable":true,"href":"https:\/\/nakedearth.al\/en\/wp-json\/wp\/v2\/media\/13687"}],"wp:attachment":[{"href":"https:\/\/nakedearth.al\/en\/wp-json\/wp\/v2\/media?parent=13110"}],"wp:term":[{"taxonomy":"product_brand","embeddable":true,"href":"https:\/\/nakedearth.al\/en\/wp-json\/wp\/v2\/product_brand?post=13110"},{"taxonomy":"product_cat","embeddable":true,"href":"https:\/\/nakedearth.al\/en\/wp-json\/wp\/v2\/product_cat?post=13110"},{"taxonomy":"product_tag","embeddable":true,"href":"https:\/\/nakedearth.al\/en\/wp-json\/wp\/v2\/product_tag?post=13110"}],"curies":[{"name":"wp","href":"https:\/\/api.w.org\/{rel}","templated":true}]}}