{"id":13127,"date":"2022-07-11T12:02:46","date_gmt":"2022-07-11T10:02:46","guid":{"rendered":"https:\/\/nakedearth.al\/?post_type=product&#038;p=13127"},"modified":"2025-03-28T14:44:06","modified_gmt":"2025-03-28T13:44:06","slug":"essentials-wrap-dino-rama-3-pack","status":"publish","type":"product","link":"https:\/\/nakedearth.al\/en\/product\/essentials-wrap-dino-rama-3-pack\/","title":{"rendered":"Essentials Wrap &#8211; Dino Rama &#8211; 3 Pack"},"content":{"rendered":"<h3>aden + anais \u2013 Essentials Wrap \u2013 3 Pack<\/h3>\n<h3>E ve\u00e7anta e aden + anais\u2026<\/h3>\n<p>Mb\u00ebrthyese me velcro t\u00eb rregullueshme n\u00eb m\u00ebnyr\u00eb t\u00eb sigurt rreth foshnj\u00ebs tuaj, duke krijuar nj\u00eb ndjenj\u00eb t\u00eb rehatshme, t\u00eb ngjashme me barkun tuaj dhe duke ndihmuar n\u00eb parandalimin e refleksit natyror t\u00eb MORON. Me Easy Swaddle Wrap, ju mund t\u2019i mb\u00ebshtillni beben n\u00eb dy m\u00ebnyra; krah\u00ebt brenda ose krah\u00ebt jasht\u00eb, n\u00eb var\u00ebsi t\u00eb preferenc\u00ebs s\u00eb gjumit.<\/p>\n<p>Nj\u00eb zinxhir rreth pjes\u00ebs s\u00eb poshtme mund\u00ebson nd\u00ebrrime t\u00eb lehta t\u00eb pelenave pa pasur nevoj\u00eb ti zhvishni. Dizajni i gjer\u00eb lejon zhvillimin e sh\u00ebndetsh\u00ebm t\u00eb ijeve.<\/p>\n<h4>Detaje t\u00eb tjera:<\/h4>\n<p>3 cop\u00eb<br \/>\n1.0 TOG<br \/>\npambuk<br \/>\nmund t\u00eb lahet n\u00eb lavatri\u00e7e<\/p>","protected":false},"excerpt":{"rendered":"<h2>Mb\u00ebshtjell\u00ebse p\u00ebr bebe<\/h2>\n<p>Mb\u00ebshtjellja me pelez\u00eb \u00ebsht\u00eb nj\u00eb m\u00ebnyr\u00eb e shk\u00eblqyer p\u00ebr ta ndihmuar vog\u00eblushin tuaj t\u00eb flej\u00eb m\u00eb i sigurt + i qet\u00eb. (Po ju lutem!) Dhe mb\u00ebshtjellja jon\u00eb Easy Swaddle e b\u00ebn shum\u00eb t\u00eb leht\u00eb.<\/p>","protected":false},"featured_media":13655,"comment_status":"open","ping_status":"closed","template":"","meta":[],"product_brand":[],"product_cat":[251,441,277],"product_tag":[451,485],"class_list":{"0":"post-13127","1":"product","2":"type-product","3":"status-publish","4":"has-post-thumbnail","6":"product_cat-0-6-muaj","7":"product_cat-aden-anais","8":"product_cat-mbeshtjellese","9":"product_tag-aden-anais","10":"product_tag-swaddle","12":"first","13":"instock","14":"sale","15":"shipping-taxable","16":"purchasable","17":"product-type-variable"},"jetpack_sharing_enabled":true,"_links":{"self":[{"href":"https:\/\/nakedearth.al\/en\/wp-json\/wp\/v2\/product\/13127","targetHints":{"allow":["GET"]}}],"collection":[{"href":"https:\/\/nakedearth.al\/en\/wp-json\/wp\/v2\/product"}],"about":[{"href":"https:\/\/nakedearth.al\/en\/wp-json\/wp\/v2\/types\/product"}],"replies":[{"embeddable":true,"href":"https:\/\/nakedearth.al\/en\/wp-json\/wp\/v2\/comments?post=13127"}],"wp:featuredmedia":[{"embeddable":true,"href":"https:\/\/nakedearth.al\/en\/wp-json\/wp\/v2\/media\/13655"}],"wp:attachment":[{"href":"https:\/\/nakedearth.al\/en\/wp-json\/wp\/v2\/media?parent=13127"}],"wp:term":[{"taxonomy":"product_brand","embeddable":true,"href":"https:\/\/nakedearth.al\/en\/wp-json\/wp\/v2\/product_brand?post=13127"},{"taxonomy":"product_cat","embeddable":true,"href":"https:\/\/nakedearth.al\/en\/wp-json\/wp\/v2\/product_cat?post=13127"},{"taxonomy":"product_tag","embeddable":true,"href":"https:\/\/nakedearth.al\/en\/wp-json\/wp\/v2\/product_tag?post=13127"}],"curies":[{"name":"wp","href":"https:\/\/api.w.org\/{rel}","templated":true}]}}