{"id":13131,"date":"2022-07-11T10:09:15","date_gmt":"2022-07-11T08:09:15","guid":{"rendered":"https:\/\/nakedearth.al\/?post_type=product&#038;p=13131"},"modified":"2025-08-07T10:42:55","modified_gmt":"2025-08-07T08:42:55","slug":"baby-bonding-top-black","status":"publish","type":"product","link":"https:\/\/nakedearth.al\/en\/product\/baby-bonding-top-black\/","title":{"rendered":"Baby Bonding Top &#8211; Black"},"content":{"rendered":"<h3>aden + anais &#8211; Baby Bonding Top &#8211; Black<\/h3>\n<h3>E ve\u00e7anta e aden + anais\u2026<\/h3>\n<p>Pjesa e sip\u00ebrme e Baby-Bonding i lejon n\u00ebn\u00ebs t\u00eb ndihet e mbuluar dhe e mb\u00ebshtetur nd\u00ebrsa shijon kontaktin l\u00ebkur\u00eb m\u00eb l\u00ebkur\u00eb me t\u00eb porsalindurin e saj p\u00ebr p\u00ebrqafimin m\u00eb t\u00eb af\u00ebrt. Kjo metod\u00eb intime e lidhjes me foshnj\u00ebn ndihmon n\u00eb leht\u00ebsimin e foshnjave n\u00eb jet\u00ebn jasht\u00eb mitr\u00ebs duke ndihmuar n\u00eb nxitjen e ushqyerjes me gji, rregullimin e temperatur\u00ebs, ritmin e zemr\u00ebs dhe frym\u00ebmarrjen e tyre \u2013 t\u00eb gjitha k\u00ebto ndihmojn\u00eb p\u00ebr t&#8217;u \u00e7lodhur si n\u00ebn\u00ebn ashtu edhe foshnj\u00ebn.<\/p>\n<p>P\u00ebrzierja e but\u00eb e pambukut dhe elastanit t\u00eb pjes\u00ebs s\u00eb sip\u00ebrme t\u00eb lidhjes s\u00eb foshnj\u00ebs e p\u00ebrqafon but\u00ebsisht foshnj\u00ebn pran\u00eb gjoksit t\u00eb zhveshur t\u00eb n\u00ebn\u00ebs, nd\u00ebrsa mb\u00ebshtet\u00ebsja e integruar fut n\u00eb pjes\u00ebn e poshtme t\u00eb t\u00eb porsalindurit dhe nj\u00eb p\u00eblhur\u00eb e sip\u00ebrme e integruar siguron mb\u00ebshtetje p\u00ebr qaf\u00ebn. Funksioni takohet me stilin me dizajnin e tij elegant dhe t\u00eb zi q\u00eb mund t\u00eb p\u00ebrfshihet leht\u00ebsisht n\u00eb veshjet e mamas\u00eb.<\/p>\n<h4>Detaje t\u00eb vogla:<\/h4>\n<p>Masa XL &#8211; Masa e gjoksit 106 &#8211; 112 cm<\/p>","protected":false},"excerpt":{"rendered":"<h2>Baby-bonding p\u00ebr bebin tuaj<\/h2>\n<p>Kjo metod\u00eb intime e lidhjes me foshnj\u00ebn ndihmon n\u00eb leht\u00ebsimin e foshnjave n\u00eb jet\u00ebn jasht\u00eb mitr\u00ebs duke ndihmuar n\u00eb nxitjen e ushqyerjes me gji, rregullimin e temperatur\u00ebs, ritmin e zemr\u00ebs dhe frym\u00ebmarrjen e tyre \u2013 t\u00eb gjitha k\u00ebto ndihmojn\u00eb p\u00ebr t&#8217;u \u00e7lodhur si n\u00ebn\u00ebn ashtu edhe foshnj\u00ebn.<\/p>","protected":false},"featured_media":13419,"comment_status":"open","ping_status":"closed","template":"","meta":[],"product_brand":[],"product_cat":[251,252,441,294,867,285],"product_tag":[451],"class_list":{"0":"post-13131","1":"product","2":"type-product","3":"status-publish","4":"has-post-thumbnail","6":"product_cat-0-6-muaj","7":"product_cat-6-12-muaj","8":"product_cat-aden-anais","9":"product_cat-dhurata","10":"product_cat-maternity","11":"product_cat-udhetimi","12":"product_tag-aden-anais","14":"first","15":"instock","16":"sale","17":"shipping-taxable","18":"purchasable","19":"product-type-simple"},"jetpack_sharing_enabled":true,"_links":{"self":[{"href":"https:\/\/nakedearth.al\/en\/wp-json\/wp\/v2\/product\/13131","targetHints":{"allow":["GET"]}}],"collection":[{"href":"https:\/\/nakedearth.al\/en\/wp-json\/wp\/v2\/product"}],"about":[{"href":"https:\/\/nakedearth.al\/en\/wp-json\/wp\/v2\/types\/product"}],"replies":[{"embeddable":true,"href":"https:\/\/nakedearth.al\/en\/wp-json\/wp\/v2\/comments?post=13131"}],"wp:featuredmedia":[{"embeddable":true,"href":"https:\/\/nakedearth.al\/en\/wp-json\/wp\/v2\/media\/13419"}],"wp:attachment":[{"href":"https:\/\/nakedearth.al\/en\/wp-json\/wp\/v2\/media?parent=13131"}],"wp:term":[{"taxonomy":"product_brand","embeddable":true,"href":"https:\/\/nakedearth.al\/en\/wp-json\/wp\/v2\/product_brand?post=13131"},{"taxonomy":"product_cat","embeddable":true,"href":"https:\/\/nakedearth.al\/en\/wp-json\/wp\/v2\/product_cat?post=13131"},{"taxonomy":"product_tag","embeddable":true,"href":"https:\/\/nakedearth.al\/en\/wp-json\/wp\/v2\/product_tag?post=13131"}],"curies":[{"name":"wp","href":"https:\/\/api.w.org\/{rel}","templated":true}]}}