{"id":13136,"date":"2022-07-09T18:48:08","date_gmt":"2022-07-09T16:48:08","guid":{"rendered":"https:\/\/nakedearth.al\/?post_type=product&#038;p=13136"},"modified":"2025-03-28T14:50:59","modified_gmt":"2025-03-28T13:50:59","slug":"disney-sleeping-bag-1-tog-harry-potter-iconic","status":"publish","type":"product","link":"https:\/\/nakedearth.al\/en\/product\/disney-sleeping-bag-1-tog-harry-potter-iconic\/","title":{"rendered":"Disney Sleeping Bag \u2013 1 TOG \u2013 Harry Potter Iconic"},"content":{"rendered":"<h3>aden + anais \u2013 Disney Sleeping Bag \u2013 1 TOG<\/h3>\n<h3>E ve\u00e7anta e aden + anais\u2026<\/h3>\n<p>E pamundur q\u00eb k\u00ebmb\u00ebt e vogla t\u00eb zbulohen, thesi gjumit p\u00ebr f\u00ebmij\u00eb 100% pambuk e mban f\u00ebmij\u00ebn t\u00eb ndihet i qet\u00eb dhe i sigurt kur fillon tranzicioni nga mb\u00ebshtjell\u00ebsja. E dizenjuar p\u00ebr t\u2019u veshur mbi pizhame, thesi i leht\u00eb i gjumit p\u00ebr f\u00ebmij\u00eb eliminon nevoj\u00ebn p\u00ebr batanije t\u00eb lirshme n\u00eb krevat f\u00ebmij\u00ebsh p\u00ebr nj\u00eb gjum\u00eb m\u00eb t\u00eb sigurt.<\/p>\n<h4>\u00c7far\u00eb duhet t\u00eb dini tjet\u00ebr?<\/h4>\n<p>E b\u00ebr\u00eb nga nj\u00eb shtres\u00eb e vetme nape pambuku q\u00eb lejon ajrosjen, duke lejuar rrjedhjen e ajrit, ndihmon n\u00eb uljen e rrezikut t\u00eb mbinxehjes s\u00eb foshnj\u00ebs p\u00ebr nj\u00eb gjum\u00eb t\u00eb qet\u00eb t\u00eb nat\u00ebs p\u00ebr f\u00ebmij\u00ebn dhe ju. Zinxhiri i tij i p\u00ebrshtatsh\u00ebm hapet nga fundi, duke i b\u00ebr\u00eb t\u00eb lehta ndryshimet e pelenave gjat\u00eb nat\u00ebs. Ky thes gjumi nape 100% pambuk \u00ebsht\u00eb i lar\u00eb paraprakisht, k\u00ebshtu q\u00eb \u00ebsht\u00eb super i but\u00eb q\u00eb n\u00eb fillim dhe q\u00ebndron i till\u00eb lar\u00eb pas larjes.<\/p>\n<h5>Detaje t\u00eb vogla:<\/h5>\n<p>1 TOG<br \/>\n1 shtresa nape 100% pambuk<br \/>\nlahet n\u00eb lavatri\u00e7e<br \/>\nngjyra jo toksike, e sigurt p\u00ebr f\u00ebmij\u00ebn, e sigurt p\u00ebr mjedisin<br \/>\n1 cop\u00eb<\/p>","protected":false},"excerpt":{"rendered":"<h2>Thes gjumi i leht\u00eb<\/h2>\n<p>E pamundur q\u00eb k\u00ebmb\u00ebt e vogla t\u00eb zbulohen, thesi gjumit p\u00ebr f\u00ebmij\u00eb 100% pambuk e mban f\u00ebmij\u00ebn t\u00eb ndihet i qet\u00eb dhe i sigurt kur fillon tranzicioni nga mb\u00ebshtjell\u00ebsja. E dizenjuar p\u00ebr t\u2019u veshur mbi pizhame, thesi i leht\u00eb i gjumit p\u00ebr f\u00ebmij\u00eb eliminon nevoj\u00ebn p\u00ebr batanije t\u00eb lirshme n\u00eb krevat f\u00ebmij\u00ebsh p\u00ebr nj\u00eb gjum\u00eb m\u00eb t\u00eb sigurt. 1 TOG.<\/p>","protected":false},"featured_media":13570,"comment_status":"open","ping_status":"closed","template":"","meta":[],"product_brand":[],"product_cat":[253,252,441,277],"product_tag":[451,802],"class_list":{"0":"post-13136","1":"product","2":"type-product","3":"status-publish","4":"has-post-thumbnail","6":"product_cat-12-muaj","7":"product_cat-6-12-muaj","8":"product_cat-aden-anais","9":"product_cat-mbeshtjellese","10":"product_tag-aden-anais","11":"product_tag-sleeping-bag","13":"first","14":"instock","15":"sale","16":"shipping-taxable","17":"purchasable","18":"product-type-variable"},"jetpack_sharing_enabled":true,"_links":{"self":[{"href":"https:\/\/nakedearth.al\/en\/wp-json\/wp\/v2\/product\/13136","targetHints":{"allow":["GET"]}}],"collection":[{"href":"https:\/\/nakedearth.al\/en\/wp-json\/wp\/v2\/product"}],"about":[{"href":"https:\/\/nakedearth.al\/en\/wp-json\/wp\/v2\/types\/product"}],"replies":[{"embeddable":true,"href":"https:\/\/nakedearth.al\/en\/wp-json\/wp\/v2\/comments?post=13136"}],"wp:featuredmedia":[{"embeddable":true,"href":"https:\/\/nakedearth.al\/en\/wp-json\/wp\/v2\/media\/13570"}],"wp:attachment":[{"href":"https:\/\/nakedearth.al\/en\/wp-json\/wp\/v2\/media?parent=13136"}],"wp:term":[{"taxonomy":"product_brand","embeddable":true,"href":"https:\/\/nakedearth.al\/en\/wp-json\/wp\/v2\/product_brand?post=13136"},{"taxonomy":"product_cat","embeddable":true,"href":"https:\/\/nakedearth.al\/en\/wp-json\/wp\/v2\/product_cat?post=13136"},{"taxonomy":"product_tag","embeddable":true,"href":"https:\/\/nakedearth.al\/en\/wp-json\/wp\/v2\/product_tag?post=13136"}],"curies":[{"name":"wp","href":"https:\/\/api.w.org\/{rel}","templated":true}]}}