{"id":13156,"date":"2022-07-11T14:13:16","date_gmt":"2022-07-11T12:13:16","guid":{"rendered":"https:\/\/nakedearth.al\/?post_type=product&#038;p=13156"},"modified":"2024-11-09T11:48:08","modified_gmt":"2024-11-09T10:48:08","slug":"sleeved-sleeping-bag-cream-mint-1-5-tog","status":"publish","type":"product","link":"https:\/\/nakedearth.al\/en\/product\/sleeved-sleeping-bag-cream-mint-1-5-tog\/","title":{"rendered":"Sleeved Sleeping Bag &#8211; Cream Mint &#8211; 1.5 TOG"},"content":{"rendered":"<h3>aden + anais &#8211; Sleeved Sleeping Bag &#8211; 1.5 TOG<\/h3>\n<h3>E ve\u00e7anta e aden + anais\u2026<\/h3>\n<p>Thesi i gjumit me m\u00ebng\u00eb \u00ebsht\u00eb krijuar p\u00ebr t\u00eb ndihmuar foshnjat (dhe prind\u00ebrit) t\u00eb shijojn\u00eb gjum\u00eb t\u00eb pand\u00ebrprer\u00eb. Thurja e saj me tegela dhe pambuk p\u00ebrshtatet mir\u00eb n\u00eb pjes\u00ebn e sip\u00ebrme t\u00eb trupit dhe krah\u00ebve. Dizajni unik i m\u00ebng\u00ebs i b\u00ebn krah\u00ebt e vegj\u00ebl t\u00eb ndjehen t\u00eb sigurt, duke ndihmuar n\u00eb reduktimin e refleksit Moro nga zgjimi i foshnj\u00ebs. Kjo rehati imiton ndjenj\u00ebn e sigurt t\u00eb mitr\u00ebs, duke inkurajuar nj\u00eb gjum\u00eb m\u00eb t\u00eb qet\u00eb.<\/p>\n<p>E disponueshme n\u00eb p\u00ebrmasat e t\u00eb porsalindurve deri n\u00eb n\u00ebnt\u00eb muajsh, hap\u00ebsira e bollshme e k\u00ebmb\u00ebve t\u00eb thesit s\u00eb gjumit lejon zhvillimin e vazhduesh\u00ebm t\u00eb sh\u00ebndetsh\u00ebm t\u00eb ijeve, nd\u00ebrsa zinxhiri hapet nga posht\u00eb lart p\u00ebr ndryshimet e pelenave pa zhurm\u00eb gjat\u00eb nat\u00ebs.<\/p>\n<h4>Detaje t\u00eb tjera:<\/h4>\n<p>1 cop\u00eb<br \/>\n1.5 TOG<br \/>\nmund t\u00eb lahet n\u00eb lavatri\u00e7e<\/p>","protected":false},"excerpt":{"rendered":"<h2>Thes gjumi me m\u00ebng\u00eb<\/h2>\n<p>Thesi i gjumit me m\u00ebng\u00eb \u00ebsht\u00eb krijuar p\u00ebr t\u00eb ndihmuar foshnjat (dhe prind\u00ebrit) t\u00eb shijojn\u00eb gjum\u00eb t\u00eb pand\u00ebrprer\u00eb. Thurja e saj me tegela dhe pambuk p\u00ebrshtatet mir\u00eb n\u00eb pjes\u00ebn e sip\u00ebrme t\u00eb trupit dhe krah\u00ebve. Dizajni unik i m\u00ebng\u00ebs i b\u00ebn krah\u00ebt e vegj\u00ebl t\u00eb ndjehen t\u00eb sigurt, duke ndihmuar n\u00eb reduktimin e refleksit Moro nga zgjimi i foshnj\u00ebs. 1.5 TOG<\/p>","protected":false},"featured_media":13668,"comment_status":"open","ping_status":"closed","template":"","meta":[],"product_brand":[],"product_cat":[251,441,276,277],"product_tag":[810,451,802,809],"class_list":{"0":"post-13156","1":"product","2":"type-product","3":"status-publish","4":"has-post-thumbnail","6":"product_cat-0-6-muaj","7":"product_cat-aden-anais","8":"product_cat-batanije-mbulesa","9":"product_cat-mbeshtjellese","10":"product_tag-1-5-tog","11":"product_tag-aden-anais","12":"product_tag-sleeping-bag","13":"product_tag-snug-fit","15":"first","16":"instock","17":"sale","18":"shipping-taxable","19":"purchasable","20":"product-type-variable"},"jetpack_sharing_enabled":true,"_links":{"self":[{"href":"https:\/\/nakedearth.al\/en\/wp-json\/wp\/v2\/product\/13156","targetHints":{"allow":["GET"]}}],"collection":[{"href":"https:\/\/nakedearth.al\/en\/wp-json\/wp\/v2\/product"}],"about":[{"href":"https:\/\/nakedearth.al\/en\/wp-json\/wp\/v2\/types\/product"}],"replies":[{"embeddable":true,"href":"https:\/\/nakedearth.al\/en\/wp-json\/wp\/v2\/comments?post=13156"}],"wp:featuredmedia":[{"embeddable":true,"href":"https:\/\/nakedearth.al\/en\/wp-json\/wp\/v2\/media\/13668"}],"wp:attachment":[{"href":"https:\/\/nakedearth.al\/en\/wp-json\/wp\/v2\/media?parent=13156"}],"wp:term":[{"taxonomy":"product_brand","embeddable":true,"href":"https:\/\/nakedearth.al\/en\/wp-json\/wp\/v2\/product_brand?post=13156"},{"taxonomy":"product_cat","embeddable":true,"href":"https:\/\/nakedearth.al\/en\/wp-json\/wp\/v2\/product_cat?post=13156"},{"taxonomy":"product_tag","embeddable":true,"href":"https:\/\/nakedearth.al\/en\/wp-json\/wp\/v2\/product_tag?post=13156"}],"curies":[{"name":"wp","href":"https:\/\/api.w.org\/{rel}","templated":true}]}}