{"id":13159,"date":"2022-07-11T14:34:26","date_gmt":"2022-07-11T12:34:26","guid":{"rendered":"https:\/\/nakedearth.al\/?post_type=product&#038;p=13159"},"modified":"2023-10-16T11:37:55","modified_gmt":"2023-10-16T09:37:55","slug":"mid-season-sleeping-bag-twinkle-1-5-tog","status":"publish","type":"product","link":"https:\/\/nakedearth.al\/en\/product\/mid-season-sleeping-bag-twinkle-1-5-tog\/","title":{"rendered":"Mid-Season Sleeping Bag &#8211; Twinkle &#8211; 1.5 TOG"},"content":{"rendered":"<h3>aden + anais &#8211; Mid-Season Sleeping Bag &#8211; 1.5 TOG<\/h3>\n<h3>E ve\u00e7anta e aden + anais\u2026<\/h3>\n<p>E pamundur q\u00eb k\u00ebmb\u00ebt e vogla t\u00eb zbulohen, thesi gjumit p\u00ebr f\u00ebmij\u00eb 100% pambuk e mban f\u00ebmij\u00ebn t\u00eb ndihet i qet\u00eb dhe i sigurt kur fillon tranzicioni nga mb\u00ebshtjell\u00ebsja. E dizenjuar p\u00ebr t\u2019u veshur mbi pizhame, thesi i leht\u00eb i gjumit p\u00ebr f\u00ebmij\u00eb eliminon nevoj\u00ebn p\u00ebr batanije t\u00eb lirshme n\u00eb krevat f\u00ebmij\u00ebsh p\u00ebr nj\u00eb gjum\u00eb m\u00eb t\u00eb sigurt.<\/p>\n<h4>\u00c7far\u00eb duhet t\u00eb dini tjet\u00ebr?<\/h4>\n<p>E b\u00ebr\u00eb nga nj\u00eb shtresa nape pambuku q\u00eb lejon ajrosjen, duke lejuar rrjedhjen e ajrit, ndihmon n\u00eb uljen e rrezikut t\u00eb mbinxehjes s\u00eb foshnj\u00ebs p\u00ebr nj\u00eb gjum\u00eb t\u00eb qet\u00eb t\u00eb nat\u00ebs p\u00ebr f\u00ebmij\u00ebn dhe ju. Zinxhiri i tij i p\u00ebrshtatsh\u00ebm hapet nga fundi, duke i b\u00ebr\u00eb t\u00eb lehta ndryshimet e pelenave gjat\u00eb nat\u00ebs. Ky thes gjumi nape 100% pambuk \u00ebsht\u00eb i lar\u00eb paraprakisht, k\u00ebshtu q\u00eb \u00ebsht\u00eb super i but\u00eb q\u00eb n\u00eb fillim dhe q\u00ebndron i till\u00eb lar\u00eb pas larjes.<\/p>\n<h5>Detaje t\u00eb vogla:<\/h5>\n<p>1.5 TOG<br \/>\n1 shtresa nape 100% pambuk<br \/>\nlahet n\u00eb lavatri\u00e7e<br \/>\nngjyra jo toksike, e sigurt p\u00ebr f\u00ebmij\u00ebn, e sigurt p\u00ebr mjedisin<br \/>\n1 cop\u00eb<\/p>","protected":false},"excerpt":{"rendered":"<h2>Thes gjumi p\u00ebr f\u00ebmij\u00eb<\/h2>\n<p>E pamundur q\u00eb k\u00ebmb\u00ebt e vogla t\u00eb zbulohen, thesi gjumit p\u00ebr f\u00ebmij\u00eb 100% pambuk e mban f\u00ebmij\u00ebn t\u00eb ndihet i qet\u00eb dhe i sigurt kur fillon tranzicioni nga mb\u00ebshtjell\u00ebsja. E dizenjuar p\u00ebr t\u2019u veshur mbi pizhame, thesi i leht\u00eb i gjumit p\u00ebr f\u00ebmij\u00eb eliminon nevoj\u00ebn p\u00ebr batanije t\u00eb lirshme n\u00eb krevat f\u00ebmij\u00ebsh p\u00ebr nj\u00eb gjum\u00eb m\u00eb t\u00eb sigurt. 1.5 TOG.<\/p>","protected":false},"featured_media":13679,"comment_status":"open","ping_status":"closed","template":"","meta":[],"product_brand":[],"product_cat":[251,253,252,441,276,277],"product_tag":[810,451,802],"class_list":{"0":"post-13159","1":"product","2":"type-product","3":"status-publish","4":"has-post-thumbnail","6":"product_cat-0-6-muaj","7":"product_cat-12-muaj","8":"product_cat-6-12-muaj","9":"product_cat-aden-anais","10":"product_cat-batanije-mbulesa","11":"product_cat-mbeshtjellese","12":"product_tag-1-5-tog","13":"product_tag-aden-anais","14":"product_tag-sleeping-bag","16":"first","17":"instock","18":"sale","19":"shipping-taxable","20":"purchasable","21":"product-type-variable"},"jetpack_sharing_enabled":true,"_links":{"self":[{"href":"https:\/\/nakedearth.al\/en\/wp-json\/wp\/v2\/product\/13159","targetHints":{"allow":["GET"]}}],"collection":[{"href":"https:\/\/nakedearth.al\/en\/wp-json\/wp\/v2\/product"}],"about":[{"href":"https:\/\/nakedearth.al\/en\/wp-json\/wp\/v2\/types\/product"}],"replies":[{"embeddable":true,"href":"https:\/\/nakedearth.al\/en\/wp-json\/wp\/v2\/comments?post=13159"}],"wp:featuredmedia":[{"embeddable":true,"href":"https:\/\/nakedearth.al\/en\/wp-json\/wp\/v2\/media\/13679"}],"wp:attachment":[{"href":"https:\/\/nakedearth.al\/en\/wp-json\/wp\/v2\/media?parent=13159"}],"wp:term":[{"taxonomy":"product_brand","embeddable":true,"href":"https:\/\/nakedearth.al\/en\/wp-json\/wp\/v2\/product_brand?post=13159"},{"taxonomy":"product_cat","embeddable":true,"href":"https:\/\/nakedearth.al\/en\/wp-json\/wp\/v2\/product_cat?post=13159"},{"taxonomy":"product_tag","embeddable":true,"href":"https:\/\/nakedearth.al\/en\/wp-json\/wp\/v2\/product_tag?post=13159"}],"curies":[{"name":"wp","href":"https:\/\/api.w.org\/{rel}","templated":true}]}}