{"id":14935,"date":"2022-12-07T11:04:37","date_gmt":"2022-12-07T10:04:37","guid":{"rendered":"https:\/\/nakedearth.al\/?post_type=product&#038;p=14935"},"modified":"2024-01-10T11:11:59","modified_gmt":"2024-01-10T10:11:59","slug":"newborn-hat","status":"publish","type":"product","link":"https:\/\/nakedearth.al\/en\/product\/newborn-hat\/","title":{"rendered":"Newborn Hat"},"content":{"rendered":"<h3>Projektuar n\u00eb Holand\u00eb, i dashur kudo.<\/h3>\n<h3>M\u00eb thuaj pak m\u00eb shum\u00eb\u2026<\/h3>\n<p>Nj\u00eb kapu\u00e7 i ngroht\u00eb do t\u00eb thot\u00eb nj\u00eb ndjenj\u00eb komode dhe e k\u00ebndshme, prandaj ky kapu\u00e7 i bukur p\u00ebr t\u00eb sapolindurit \u00ebsht\u00eb i b\u00ebr\u00eb nga 100% pambuk organik. Masa standarte<\/p>\n<h4>Snoozebaby Amsterdam<\/h4>\n<p>Koleksionet Snoozebaby jan\u00eb projektuar dhe zhvilluar n\u00eb Amsterdam.\u00a0<strong>Snoozebaby<\/strong>\u00a0\u00ebsht\u00eb nj\u00eb mark\u00eb ambicioze me nj\u00eb pozicion t\u00eb fort\u00eb n\u00eb tregun holandez t\u00eb produkteve p\u00ebr f\u00ebmij\u00eb dhe t\u00eb vegj\u00ebl p\u00ebr m\u00eb shum\u00eb se\u00a0<strong>15 vjet<\/strong>.<\/p>\n<p>Produktet jan\u00eb b\u00ebr\u00eb nga p\u00eblhurat m\u00eb t\u00eb mira si\u00a0<strong>pambuku organik, poliesteri i ricikluar dhe sherpa<\/strong>.\u00a0<em>P\u00eblhurat do t\u00eb thithin arom\u00ebn e trupit t\u00eb mamas\u00eb ose babit<\/em>. Garancia p\u00ebr nj\u00eb ndjenj\u00eb t\u00eb sigurt. Etiketat e famshme ndryshojn\u00eb n\u00eb madh\u00ebsi, ngjyr\u00eb dhe struktur\u00eb. Ata p\u00ebrdorim\u00a0<strong>saten, m\u00ebndafsh dhe kadife<\/strong>. \u00c7do f\u00ebmij\u00eb zbulon etiket\u00ebn e tij t\u00eb preferuar. T\u00eb gjitha produktet tona jan\u00eb t\u00eb certifikuara me CE dhe kalojn\u00eb nd\u00ebr t\u00eb tjera direktivat m\u00eb t\u00eb fundit t\u00eb BE-s\u00eb p\u00ebr lodrat (EN71) dhe direktiv\u00ebn e SHBA-s\u00eb (ASTM).<\/p>\n<p>&nbsp;<\/p>\n<h5>Detaje:<\/h5>\n<p>Masa: Standarte p\u00ebr t\u00eb porsalindur<br \/>\nMateriali: Pambuk GOTS<\/p>","protected":false},"excerpt":{"rendered":"<h2>Kapu\u00e7 i ngroht\u00eb<\/h2>\n<p>Nj\u00eb kapu\u00e7 i ngroht\u00eb do t\u00eb thot\u00eb nj\u00eb ndjenj\u00eb komode dhe e k\u00ebndshme, prandaj ky kapu\u00e7 i bukur p\u00ebr t\u00eb sapolindurit \u00ebsht\u00eb i b\u00ebr\u00eb nga 100% pambuk organik.<\/p>","protected":false},"featured_media":14934,"comment_status":"open","ping_status":"closed","template":"","meta":[],"product_brand":[],"product_cat":[661],"product_tag":[923,703],"class_list":{"0":"post-14935","1":"product","2":"type-product","3":"status-publish","4":"has-post-thumbnail","6":"product_cat-snoozebaby","7":"product_tag-clothes","8":"product_tag-snoozebaby","10":"first","11":"instock","12":"sale","13":"shipping-taxable","14":"purchasable","15":"product-type-variable"},"jetpack_sharing_enabled":true,"_links":{"self":[{"href":"https:\/\/nakedearth.al\/en\/wp-json\/wp\/v2\/product\/14935","targetHints":{"allow":["GET"]}}],"collection":[{"href":"https:\/\/nakedearth.al\/en\/wp-json\/wp\/v2\/product"}],"about":[{"href":"https:\/\/nakedearth.al\/en\/wp-json\/wp\/v2\/types\/product"}],"replies":[{"embeddable":true,"href":"https:\/\/nakedearth.al\/en\/wp-json\/wp\/v2\/comments?post=14935"}],"wp:featuredmedia":[{"embeddable":true,"href":"https:\/\/nakedearth.al\/en\/wp-json\/wp\/v2\/media\/14934"}],"wp:attachment":[{"href":"https:\/\/nakedearth.al\/en\/wp-json\/wp\/v2\/media?parent=14935"}],"wp:term":[{"taxonomy":"product_brand","embeddable":true,"href":"https:\/\/nakedearth.al\/en\/wp-json\/wp\/v2\/product_brand?post=14935"},{"taxonomy":"product_cat","embeddable":true,"href":"https:\/\/nakedearth.al\/en\/wp-json\/wp\/v2\/product_cat?post=14935"},{"taxonomy":"product_tag","embeddable":true,"href":"https:\/\/nakedearth.al\/en\/wp-json\/wp\/v2\/product_tag?post=14935"}],"curies":[{"name":"wp","href":"https:\/\/api.w.org\/{rel}","templated":true}]}}