{"id":14966,"date":"2022-12-07T11:29:32","date_gmt":"2022-12-07T10:29:32","guid":{"rendered":"https:\/\/nakedearth.al\/?post_type=product&#038;p=14966"},"modified":"2023-02-01T00:15:19","modified_gmt":"2023-01-31T23:15:19","slug":"organic-comfort-toy-sweet-dreaming","status":"publish","type":"product","link":"https:\/\/nakedearth.al\/en\/product\/organic-comfort-toy-sweet-dreaming\/","title":{"rendered":"Organic Comfort Toy \u2013 Sweet Dreaming"},"content":{"rendered":"<h3>Projektuar n\u00eb Holand\u00eb, i dashur kudo.<\/h3>\n<h3>M\u00eb thuaj pak m\u00eb shum\u00eb\u2026<\/h3>\n<p>Lodra Snoozebaby Comfort, tashm\u00eb \u00ebsht\u00eb e njohur gjer\u00ebsisht si Sweet Dreaming sepse kur foshnjat p\u00ebrqafohen ose luajn\u00eb me k\u00ebt\u00eb leck\u00eb plot me etiketa t\u00eb ndryshme t\u00eb buta, ato b\u00ebhen duksh\u00ebm t\u00eb qet\u00eb dhe t\u00eb lumtur. Etiketat n\u00eb k\u00ebt\u00eb lod\u00ebr komforti sjellin k\u00ebnaq\u00ebsi p\u00ebr t\u00eb voglin tuaj. Duke l\u00ebvizur, duke luajtur, duke thithur gishtin e madh ose duke u p\u00ebrqafuar me etiketat, aft\u00ebsit\u00eb e shk\u00eblqyera motorike dhe ndjenja e prekjes s\u00eb f\u00ebmij\u00ebs suaj stimulohen dhe zhvillohen m\u00eb tej. Nj\u00eb lod\u00ebr komforti q\u00eb ofron paqe dhe rehati; shum\u00eb e dobishme n\u00ebse f\u00ebmija juaj d\u00ebshiron t\u00eb flej\u00eb n\u00eb shtratin e tij ose gjat\u00eb nj\u00eb udh\u00ebtimi t\u00eb gjat\u00eb me makin\u00eb.<\/p>\n<p>&nbsp;<\/p>\n<h4>Snoozebaby Amsterdam<\/h4>\n<p>Koleksionet Snoozebaby jan\u00eb projektuar dhe zhvilluar n\u00eb Amsterdam.\u00a0<strong>Snoozebaby<\/strong>\u00a0\u00ebsht\u00eb nj\u00eb mark\u00eb ambicioze me nj\u00eb pozicion t\u00eb fort\u00eb n\u00eb tregun holandez t\u00eb produkteve p\u00ebr f\u00ebmij\u00eb dhe t\u00eb vegj\u00ebl p\u00ebr m\u00eb shum\u00eb se\u00a0<strong>15 vjet<\/strong>.<\/p>\n<p>Produktet jan\u00eb b\u00ebr\u00eb nga p\u00eblhurat m\u00eb t\u00eb mira si\u00a0<strong>pambuku organik, poliesteri i ricikluar dhe sherpa<\/strong>.\u00a0<em>P\u00eblhurat do t\u00eb thithin arom\u00ebn e trupit t\u00eb mamas\u00eb ose babit<\/em>. Garancia p\u00ebr nj\u00eb ndjenj\u00eb t\u00eb sigurt. Etiketat e famshme ndryshojn\u00eb n\u00eb madh\u00ebsi, ngjyr\u00eb dhe struktur\u00eb. Ata p\u00ebrdorim\u00a0<strong>saten, m\u00ebndafsh dhe kadife<\/strong>. \u00c7do f\u00ebmij\u00eb zbulon etiket\u00ebn e tij t\u00eb preferuar. T\u00eb gjitha produktet tona jan\u00eb t\u00eb certifikuara me CE dhe kalojn\u00eb nd\u00ebr t\u00eb tjera direktivat m\u00eb t\u00eb fundit t\u00eb BE-s\u00eb p\u00ebr lodrat (EN71) dhe direktiv\u00ebn e SHBA-s\u00eb (ASTM).<\/p>\n<p>&nbsp;<\/p>\n<h5>Detaje:<\/h5>\n<p>Madh\u00ebsia: 25cm x 25cm<br \/>\nMateriali: Pambuk organik<\/p>","protected":false},"excerpt":{"rendered":"<h2>Nj\u00eb lod\u00ebr qet\u00ebsuese<\/h2>\n<p>Lod\u00ebr komforti me etiketat e famshme t\u00eb Snoozebaby. Fal\u00eb shum\u00ebllojshm\u00ebris\u00eb s\u00eb etiketave dhe p\u00eblhurave t\u00eb buta, 100% t\u00eb q\u00ebndrueshme, kjo lod\u00ebr p\u00ebr shum\u00eb p\u00ebrqafime mund t\u00eb b\u00ebhet e preferuara e vog\u00eblushit tuaj<\/p>","protected":false},"featured_media":14962,"comment_status":"open","ping_status":"closed","template":"","meta":[],"product_brand":[],"product_cat":[661],"product_tag":[703],"class_list":{"0":"post-14966","1":"product","2":"type-product","3":"status-publish","4":"has-post-thumbnail","6":"product_cat-snoozebaby","7":"product_tag-snoozebaby","9":"first","10":"instock","11":"sale","12":"shipping-taxable","13":"purchasable","14":"product-type-variable"},"jetpack_sharing_enabled":true,"_links":{"self":[{"href":"https:\/\/nakedearth.al\/en\/wp-json\/wp\/v2\/product\/14966","targetHints":{"allow":["GET"]}}],"collection":[{"href":"https:\/\/nakedearth.al\/en\/wp-json\/wp\/v2\/product"}],"about":[{"href":"https:\/\/nakedearth.al\/en\/wp-json\/wp\/v2\/types\/product"}],"replies":[{"embeddable":true,"href":"https:\/\/nakedearth.al\/en\/wp-json\/wp\/v2\/comments?post=14966"}],"wp:featuredmedia":[{"embeddable":true,"href":"https:\/\/nakedearth.al\/en\/wp-json\/wp\/v2\/media\/14962"}],"wp:attachment":[{"href":"https:\/\/nakedearth.al\/en\/wp-json\/wp\/v2\/media?parent=14966"}],"wp:term":[{"taxonomy":"product_brand","embeddable":true,"href":"https:\/\/nakedearth.al\/en\/wp-json\/wp\/v2\/product_brand?post=14966"},{"taxonomy":"product_cat","embeddable":true,"href":"https:\/\/nakedearth.al\/en\/wp-json\/wp\/v2\/product_cat?post=14966"},{"taxonomy":"product_tag","embeddable":true,"href":"https:\/\/nakedearth.al\/en\/wp-json\/wp\/v2\/product_tag?post=14966"}],"curies":[{"name":"wp","href":"https:\/\/api.w.org\/{rel}","templated":true}]}}