{"id":14987,"date":"2022-12-07T12:57:20","date_gmt":"2022-12-07T11:57:20","guid":{"rendered":"https:\/\/nakedearth.al\/?post_type=product&#038;p=14987"},"modified":"2024-01-10T11:11:43","modified_gmt":"2024-01-10T10:11:43","slug":"organic-wrap-blanket","status":"publish","type":"product","link":"https:\/\/nakedearth.al\/en\/product\/organic-wrap-blanket\/","title":{"rendered":"Organic Wrap Blanket"},"content":{"rendered":"<h3>Projektuar n\u00eb Holand\u00eb, i dashur kudo.<\/h3>\n<h3>M\u00eb thuaj pak m\u00eb shum\u00eb\u2026<\/h3>\n<p>Kjo batanije mb\u00ebshtjell\u00ebse \u00ebsht\u00eb nj\u00eb produkt ikonik p\u00ebr f\u00ebmij\u00eb: shum\u00eb praktik, ultra i but\u00eb dhe me cil\u00ebsi t\u00eb lart\u00eb. Batanija 110 x 90 cm ka nj\u00eb kap\u00ebse k\u00ebmb\u00ebsh, nj\u00eb kapu\u00e7i dhe dy t\u00eb \u00e7ara n\u00eb pjes\u00ebn e pasme &#8211; shum\u00eb e dobishme p\u00ebr nj\u00eb karrigen ndenj\u00ebse t\u00eb makin\u00ebs (grupi 0) p\u00ebr f\u00ebmij\u00eb ose karroc\u00eb. Batanija e mb\u00ebshtjelljes do t\u00eb funksiononte gjithashtu n\u00eb nj\u00eb mbyllje me 5 pika. Sigurisht, etiketat e famshme t\u00eb Snoozebaby nuk mund t\u00eb mungojn\u00eb dhe jan\u00eb t\u00eb integruara.\u00a0<span class=\"Y2IQFc\" lang=\"sq\">Shum\u00eb e k\u00ebndshme gjat\u00eb nj\u00eb udh\u00ebtimi t\u00eb gjat\u00eb. Lahet n\u00eb lavatri\u00e7e, duke mbrojtur ndenj\u00ebsen e makin\u00ebs suaj.<\/span><\/p>\n<p>Snoozebaby Amsterdam<\/p>\n<p>Koleksionet Snoozebaby jan\u00eb projektuar dhe zhvilluar n\u00eb Amsterdam.\u00a0<strong>Snoozebaby<\/strong>\u00a0\u00ebsht\u00eb nj\u00eb mark\u00eb ambicioze me nj\u00eb pozicion t\u00eb fort\u00eb n\u00eb tregun holandez t\u00eb produkteve p\u00ebr f\u00ebmij\u00eb dhe t\u00eb vegj\u00ebl p\u00ebr m\u00eb shum\u00eb se\u00a0<strong>15 vjet<\/strong>.<\/p>\n<p>Produktet jan\u00eb b\u00ebr\u00eb nga p\u00eblhurat m\u00eb t\u00eb mira si\u00a0<strong>pambuku organik, poliesteri i ricikluar dhe sherpa<\/strong>.\u00a0<em>P\u00eblhurat do t\u00eb thithin arom\u00ebn e trupit t\u00eb mamas\u00eb ose babit<\/em>. Garancia p\u00ebr nj\u00eb ndjenj\u00eb t\u00eb sigurt. Etiketat e famshme ndryshojn\u00eb n\u00eb madh\u00ebsi, ngjyr\u00eb dhe struktur\u00eb. Ata p\u00ebrdorim\u00a0<strong>saten, m\u00ebndafsh dhe kadife<\/strong>. \u00c7do f\u00ebmij\u00eb zbulon etiket\u00ebn e tij t\u00eb preferuar. T\u00eb gjitha produktet tona jan\u00eb t\u00eb certifikuara me CE dhe kalojn\u00eb nd\u00ebr t\u00eb tjera direktivat m\u00eb t\u00eb fundit t\u00eb BE-s\u00eb p\u00ebr lodrat (EN71) dhe direktiv\u00ebn e SHBA-s\u00eb (ASTM).<\/p>\n<p>&nbsp;<\/p>\n<h5>Detaje:<\/h5>\n<p>Masa: 110 x 90 cm<br \/>\nMateriali: Pambuk organik<\/p>","protected":false},"excerpt":{"rendered":"<h2>Batanije mb\u00ebshtjell\u00ebse<\/h2>\n<p>Kjo batanije mb\u00ebshtjell\u00ebse \u00ebsht\u00eb nj\u00eb produkt ikonik p\u00ebr f\u00ebmij\u00eb: shum\u00eb praktik, ultra i but\u00eb dhe me cil\u00ebsi t\u00eb lart\u00eb. Batanija 110 x 90 cm ka nj\u00eb kap\u00ebse k\u00ebmb\u00ebsh, nj\u00eb kapu\u00e7i dhe dy t\u00eb \u00e7ara n\u00eb pjes\u00ebn e pasme &#8211; shum\u00eb e dobishme p\u00ebr nj\u00eb karrigen ndenj\u00ebse t\u00eb makin\u00ebs (grupi 0) p\u00ebr f\u00ebmij\u00eb ose karroc\u00eb. Batanija e mb\u00ebshtjelljes do t\u00eb funksiononte gjithashtu n\u00eb nj\u00eb mbyllje me 5 pika. Sigurisht, etiketat e famshme t\u00eb Snoozebaby nuk mund t\u00eb mungojn\u00eb dhe jan\u00eb t\u00eb integruara.<\/p>","protected":false},"featured_media":14974,"comment_status":"open","ping_status":"closed","template":"","meta":[],"product_brand":[],"product_cat":[661],"product_tag":[938,464,703],"class_list":{"0":"post-14987","1":"product","2":"type-product","3":"status-publish","4":"has-post-thumbnail","6":"product_cat-snoozebaby","7":"product_tag-batanije","8":"product_tag-dream-blanket","9":"product_tag-snoozebaby","11":"first","12":"instock","13":"sale","14":"shipping-taxable","15":"purchasable","16":"product-type-variable"},"jetpack_sharing_enabled":true,"_links":{"self":[{"href":"https:\/\/nakedearth.al\/en\/wp-json\/wp\/v2\/product\/14987","targetHints":{"allow":["GET"]}}],"collection":[{"href":"https:\/\/nakedearth.al\/en\/wp-json\/wp\/v2\/product"}],"about":[{"href":"https:\/\/nakedearth.al\/en\/wp-json\/wp\/v2\/types\/product"}],"replies":[{"embeddable":true,"href":"https:\/\/nakedearth.al\/en\/wp-json\/wp\/v2\/comments?post=14987"}],"wp:featuredmedia":[{"embeddable":true,"href":"https:\/\/nakedearth.al\/en\/wp-json\/wp\/v2\/media\/14974"}],"wp:attachment":[{"href":"https:\/\/nakedearth.al\/en\/wp-json\/wp\/v2\/media?parent=14987"}],"wp:term":[{"taxonomy":"product_brand","embeddable":true,"href":"https:\/\/nakedearth.al\/en\/wp-json\/wp\/v2\/product_brand?post=14987"},{"taxonomy":"product_cat","embeddable":true,"href":"https:\/\/nakedearth.al\/en\/wp-json\/wp\/v2\/product_cat?post=14987"},{"taxonomy":"product_tag","embeddable":true,"href":"https:\/\/nakedearth.al\/en\/wp-json\/wp\/v2\/product_tag?post=14987"}],"curies":[{"name":"wp","href":"https:\/\/api.w.org\/{rel}","templated":true}]}}