{"id":15710,"date":"2023-01-23T15:10:56","date_gmt":"2023-01-23T14:10:56","guid":{"rendered":"https:\/\/nakedearth.al\/?post_type=product&#038;p=15710"},"modified":"2026-04-17T17:19:06","modified_gmt":"2026-04-17T15:19:06","slug":"natural-deodorant-crystal","status":"publish","type":"product","link":"https:\/\/nakedearth.al\/en\/product\/natural-deodorant-crystal\/","title":{"rendered":"Natural Deodorant Crystal &#8211; 50g"},"content":{"rendered":"<h3>Si funksionon deodoranti kristal?<\/h3>\n<p>I aplikuar n\u00eb l\u00ebkur\u00ebn e lagur pas larjes, Deodoranti Natyral i Kristalit l\u00eb nj\u00eb shtres\u00eb t\u00eb holl\u00eb krip\u00ebrash minerale natyrale n\u00eb l\u00ebkur\u00ebn tuaj. K\u00ebto krip\u00ebra minerale jan\u00eb nj\u00eb deodorant natyral dhe pengojn\u00eb formimin e er\u00ebs s\u00eb trupit n\u00eb l\u00ebkur\u00ebn tuaj, duke ju siguruar mbrojtje afatgjat\u00eb.<\/p>\n<p>Deodoranti i kristalit Salt of the Earth \u00ebsht\u00eb nj\u00eb stick prej 90 gram\u00ebsh me kalium t\u00eb past\u00ebr, nj\u00eb krip\u00eb minerale natyrale q\u00eb \u00ebsht\u00eb p\u00ebrdorur si deodorant p\u00ebr qindra vjet. Deodorant\u00ebt e kristalt\u00eb jan\u00eb pa arom\u00eb, k\u00ebshtu q\u00eb nuk do t\u00eb nd\u00ebrhyjn\u00eb me aromat e tjera si parfumi apo locioni i trupit.<\/p>\n<p>Aplikojeni n\u00eb l\u00ebkur\u00eb t\u00eb lagur pas larjes. P\u00ebr ta p\u00ebrdorur n\u00eb l\u00ebkur\u00eb t\u00eb that\u00eb, lagni fillimisht kristalin dhe m\u00eb pas aplikojeni.<\/p>\n<h4>K\u00ebshill\u00eb:<\/h4>\n<p>Tharja e kristalit pas p\u00ebrdorimit do t\u00eb rris\u00eb jet\u00ebgjat\u00ebsin\u00eb e tij.<\/p>\n<h5>P\u00ebrb\u00ebr\u00ebsit:<\/h5>\n<p>Alum kaliumi<\/p>","protected":false},"excerpt":{"rendered":"<ul>\n<li>Deodorant natyral prej kristali<\/li>\n<\/ul>\n<p>Ka mbajtur njer\u00ebsit t\u00eb that\u00eb dhe pa er\u00eb p\u00ebr m\u00eb shum\u00eb se 20 vjet. Nuk p\u00ebrmban asgj\u00eb tjet\u00ebr p\u00ebrve\u00e7 krip\u00ebs s\u00eb past\u00ebr minerale. I p\u00ebrsosur si p\u00ebr meshkujt ashtu edhe p\u00ebr femrat, ky deodorant pa arom\u00eb nuk do t\u2019ju mbys\u00eb poret, por p\u00ebrkundrazi ulet n\u00eb sip\u00ebrfaqen e l\u00ebkur\u00ebs suaj, duke penguar rritjen e baktereve q\u00eb shkaktojn\u00eb er\u00eb.<\/p>","protected":false},"featured_media":19308,"comment_status":"open","ping_status":"closed","template":"","meta":[],"product_brand":[],"product_cat":[996],"product_tag":[1000,999,1001],"class_list":{"0":"post-15710","1":"product","2":"type-product","3":"status-publish","4":"has-post-thumbnail","6":"product_cat-salt-of-the-earth","7":"product_tag-adult-care","8":"product_tag-deodorant","9":"product_tag-shampo","11":"first","12":"instock","13":"shipping-taxable","14":"purchasable","15":"product-type-simple"},"jetpack_sharing_enabled":true,"_links":{"self":[{"href":"https:\/\/nakedearth.al\/en\/wp-json\/wp\/v2\/product\/15710","targetHints":{"allow":["GET"]}}],"collection":[{"href":"https:\/\/nakedearth.al\/en\/wp-json\/wp\/v2\/product"}],"about":[{"href":"https:\/\/nakedearth.al\/en\/wp-json\/wp\/v2\/types\/product"}],"replies":[{"embeddable":true,"href":"https:\/\/nakedearth.al\/en\/wp-json\/wp\/v2\/comments?post=15710"}],"wp:featuredmedia":[{"embeddable":true,"href":"https:\/\/nakedearth.al\/en\/wp-json\/wp\/v2\/media\/19308"}],"wp:attachment":[{"href":"https:\/\/nakedearth.al\/en\/wp-json\/wp\/v2\/media?parent=15710"}],"wp:term":[{"taxonomy":"product_brand","embeddable":true,"href":"https:\/\/nakedearth.al\/en\/wp-json\/wp\/v2\/product_brand?post=15710"},{"taxonomy":"product_cat","embeddable":true,"href":"https:\/\/nakedearth.al\/en\/wp-json\/wp\/v2\/product_cat?post=15710"},{"taxonomy":"product_tag","embeddable":true,"href":"https:\/\/nakedearth.al\/en\/wp-json\/wp\/v2\/product_tag?post=15710"}],"curies":[{"name":"wp","href":"https:\/\/api.w.org\/{rel}","templated":true}]}}