{"id":15724,"date":"2023-01-23T15:57:33","date_gmt":"2023-01-23T14:57:33","guid":{"rendered":"https:\/\/nakedearth.al\/?post_type=product&#038;p=15724"},"modified":"2026-03-08T19:08:56","modified_gmt":"2026-03-08T18:08:56","slug":"natural-deodorant-spray","status":"publish","type":"product","link":"https:\/\/nakedearth.al\/en\/product\/natural-deodorant-spray\/","title":{"rendered":"Natural Deodorant Spray"},"content":{"rendered":"<h3>Deodorant Spray Natyral<\/h3>\n<p>I vler\u00ebsuar me shum\u00eb \u00e7mime tani \u00ebsht\u00eb b\u00ebr\u00eb edhe m\u00eb i mir\u00eb!<\/p>\n<p>Aplikojeni n\u00eb sqetulla t\u00eb pastra &amp; t\u00eb thata.<\/p>\n<p><em>Cilin do t\u00eb zgjidhni?<\/em><\/p>\n<ul>\n<li>\n<h4><em>Unscented\u00a0<\/em><\/h4>\n<\/li>\n<\/ul>\n<p>Me nj\u00eb formul\u00eb t\u00eb p\u00ebrmir\u00ebsuar, duke shfaqur nj\u00eb aplikim pa pika dhe aloe vera hidratuese. Ky Spray unisex ofron mbrojtjen m\u00eb efektive dhe m\u00eb afatgjat\u00eb kund\u00ebr er\u00ebs s\u00eb trupit.<\/p>\n<h6>P\u00ebrb\u00ebr\u00ebsit:<\/h6>\n<p>Uj\u00eb, Kalium Alum, Propanediol, Citrate Trietil, L\u00ebng Gjeth\u00ebsh Aloe Barbadensis*, Galaktoarabinan, Bikarbonat Natriumi, \u00c7am\u00e7ak\u00ebz Sklerotium, Anisat Natriumi. *E rritur organikisht.<\/p>\n<p>&nbsp;<\/p>\n<ul>\n<li>\n<h4><em>Ocean &amp; Coconut<\/em><\/h4>\n<\/li>\n<\/ul>\n<p>Spraji deodorant Salt of the Earth\u2019s Ocean &amp; Coconut p\u00ebrmban nota oqeanike t\u00eb p\u00ebrziera me nj\u00eb arom\u00eb pjepri, qitro dhe kokosi.<\/p>\n<h6>P\u00ebrb\u00ebr\u00ebsit:<\/h6>\n<p>Uj\u00eb, Kalium Alum, Propanediol, Glicerin\u00eb, Klorur Magnezi, L\u00ebng Gjeth\u00ebsh Aloe Barbadensis**, Trietil Citrate, Poligliceril-10-Laurat, Bikarbonat Natriumi, \u00c7am\u00e7ak\u00ebz Xanthan, Arom\u00eb (Parfum)*, Galaktoarabinan, Anisat Natriumi, Acid Citrik. *Linalool, *Hexyl Cinnamal, *Amyl Cinnamal, *Limonene, *Farnesol, *Benzyl Benzoate, *Geraniol, *Citronellol, *Coumarin, *Citral, *Benzyl Salicilate. *Nga ekstrakte natyrale botanike dhe vajra esenciale. **E rritur organikisht.<\/p>\n<p>&nbsp;<\/p>\n<ul>\n<li>\n<h4><em>Lavender &amp; Vanilla\u00a0<\/em><\/h4>\n<\/li>\n<\/ul>\n<p>I aromatizuar me nj\u00eb shkrirje t\u00eb mbi 15 ekstrakteve dhe vajrave botanik\u00eb natyral, Spraji yn\u00eb Lavender &amp; Vanilla, i vler\u00ebsuar me shum\u00eb \u00e7mime, duhet t\u00eb nuhatet p\u00ebr t\u2019u besuar!<br \/>\nMe nj\u00eb arom\u00eb t\u00eb \u00ebmb\u00ebl livande dhe vanilje, Lavender &amp; Vanilla ofron mbrojtje afatgjat\u00eb dhe efektive nga era e trupit dhe \u00ebsht\u00eb b\u00ebr\u00eb nga p\u00ebrb\u00ebr\u00ebs 100% natyral, duke p\u00ebrfshir\u00eb aloe vera qet\u00ebsuese dhe lule-dor\u00ebzonj\u00eb me veti antibakteriale.<\/p>\n<h6>P\u00ebrb\u00ebr\u00ebsit:<\/h6>\n<p>Uj\u00eb, Kalium Alum, Poligliceril-10-Laurat, L\u00ebng Gjeth\u00ebsh Aloe Barbadensis**, Ekstraktin e Lule-dor\u00ebzonj\u00eb Lonicera Caprifolium (Honeysuckle), \u00c7am\u00e7ak\u00ebz Sclerotium, Parfum (parfum)*, Ekstraktin e Lule-dor\u00ebzonj\u00eb Lonicera Japonica (Honeysuckle), Anisat Natriumi, Acid Citrik. *Linalool, *Limonene, *Geraniol, *Citronellol, *Citral, *Eugenol, *Benzyl Benzoate, *Farnesol. *Nga ekstrakte natyrale botanike dhe vajra esenciale. **E rritur organikisht.<\/p>\n<p>&nbsp;<\/p>\n<ul>\n<li>\n<h4><em>Amber &amp; Sandalwood<\/em><\/h4>\n<\/li>\n<\/ul>\n<p>Spray natyral unisex Amber &amp; Sandalwood ofron mbrojtje afatgjat\u00eb dhe efektive nga era e trupit dhe \u00ebsht\u00eb b\u00ebr\u00eb nga p\u00ebrb\u00ebr\u00ebs 100% natyral. \u00cbsht\u00eb nj\u00eb arom\u00eb e fresk\u00ebt, natyrale me elemente er\u00ebzazh, agrume dhe lulesh me nj\u00eb dimension t\u00eb shtuar t\u00eb manave t\u00eb pjekura dhe rrushit.<\/p>\n<h6>P\u00ebrb\u00ebr\u00ebsit:<\/h6>\n<p>Uj\u00eb, Kalium Alum, Propanediol, Glicerin\u00eb, Klorur Magnezi, L\u00ebng Gjeth\u00ebsh Aloe Barbadensis**, Trietil Citrate, Poligliceril-10-Laurat, Bikarbonat Natriumi, \u00c7am\u00e7ak\u00ebz Xanthan, Arom\u00eb (Parfum)*, Galaktoarabinan, Anisat Natriumi, Acid Citrik. *Linalool, *Limonene, *Hexyl Cinnamal, *Citral, *Kumarin, *Citronellol, *Benzyl Salicilate, *Geraniol. *Nga ekstrakte natyrale botanike dhe vajra esenciale. **E rritur organikisht.<\/p>\n<p>&nbsp;<\/p>","protected":false},"excerpt":{"rendered":"<h2>Deodorant Natyral Spray &#8211; pa alumin dhe kimikate<\/h2>\n<p>Salt of the Earth jan\u00eb nj\u00eb zgjidhje e shpejt\u00eb dhe e leht\u00eb e p\u00ebrditshme p\u00ebr kontrollin efektiv t\u00eb er\u00ebs s\u00eb trupit. Ato jan\u00eb b\u00ebr\u00eb nga p\u00ebrb\u00ebr\u00ebs 100% natyral, thahen shpejt dhe nuk pikojn\u00eb. Duke p\u00ebrdorur nj\u00eb spray pomp\u00eb pa CFC ose shtyt\u00ebs jan\u00eb gjithashtu miq\u00ebsor\u00eb me mjedisin, duke siguruar mbrojtje afatgjat\u00eb.<\/p>","protected":false},"featured_media":19312,"comment_status":"open","ping_status":"closed","template":"","meta":[],"product_brand":[],"product_cat":[996],"product_tag":[1000,999],"class_list":{"0":"post-15724","1":"product","2":"type-product","3":"status-publish","4":"has-post-thumbnail","6":"product_cat-salt-of-the-earth","7":"product_tag-adult-care","8":"product_tag-deodorant","10":"first","11":"instock","12":"featured","13":"shipping-taxable","14":"purchasable","15":"product-type-variable"},"jetpack_sharing_enabled":true,"_links":{"self":[{"href":"https:\/\/nakedearth.al\/en\/wp-json\/wp\/v2\/product\/15724","targetHints":{"allow":["GET"]}}],"collection":[{"href":"https:\/\/nakedearth.al\/en\/wp-json\/wp\/v2\/product"}],"about":[{"href":"https:\/\/nakedearth.al\/en\/wp-json\/wp\/v2\/types\/product"}],"replies":[{"embeddable":true,"href":"https:\/\/nakedearth.al\/en\/wp-json\/wp\/v2\/comments?post=15724"}],"wp:featuredmedia":[{"embeddable":true,"href":"https:\/\/nakedearth.al\/en\/wp-json\/wp\/v2\/media\/19312"}],"wp:attachment":[{"href":"https:\/\/nakedearth.al\/en\/wp-json\/wp\/v2\/media?parent=15724"}],"wp:term":[{"taxonomy":"product_brand","embeddable":true,"href":"https:\/\/nakedearth.al\/en\/wp-json\/wp\/v2\/product_brand?post=15724"},{"taxonomy":"product_cat","embeddable":true,"href":"https:\/\/nakedearth.al\/en\/wp-json\/wp\/v2\/product_cat?post=15724"},{"taxonomy":"product_tag","embeddable":true,"href":"https:\/\/nakedearth.al\/en\/wp-json\/wp\/v2\/product_tag?post=15724"}],"curies":[{"name":"wp","href":"https:\/\/api.w.org\/{rel}","templated":true}]}}