{"id":15729,"date":"2023-01-23T16:02:02","date_gmt":"2023-01-23T15:02:02","guid":{"rendered":"https:\/\/nakedearth.al\/?post_type=product&#038;p=15729"},"modified":"2026-03-08T19:08:56","modified_gmt":"2026-03-08T18:08:56","slug":"atural-deodorant-roll-on-refillable","status":"publish","type":"product","link":"https:\/\/nakedearth.al\/en\/product\/atural-deodorant-roll-on-refillable\/","title":{"rendered":"Natural Deodorant Roll-On &#8211; Refillable"},"content":{"rendered":"<h3>Deodorant natyral Roll-On<\/h3>\n<p><!--more--><\/p>\n<p>Ofron mbrojtje afatgjat\u00eb dhe efektive nga era e trupit dhe \u00ebsht\u00eb b\u00ebr\u00eb nga p\u00ebrb\u00ebr\u00ebs 100% natyral.<\/p>\n<p>Formula e p\u00ebrmir\u00ebsuar \u2013 Tani p\u00ebrmban faktor natyral hidratues, mund\u00ebson tharje m\u00eb t\u00eb shpejt\u00eb dhe mbrojtje t\u00eb shtuar kund\u00ebr er\u00ebs s\u00eb trupit.<\/p>\n<p>Me rimbushje \u2013 Ky paketim rrotullues \u00ebsht\u00eb projektuar posa\u00e7\u00ebrisht p\u00ebr t\u2019u rimbushur leht\u00eb duke p\u00ebrdorur nj\u00eb nga shishet tona mbush\u00ebse 525 ml. Ky paketimi p\u00ebrdor 65% m\u00eb pak plastik\u00eb se 7 deodorant roll-on.<\/p>\n<h4>P\u00ebrdorimi:<\/h4>\n<p>Aplikojeni n\u00eb sqetulla t\u00eb pastra t\u00eb thata.<\/p>\n<p><em>Cilin do t\u00eb zgjidhni?<\/em><\/p>\n<ul>\n<li>\n<h4><em>Amber &amp; Sandalwood<\/em><\/h4>\n<\/li>\n<\/ul>\n<p>Deodorant natyral unisex Amber &amp; Sandalwood Vegan Roll-On ofron mbrojtje afatgjat\u00eb dhe efektive nga era e trupit dhe \u00ebsht\u00eb b\u00ebr\u00eb nga p\u00ebrb\u00ebr\u00ebs 100% natyral. \u00cbsht\u00eb nj\u00eb arom\u00eb e fresk\u00ebt, natyrale me elemente er\u00ebzazh, agrume dhe lulesh me nj\u00eb dimension t\u00eb shtuar t\u00eb manave t\u00eb pjekura dhe rrushit.<\/p>\n<p>P\u00ebrb\u00ebr\u00ebsit:<\/p>\n<p>Uj\u00eb, Alum Kaliumi, Citrat Trietil, Laktat Natriumi, Klorur Magnezi, Pluhuri i L\u00ebngut t\u00eb Gjetheve Aloe Barbadensis**, Ekstrakt i Gjetheve Rosmarinus Officinalis (Rozmarin\u00eb), Vaj i Farave Helianthus Annuus (Luledielli), Glukozid Decil, \u00c7am\u00e7ak\u00ebz Xanthan, Parfum (arom\u00eb), Hidroksid Magnezi, Hidroksid Ksilitrylate, Acid Fitik, Magnez, Anisati i Natriumit, *Linalool, *Limonene, *Hexyl Cinnamal, *Citral, *Kumarin,\u00a0*Nga vajra esenciale natyrale dhe ekstrakte botanike. **E rritur organikisht<\/p>\n<ul>\n<li>\n<h4><em>Ocean &amp; Coconut<\/em><\/h4>\n<\/li>\n<\/ul>\n<p>Deodoranti natyral vegan Salt of the Earth Ocean &amp; Coconut p\u00ebrmban nota oqeanike t\u00eb p\u00ebrziera me nj\u00eb arom\u00eb pjepri, qitro dhe kokosi. Deodoranti yn\u00eb Ocean &amp; Coconut Roll-on ofron mbrojtje afatgjat\u00eb dhe efektive nga era e trupit dhe \u00ebsht\u00eb b\u00ebr\u00eb nga p\u00ebrb\u00ebr\u00ebs 100% natyral, duke p\u00ebrfshir\u00eb aloe vera qet\u00ebsuese.<\/p>\n<p>P\u00ebrb\u00ebr\u00ebsit:<\/p>\n<p>Uj\u00eb, Alum Kaliumi, Citrat Trietil, Laktat Natriumi, Klorur Magnezi, Pluhur me L\u00ebng Gjethesh Aloe Barbadensis**, Decil Glukozid,\u00a0Ekstrakt i Gjetheve Rosmarinus Officinalis (Rozmarin\u00eb), Helianthus Annuus\u00a0Vaj Farash (Luledielli), Parfum (Arom\u00eb), \u00c7am\u00e7ak\u00ebz Xanthan, Xylityl\u00a0Sesquikaprilate, Hidroksid Magnezi, Hidroksidi i Karbonatit t\u00eb Magnezit, Anisati i Natriumit, Acidi Fitik, *Limonen, *Linalool, *Citronellol,\u00a0*Citral, *Geraniol, *Amyl Cinnamal, *Benzyl Salicilate, *Kumarin. *Nga\u00a0vajra esencial\u00eb natyral\u00eb dhe ekstrakte botanike. **E rritur organikisht<\/p>\n<ul>\n<li>\n<h4><em>Lavender &amp; Vanilla<\/em><\/h4>\n<\/li>\n<\/ul>\n<p>E parfumuar me nj\u00eb p\u00ebrzierje komplekse t\u00eb ekstrakteve aromatike botanike si livado &amp; vanilje, Deodoranti Natyral Lavender &amp; Vanilla i vler\u00ebsuar me shum\u00eb \u00e7mime ofron mbrojtje afatgjat\u00eb dhe efektive nga era e trupit dhe \u00ebsht\u00eb b\u00ebr\u00eb nga p\u00ebrb\u00ebr\u00ebs 100% natyral, duke p\u00ebrfshir\u00eb aloe vera qet\u00ebsuese dhe magnez.<\/p>\n<p>P\u00ebrb\u00ebr\u00ebsit:<\/p>\n<p>Uj\u00eb, Alum Kaliumi, Citrat Trietil, Laktat Natriumi, Klorur Magnezi, Pluhur me L\u00ebng Gjethesh Aloe Barbadensis**, Ekstrakt i Gjetheve Rosmarinus Officinalis (Rozmarin\u00eb), Helianthus Annuus\u00a0Vaj Farash (Luledielli), Decil Glukozid, \u00c7am\u00e7ak\u00ebz Xanthan, Parfum (arom\u00eb), Hidroksid Magnezi, Hidroksid Xylitil, Hidroksidi i Karbonatit t\u00eb Magnezit, Acidi Fitik, Anisati i Natriumit, *Linalool, *Limonene, *Citral, *Citronellol, *Geraniol. *Nga\u00a0vajra esencial\u00eb natyral\u00eb dhe ekstrakte botanike. **E rritur organikisht<\/p>","protected":false},"excerpt":{"rendered":"<h2>Deodorant Roll-On &#8211; pa alumin dhe kimikate<\/h2>\n<div class=\"woocommerce-product-details__short-description\">\n<p>Nj\u00eb zgjedhje deodoranti t\u00ebr\u00ebsisht natyral, vegan dhe i p\u00ebrshtatsh\u00ebm p\u00ebr mbrojtje t\u00eb but\u00eb dhe efektive. Deodorant\u00ebt jan\u00eb t\u00eb rimbushsh\u00ebm, p\u00ebrmbajn\u00eb nj\u00eb s\u00ebr\u00eb p\u00ebrb\u00ebr\u00ebsish me prejardhje natyrale, t\u00eb \u00e7ertifikuar COSMOS Natural, q\u00eb nuk bllokojn\u00eb poret dhe jan\u00eb qet\u00ebsues dhe ushqyes p\u00ebr sqetullat tuaja.<\/p>\n<\/div>","protected":false},"featured_media":20092,"comment_status":"open","ping_status":"closed","template":"","meta":[],"product_brand":[],"product_cat":[996],"product_tag":[1000,999],"class_list":{"0":"post-15729","1":"product","2":"type-product","3":"status-publish","4":"has-post-thumbnail","6":"product_cat-salt-of-the-earth","7":"product_tag-adult-care","8":"product_tag-deodorant","10":"first","11":"instock","12":"featured","13":"shipping-taxable","14":"purchasable","15":"product-type-variable"},"jetpack_sharing_enabled":true,"_links":{"self":[{"href":"https:\/\/nakedearth.al\/en\/wp-json\/wp\/v2\/product\/15729","targetHints":{"allow":["GET"]}}],"collection":[{"href":"https:\/\/nakedearth.al\/en\/wp-json\/wp\/v2\/product"}],"about":[{"href":"https:\/\/nakedearth.al\/en\/wp-json\/wp\/v2\/types\/product"}],"replies":[{"embeddable":true,"href":"https:\/\/nakedearth.al\/en\/wp-json\/wp\/v2\/comments?post=15729"}],"wp:featuredmedia":[{"embeddable":true,"href":"https:\/\/nakedearth.al\/en\/wp-json\/wp\/v2\/media\/20092"}],"wp:attachment":[{"href":"https:\/\/nakedearth.al\/en\/wp-json\/wp\/v2\/media?parent=15729"}],"wp:term":[{"taxonomy":"product_brand","embeddable":true,"href":"https:\/\/nakedearth.al\/en\/wp-json\/wp\/v2\/product_brand?post=15729"},{"taxonomy":"product_cat","embeddable":true,"href":"https:\/\/nakedearth.al\/en\/wp-json\/wp\/v2\/product_cat?post=15729"},{"taxonomy":"product_tag","embeddable":true,"href":"https:\/\/nakedearth.al\/en\/wp-json\/wp\/v2\/product_tag?post=15729"}],"curies":[{"name":"wp","href":"https:\/\/api.w.org\/{rel}","templated":true}]}}