{"id":15733,"date":"2023-02-23T09:00:22","date_gmt":"2023-02-23T08:00:22","guid":{"rendered":"https:\/\/nakedearth.al\/?post_type=product&#038;p=15733"},"modified":"2024-11-18T11:22:20","modified_gmt":"2024-11-18T10:22:20","slug":"natural-deodorant-balm","status":"publish","type":"product","link":"https:\/\/nakedearth.al\/en\/product\/natural-deodorant-balm\/","title":{"rendered":"Natural Deodorant Balm"},"content":{"rendered":"<h3>Pa plastike dhe Alumin!<\/h3>\n<p>Duke ofruar mbrojtje afatgjat\u00eb dhe efektive kund\u00ebr er\u00ebs s\u00eb trupit, ky deodorant balm natyral me \u00a0me ekstrakte botanike \u00ebsht\u00eb i miratuar nga Shoq\u00ebrit\u00eb Vegane dhe Vegjetariane.<\/p>\n<p>I p\u00ebrkryer p\u00ebr ata q\u00eb p\u00ebrpiqen t\u00eb reduktojn\u00eb p\u00ebrdorimin e tyre t\u00eb plastik\u00ebs nj\u00ebp\u00ebrdorimshe, ky deodorant balm 100% natyral \u00ebsht\u00eb i paketuar n\u00eb nj\u00eb kavanoz qelqi t\u00eb ricikluesh\u00ebm dhe p\u00ebrmban p\u00ebrb\u00ebr\u00ebs q\u00eb e duan l\u00ebkur\u00ebn, duke p\u00ebrfshir\u00eb gjalpin shea dhe vajin e kokosit.<\/p>\n<p>Aplikojeni n\u00eb sqetulla t\u00eb pastra t\u00eb thata.<\/p>\n<p><em>Cilin do t\u00eb zgjidhni?<\/em><\/p>\n<ul>\n<li>\n<h4><em>Unscented<\/em><\/h4>\n<\/li>\n<\/ul>\n<p>Deodorant balm Salt of Earth\u2019s Unscented \u00ebsht\u00eb version pa arom\u00eb. N\u00ebse jeni t\u00eb ndjesh\u00ebm ndaj aromave, ky deordorant \u00ebsht\u00eb p\u00ebr ju!<\/p>\n<h6>P\u00ebrb\u00ebr\u00ebsit:<\/h6>\n<p>Triglicerid Kaprilik\/Kaprik, Pluhur me Rr\u00ebnj\u00eb Maranta Arundinacea,\u00a0Gjalp\u00eb Shea (Butyrospermum Parkii), Bikarbonat Natriumi, Vaj kokosi (Nucifera),\u00a0Copernicia Cerifera Cera, Ekstrakt i k\u00ebrcellit Bambusa Arundinacea,\u00a0<span class=\"Y2IQFc\" lang=\"sq\">Vaji i far\u00ebs Helianthus Annuus &amp; Ekstrakt i Gjetheve Rosmarinus Officinalis.<\/span><\/p>\n<h5><\/h5>\n<ul>\n<li>\n<h4><em>Amber &amp; Sandalwood<\/em><\/h4>\n<\/li>\n<\/ul>\n<p>Duke ofruar mbrojtje afatgjat\u00eb dhe efektive\u00a0kund\u00ebr er\u00ebs s\u00eb trupit, ky Balsam Deodorant Natyror Amber &amp; Sandalwood\u00a0\u00ebsht\u00eb b\u00ebr\u00eb nga p\u00ebrb\u00ebr\u00ebs 100% natyral. \u00cbsht\u00eb nj\u00eb arom\u00eb e fresk\u00ebt, natyrale me elemente er\u00ebzazh, agrume dhe lulesh me nj\u00eb dimension t\u00eb shtuar t\u00eb manave t\u00eb pjekura dhe rrushit. I\u00a0miratuar nga Shoq\u00ebrit\u00eb Vegane dhe Vegjetariane.<\/p>\n<h6>P\u00ebrb\u00ebr\u00ebsit:<\/h6>\n<p>Triglicerid Kaprilik\/Kaprik, Pluhur me Rr\u00ebnj\u00eb Maranta Arundinacea, Gjalp\u00eb Shea (Butyrospermum Parkii), Bikarbonat Natriumi, Vaj kokosi (Nucifera), Copernicia Cerifera Cera, Ekstrakt i K\u00ebrcellit Bambusa Arundinacea,\u00a0Arom\u00eb (Parfum)*, Vaj i Far\u00ebs Helianthus Annuus &amp;\u00a0<span class=\"Y2IQFc\" lang=\"sq\">Ekstrakt i Gjetheve Rosmarinus Officinalis.<\/span>\u00a0*Linalool, *Limonene, *Hexyl Cinnamal,\u00a0*Citral, *Kumarin, *Citronellol, *Benzyl Salicilate, *Geraniol. *Nga\u00a0ekstrakte natyrore botanike dhe vajra esenciale.<\/p>\n<h5><\/h5>\n<ul>\n<li>\n<h4><em>Lavender &amp; Vanilla<\/em><\/h4>\n<\/li>\n<\/ul>\n<p>E parfumuar me nj\u00eb p\u00ebrzierje komplekse t\u00eb ekstrakteve aromatike botanike si livado &amp; vanilje, Balsami Deodorant Lavender &amp; Vanilla i vler\u00ebsuar me shum\u00eb \u00e7mime ofron mbrojtje afatgjat\u00eb dhe efektive nga era e trupit dhe \u00ebsht\u00eb b\u00ebr\u00eb nga p\u00ebrb\u00ebr\u00ebs 100% natyral.<\/p>\n<h6>P\u00ebrb\u00ebr\u00ebsit:<\/h6>\n<p>Triglicerid Kaprilik\/Kaprik, Pluhur me Rr\u00ebnj\u00eb Maranta Arundinacea, Gjalp\u00eb Shea (Butyrospermum Parkii), Bikarbonat Natriumi, Vaj kokosi (Nucifera), Copernicia Cerifera Cera, Ekstrakt i K\u00ebrcellit Bambusa Arundinacea,\u00a0Arom\u00eb (Parfum)*, Vaj i Far\u00ebs Helianthus Annuus &amp;\u00a0<span class=\"Y2IQFc\" lang=\"sq\">Ekstrakt i Gjetheve Rosmarinus Officinalis.<\/span>\u00a0*Linalool, *Limonene, *Geraniol, *Citronellol,\u00a0*Citral, *Eugenol, *Benzyl Benzoate, *Farnesol. *Nga vajra esenciale natyrale dhe ekstrakte botanike.<\/p>","protected":false},"excerpt":{"rendered":"<h2>Deodorant Balm (balsam) &#8211; pa alumin dhe kimikate<\/h2>\n<p>Nj\u00eb alternativ\u00eb natyrale ndaj deodorant\u00ebve dhe antidjersave tradicionale. Gama e produkteve Salt of the Earth vjen me ose pa arom\u00eb dhe p\u00ebrdor vet\u00ebm paketim t\u00eb q\u00ebndruesh\u00ebm. K\u00ebto balsam p\u00ebrmbajn\u00eb p\u00ebrb\u00ebr\u00ebs 100% natyral, me \u00e7ertifikim COSMOS Natural. T\u00eb lehta p\u00ebr t\u2019u p\u00ebrdorur dhe efektive p\u00ebr freski gjat\u00eb gjith\u00eb dit\u00ebs.<\/p>","protected":false},"featured_media":17147,"comment_status":"open","ping_status":"closed","template":"","meta":[],"product_brand":[],"product_cat":[996],"product_tag":[1000,999],"class_list":{"0":"post-15733","1":"product","2":"type-product","3":"status-publish","4":"has-post-thumbnail","6":"product_cat-salt-of-the-earth","7":"product_tag-adult-care","8":"product_tag-deodorant","10":"first","11":"instock","12":"shipping-taxable","13":"purchasable","14":"product-type-variable"},"jetpack_sharing_enabled":true,"_links":{"self":[{"href":"https:\/\/nakedearth.al\/en\/wp-json\/wp\/v2\/product\/15733","targetHints":{"allow":["GET"]}}],"collection":[{"href":"https:\/\/nakedearth.al\/en\/wp-json\/wp\/v2\/product"}],"about":[{"href":"https:\/\/nakedearth.al\/en\/wp-json\/wp\/v2\/types\/product"}],"replies":[{"embeddable":true,"href":"https:\/\/nakedearth.al\/en\/wp-json\/wp\/v2\/comments?post=15733"}],"wp:featuredmedia":[{"embeddable":true,"href":"https:\/\/nakedearth.al\/en\/wp-json\/wp\/v2\/media\/17147"}],"wp:attachment":[{"href":"https:\/\/nakedearth.al\/en\/wp-json\/wp\/v2\/media?parent=15733"}],"wp:term":[{"taxonomy":"product_brand","embeddable":true,"href":"https:\/\/nakedearth.al\/en\/wp-json\/wp\/v2\/product_brand?post=15733"},{"taxonomy":"product_cat","embeddable":true,"href":"https:\/\/nakedearth.al\/en\/wp-json\/wp\/v2\/product_cat?post=15733"},{"taxonomy":"product_tag","embeddable":true,"href":"https:\/\/nakedearth.al\/en\/wp-json\/wp\/v2\/product_tag?post=15733"}],"curies":[{"name":"wp","href":"https:\/\/api.w.org\/{rel}","templated":true}]}}