{"id":16106,"date":"2023-03-10T12:25:53","date_gmt":"2023-03-10T11:25:53","guid":{"rendered":"https:\/\/nakedearth.al\/?post_type=product&#038;p=16106"},"modified":"2024-06-15T10:58:59","modified_gmt":"2024-06-15T08:58:59","slug":"baby-paddling-pool-6m","status":"publish","type":"product","link":"https:\/\/nakedearth.al\/en\/product\/baby-paddling-pool-6m\/","title":{"rendered":"Baby paddling pool &#8211; 6m+"},"content":{"rendered":"<h3>M\u00eb thuaj pak m\u00eb shum\u00eb\u2026<\/h3>\n<h3>Spl\u00e4sh: Baby paddling pool<\/h3>\n<p id=\"tw-target-text\" class=\"tw-data-text tw-text-large tw-ta\" dir=\"ltr\" data-placeholder=\"Translation\"><span class=\"Y2IQFc\" lang=\"sq\">L\u00ebreni vog\u00eblushin tuaj t\u00eb sp\u00ebrkas\u00eb dhe t\u00eb kaloj\u00eb n\u00eb ver\u00eb me Spl\u00e4sh. P\u00ebrmasa perfekte p\u00ebr foshnjat dhe t\u00eb vegjlit p\u00ebr t\u00eb shijuar loj\u00ebn me uj\u00eb n\u00eb nj\u00eb dit\u00eb me diell. M\u00eb e mira?? Vjen me \u00e7ant\u00eb dhe kov\u00eb p\u00ebr tjua leht\u00ebsuar pun\u00ebn.<\/span><\/p>\n<p>&nbsp;<\/p>\n<h4>Disa gj\u00ebra kryesore:<\/h4>\n<ul>\n<li>Lejon f\u00ebmij\u00ebn t\u00eb freskohet gjat\u00eb dit\u00ebve t\u00eb nxehta t\u00eb ver\u00ebs<\/li>\n<li>E p\u00ebrkryer n\u00eb plazh, park apo aktivitete n\u00eb natyr\u00eb<\/li>\n<li>P\u00eblhur\u00eb e pap\u00ebrshkueshme nga uji, e q\u00ebndrueshme dhe e leht\u00eb p\u00ebr t&#8217;u pastruar<\/li>\n<li>Konfigurim i shpejt\u00eb dhe i leht\u00eb<\/li>\n<li>Paloset dhe ruhet leht\u00ebsisht n\u00eb \u00e7ant\u00ebn e transportit t\u00eb p\u00ebrfshir\u00eb<\/li>\n<li>Projektuar p\u00ebr t&#8217;u p\u00ebrshtatur n\u00eb bbl\u00fcv Nid\u00f6, Nid\u00f6 mini dhe Sunkit\u00f6<\/li>\n<li>Vjen me nj\u00eb kov\u00eb kompakte dhe t\u00eb palosshme<\/li>\n<li>P\u00ebrmasat: E hapur: 21,1 cm x 85,1 cm x 6,1 cm e palosur: 1,3 cm x 58,4 cm x 11,4 cm<\/li>\n<\/ul>\n<p>&nbsp;<\/p>","protected":false},"excerpt":{"rendered":"<h2>Spl\u00e4sh: pishina e bebit tuaj<\/h2>\n<p id=\"tw-target-text\" class=\"tw-data-text tw-text-large tw-ta\" dir=\"ltr\" data-placeholder=\"Translation\"><span class=\"Y2IQFc\" lang=\"sq\">L\u00ebreni vog\u00eblushin tuaj t\u00eb sp\u00ebrkas\u00eb dhe t\u00eb kaloj\u00eb n\u00eb ver\u00eb me Spl\u00e4sh. P\u00ebrmasa perfekte p\u00ebr foshnjat dhe t\u00eb vegjlit p\u00ebr t\u00eb shijuar loj\u00ebn me uj\u00eb n\u00eb nj\u00eb dit\u00eb me diell. M\u00eb e mira?? Vjen me \u00e7ant\u00eb dhe kov\u00eb p\u00ebr tjua leht\u00ebsuar pun\u00ebn.<\/span><\/p>\n<p>&nbsp;<\/p>\n<pre id=\"tw-target-text\" class=\"tw-data-text tw-text-large tw-ta\" dir=\"ltr\" data-placeholder=\"Translation\"><\/pre>","protected":false},"featured_media":16100,"comment_status":"open","ping_status":"closed","template":"","meta":[],"product_brand":[],"product_cat":[427],"product_tag":[428,592],"class_list":{"0":"post-16106","1":"product","2":"type-product","3":"status-publish","4":"has-post-thumbnail","6":"product_cat-bbluv","7":"product_tag-bbluv","8":"product_tag-summer","10":"first","11":"instock","12":"shipping-taxable","13":"purchasable","14":"product-type-simple"},"jetpack_sharing_enabled":true,"_links":{"self":[{"href":"https:\/\/nakedearth.al\/en\/wp-json\/wp\/v2\/product\/16106","targetHints":{"allow":["GET"]}}],"collection":[{"href":"https:\/\/nakedearth.al\/en\/wp-json\/wp\/v2\/product"}],"about":[{"href":"https:\/\/nakedearth.al\/en\/wp-json\/wp\/v2\/types\/product"}],"replies":[{"embeddable":true,"href":"https:\/\/nakedearth.al\/en\/wp-json\/wp\/v2\/comments?post=16106"}],"wp:featuredmedia":[{"embeddable":true,"href":"https:\/\/nakedearth.al\/en\/wp-json\/wp\/v2\/media\/16100"}],"wp:attachment":[{"href":"https:\/\/nakedearth.al\/en\/wp-json\/wp\/v2\/media?parent=16106"}],"wp:term":[{"taxonomy":"product_brand","embeddable":true,"href":"https:\/\/nakedearth.al\/en\/wp-json\/wp\/v2\/product_brand?post=16106"},{"taxonomy":"product_cat","embeddable":true,"href":"https:\/\/nakedearth.al\/en\/wp-json\/wp\/v2\/product_cat?post=16106"},{"taxonomy":"product_tag","embeddable":true,"href":"https:\/\/nakedearth.al\/en\/wp-json\/wp\/v2\/product_tag?post=16106"}],"curies":[{"name":"wp","href":"https:\/\/api.w.org\/{rel}","templated":true}]}}