{"id":16148,"date":"2023-03-14T16:16:59","date_gmt":"2023-03-14T15:16:59","guid":{"rendered":"https:\/\/nakedearth.al\/?post_type=product&#038;p=16148"},"modified":"2026-02-14T21:43:23","modified_gmt":"2026-02-14T20:43:23","slug":"set-newborn","status":"publish","type":"product","link":"https:\/\/nakedearth.al\/en\/product\/set-newborn\/","title":{"rendered":"Set &#8211; Newborn"},"content":{"rendered":"<p>Kokoso Baby\u00ae \u2013 Set Newborn<\/p>\n<p>Seti yn\u00eb m\u00eb i shitur Newborn Essentials \u00ebsht\u00eb ridizenjuar! Kjo kuti e re e lezetshme p\u00ebrmban produktet tona m\u00eb t\u00eb pastra dhe natyrale p\u00ebr t\u00eb pastruar &amp; ushqyer l\u00ebkur\u00ebn delikate. Pa arom\u00eb dhe pa asnj\u00eb kimikat absolutisht t\u00eb fshehur, ky set i paraqitur bukur mund t\u00eb jet\u00eb nj\u00eb dhurat\u00eb e mrekullueshme p\u00ebr nj\u00eb prind t\u00eb ri ose n\u00eb pritje.<\/p>\n<p>Dhe sigurisht, kartoni \u00ebsht\u00eb i miratuar nga FSC dhe paketimi i produktit \u00ebsht\u00eb b\u00ebr\u00eb me materiale t\u00eb ricikluara dhe t\u00eb riciklueshme pas konsumit. Sfungjeri yn\u00eb Konjac \u00ebsht\u00eb 100% i biodegraduesh\u00ebm.<\/p>\n<p>\u00c7far\u00eb ka brenda:<\/p>\n<p>Vaji organik i kokosit Kokoso Baby \u2013 70g<br \/>\nShampo p\u00ebr flok\u00ebt dhe trupin pa arom\u00eb &#8211; 200 ml<br \/>\nSfungjeri natyral p\u00ebr foshnje 100% Konjac<\/p>\n<p>Karakteristikat:<\/p>\n<p>I testuar dermatologjikisht, I p\u00ebrshtatsh\u00ebm q\u00eb nga lindja, I sigurt p\u00ebr l\u00ebkur\u00ebn e ndjeshme dhe t\u00eb prirur p\u00ebr ekzem\u00eb, Produkte vegane dhe pa mizori n\u00eb kafsh\u00eb, Paketim i q\u00ebndruesh\u00ebm.<\/p>\n<p>Si ta p\u00ebrdorni:<\/p>\n<p>Sfungjeri yn\u00eb super i but\u00eb Konjac \u00ebsht\u00eb ideal p\u00ebr pastrimin dhe masazhimin e but\u00eb t\u00eb l\u00ebkur\u00ebs s\u00eb t\u00eb porsalindurit. Kur t\u00eb jeni gati t\u00eb filloni t\u00eb larjen n\u00eb banj\u00eb, shampo jon\u00eb p\u00ebr flok\u00ebt &amp; trupin pa arom\u00eb \u00ebsht\u00eb e p\u00ebrsosur si shampoja e par\u00eb e trupit t\u00eb foshnj\u00ebs. Shtoni nj\u00eb sasi t\u00eb vog\u00ebl n\u00eb sfungjerin Konjac p\u00ebr t\u00eb krijuar nj\u00eb shkum\u00eb t\u00eb but\u00eb pastruese. Pas larjes, p\u00ebrdorni vajin ton\u00eb premium organik t\u00eb kokosit p\u00ebr t\u00eb hidratuar dhe ushqyer l\u00ebkur\u00ebn dhe skalpin e foshnj\u00ebs. Mund t\u00eb p\u00ebrdoret gjithashtu si nj\u00eb balsam natyral p\u00ebr zon\u00ebn intime dhe p\u00ebr t\u00eb qet\u00ebsuar l\u00ebkur\u00ebn e kuqe apo t\u00eb that\u00eb. P\u00ebrdorimet dhe p\u00ebrfitimet jan\u00eb praktikisht t\u00eb pafundme!<\/p>","protected":false},"excerpt":{"rendered":"<p>Seti yn\u00eb m\u00eb i shitur Newborn Essentials \u00ebsht\u00eb ridizenjuar! Kjo kuti e re e lezetshme p\u00ebrmban produktet tona m\u00eb t\u00eb pastra dhe natyrale p\u00ebr t\u00eb pastruar &amp; ushqyer l\u00ebkur\u00ebn delikate.<\/p>","protected":false},"featured_media":16147,"comment_status":"open","ping_status":"closed","template":"","meta":[],"product_brand":[],"product_cat":[251,253,252,269,294,256,268,257,266,344],"product_tag":[563],"class_list":{"0":"post-16148","1":"product","2":"type-product","3":"status-publish","4":"has-post-thumbnail","6":"product_cat-0-6-muaj","7":"product_cat-12-muaj","8":"product_cat-6-12-muaj","9":"product_cat-aksesore-larjeje","10":"product_cat-dhurata","11":"product_cat-floket-trupi","12":"product_cat-floket-trupi-koha-e-larjes","13":"product_cat-higjena-personale","14":"product_cat-koha-e-larjes","15":"product_cat-kokoso-baby","16":"product_tag-cradle-cap","18":"first","19":"instock","20":"shipping-taxable","21":"purchasable","22":"product-type-simple"},"jetpack_sharing_enabled":true,"_links":{"self":[{"href":"https:\/\/nakedearth.al\/en\/wp-json\/wp\/v2\/product\/16148","targetHints":{"allow":["GET"]}}],"collection":[{"href":"https:\/\/nakedearth.al\/en\/wp-json\/wp\/v2\/product"}],"about":[{"href":"https:\/\/nakedearth.al\/en\/wp-json\/wp\/v2\/types\/product"}],"replies":[{"embeddable":true,"href":"https:\/\/nakedearth.al\/en\/wp-json\/wp\/v2\/comments?post=16148"}],"wp:featuredmedia":[{"embeddable":true,"href":"https:\/\/nakedearth.al\/en\/wp-json\/wp\/v2\/media\/16147"}],"wp:attachment":[{"href":"https:\/\/nakedearth.al\/en\/wp-json\/wp\/v2\/media?parent=16148"}],"wp:term":[{"taxonomy":"product_brand","embeddable":true,"href":"https:\/\/nakedearth.al\/en\/wp-json\/wp\/v2\/product_brand?post=16148"},{"taxonomy":"product_cat","embeddable":true,"href":"https:\/\/nakedearth.al\/en\/wp-json\/wp\/v2\/product_cat?post=16148"},{"taxonomy":"product_tag","embeddable":true,"href":"https:\/\/nakedearth.al\/en\/wp-json\/wp\/v2\/product_tag?post=16148"}],"curies":[{"name":"wp","href":"https:\/\/api.w.org\/{rel}","templated":true}]}}