{"id":16391,"date":"2023-04-05T09:53:57","date_gmt":"2023-04-05T07:53:57","guid":{"rendered":"https:\/\/nakedearth.al\/?post_type=product&#038;p=16391"},"modified":"2026-02-14T22:02:34","modified_gmt":"2026-02-14T21:02:34","slug":"sonisk-pulse-toothbrush-dusty-pink","status":"publish","type":"product","link":"https:\/\/nakedearth.al\/en\/product\/sonisk-pulse-toothbrush-dusty-pink\/","title":{"rendered":"Sonisk Pulse Toothbrush \u2013 Dusty Pink"},"content":{"rendered":"<h3>Merreni me vete kudo q\u00eb t\u00eb shkoni k\u00ebt\u00eb ver\u00eb!<\/h3>\n<p>Kompakt dhe i leht\u00eb p\u00ebr t\u2019u futur n\u00eb nj\u00eb \u00e7ant\u00eb udh\u00ebtimi ose \u00e7ant\u00eb dore. Gjithashtu ofron mbrojtje antimikrobike dhe teknologji sonike p\u00ebr t\u00eb ruajtur sip\u00ebrfaqen e dh\u00ebmb\u00ebve dhe p\u00ebr t\u00eb parandaluar prishjen.<\/p>\n<p>Plot\u00ebsisht i pap\u00ebrshkuesh\u00ebm nga uji p\u00ebr siguri maksimale! I keni par\u00eb ngjyrat e bukura?<\/p>\n<h4>Specifikimet:<\/h4>\n<ul>\n<li>Jet\u00ebgjat\u00ebsia e bateris\u00eb 90 dit\u00eb<\/li>\n<li>Fur\u00e7\u00eb anti-bakteriale\/anti-mikrobiale<\/li>\n<li>31,000 goditje zanore n\u00eb minut\u00eb<\/li>\n<li>Me bateri AAA (me bateri t\u00eb p\u00ebrfshir\u00eb)<\/li>\n<li>P\u00ebrfshihet koka rezerv\u00eb e fur\u00e7\u00ebs s\u00eb dh\u00ebmb\u00ebve<\/li>\n<\/ul>\n<table border=\"0\" width=\"400\" cellspacing=\"0\" cellpadding=\"0\">\n<colgroup>\n<col span=\"3\" width=\"87\" \/><\/colgroup>\n<tbody>\n<tr>\n<td width=\"87\" height=\"133\"><img loading=\"lazy\" decoding=\"async\" class=\"size-full wp-image-7738 aligncenter\" src=\"https:\/\/prime-distributor.al\/wp-content\/uploads\/2023\/04\/Prime-Distributor-Sonisk-Icon-2_100x100.jpg\" sizes=\"auto, (max-width: 100px) 100vw, 100px\" srcset=\"https:\/\/prime-distributor.al\/wp-content\/uploads\/2023\/04\/Prime-Distributor-Sonisk-Icon-2_100x100.jpg 100w, https:\/\/prime-distributor.al\/wp-content\/uploads\/2023\/04\/Prime-Distributor-Sonisk-Icon-2_100x100-12x12.jpg 12w, https:\/\/prime-distributor.al\/wp-content\/uploads\/2023\/04\/Prime-Distributor-Sonisk-Icon-2_100x100-50x50.jpg 50w\" alt=\"\" width=\"100\" height=\"100\" \/><\/td>\n<td width=\"87\"><img loading=\"lazy\" decoding=\"async\" class=\"size-full wp-image-7737 aligncenter\" src=\"https:\/\/prime-distributor.al\/wp-content\/uploads\/2023\/04\/Prime-Distributor-Sonisk-Icon-1_100x100.jpg\" sizes=\"auto, (max-width: 100px) 100vw, 100px\" srcset=\"https:\/\/prime-distributor.al\/wp-content\/uploads\/2023\/04\/Prime-Distributor-Sonisk-Icon-1_100x100.jpg 100w, https:\/\/prime-distributor.al\/wp-content\/uploads\/2023\/04\/Prime-Distributor-Sonisk-Icon-1_100x100-12x12.jpg 12w, https:\/\/prime-distributor.al\/wp-content\/uploads\/2023\/04\/Prime-Distributor-Sonisk-Icon-1_100x100-50x50.jpg 50w\" alt=\"\" width=\"100\" height=\"100\" \/><\/td>\n<td width=\"87\"><img loading=\"lazy\" decoding=\"async\" class=\"size-full wp-image-7739 aligncenter\" src=\"https:\/\/prime-distributor.al\/wp-content\/uploads\/2023\/04\/Prime-Distributor-Sonisk-Icon-3_100x100.jpg\" sizes=\"auto, (max-width: 100px) 100vw, 100px\" srcset=\"https:\/\/prime-distributor.al\/wp-content\/uploads\/2023\/04\/Prime-Distributor-Sonisk-Icon-3_100x100.jpg 100w, https:\/\/prime-distributor.al\/wp-content\/uploads\/2023\/04\/Prime-Distributor-Sonisk-Icon-3_100x100-12x12.jpg 12w, https:\/\/prime-distributor.al\/wp-content\/uploads\/2023\/04\/Prime-Distributor-Sonisk-Icon-3_100x100-50x50.jpg 50w\" alt=\"\" width=\"100\" height=\"100\" \/><\/td>\n<\/tr>\n<tr>\n<td height=\"80\">Pastrim Sonic p\u00ebr dh\u00ebmb\u00eb t\u00eb past\u00ebr dhe mishra t\u00eb sh\u00ebndetsh\u00ebm<\/td>\n<td>Rekomanduar nga dentist\u00ebt dhe\u00a0e<br \/>\nprovuar klinikisht<\/td>\n<td>Portativ dhe higjienik<\/td>\n<\/tr>\n<tr>\n<td height=\"133\"><img loading=\"lazy\" decoding=\"async\" class=\"size-full wp-image-7742 aligncenter\" src=\"https:\/\/prime-distributor.al\/wp-content\/uploads\/2023\/04\/Prime-Distributor-Sonisk-Icon-6_100x100.jpg\" sizes=\"auto, (max-width: 100px) 100vw, 100px\" srcset=\"https:\/\/prime-distributor.al\/wp-content\/uploads\/2023\/04\/Prime-Distributor-Sonisk-Icon-6_100x100.jpg 100w, https:\/\/prime-distributor.al\/wp-content\/uploads\/2023\/04\/Prime-Distributor-Sonisk-Icon-6_100x100-12x12.jpg 12w, https:\/\/prime-distributor.al\/wp-content\/uploads\/2023\/04\/Prime-Distributor-Sonisk-Icon-6_100x100-50x50.jpg 50w\" alt=\"\" width=\"100\" height=\"100\" \/><\/td>\n<td><img loading=\"lazy\" decoding=\"async\" class=\"size-full wp-image-7740 aligncenter\" src=\"https:\/\/prime-distributor.al\/wp-content\/uploads\/2023\/04\/Prime-Distributor-Sonisk-Icon-4_100x100.jpg\" sizes=\"auto, (max-width: 100px) 100vw, 100px\" srcset=\"https:\/\/prime-distributor.al\/wp-content\/uploads\/2023\/04\/Prime-Distributor-Sonisk-Icon-4_100x100.jpg 100w, https:\/\/prime-distributor.al\/wp-content\/uploads\/2023\/04\/Prime-Distributor-Sonisk-Icon-4_100x100-12x12.jpg 12w, https:\/\/prime-distributor.al\/wp-content\/uploads\/2023\/04\/Prime-Distributor-Sonisk-Icon-4_100x100-50x50.jpg 50w\" alt=\"\" width=\"100\" height=\"100\" \/><\/td>\n<td><img loading=\"lazy\" decoding=\"async\" class=\"size-full wp-image-7741 aligncenter\" src=\"https:\/\/prime-distributor.al\/wp-content\/uploads\/2023\/04\/Prime-Distributor-Sonisk-Icon-5_100x100.jpg\" sizes=\"auto, (max-width: 100px) 100vw, 100px\" srcset=\"https:\/\/prime-distributor.al\/wp-content\/uploads\/2023\/04\/Prime-Distributor-Sonisk-Icon-5_100x100.jpg 100w, https:\/\/prime-distributor.al\/wp-content\/uploads\/2023\/04\/Prime-Distributor-Sonisk-Icon-5_100x100-12x12.jpg 12w, https:\/\/prime-distributor.al\/wp-content\/uploads\/2023\/04\/Prime-Distributor-Sonisk-Icon-5_100x100-50x50.jpg 50w\" alt=\"\" width=\"100\" height=\"100\" \/><\/td>\n<\/tr>\n<tr>\n<td height=\"80\">Jet\u00ebgjat\u00ebsia e bateris\u00eb 90-ditore<\/td>\n<td>Fur\u00e7\u00eb dh\u00ebmb\u00ebsh<br \/>\nanti bakteriale dhe antimikrobiale<\/td>\n<td>31,000 goditje Sonic n\u00eb mi<\/td>\n<\/tr>\n<\/tbody>\n<\/table>\n<p>&nbsp;<\/p>","protected":false},"excerpt":{"rendered":"<h2>Fur\u00e7\u00eb dh\u00ebmb\u00ebsh me bateri dhe kapak<\/h2>\n<p>Fijet vibruese antimikrobike t\u00eb fur\u00e7\u00ebs Sonisk Pulse pastrojn\u00eb edhe sip\u00ebrfaqet e v\u00ebshtira p\u00ebr t\u2019u arritur. Gjithashtu vjen me nj\u00eb \u00a0kapak q\u00eb e mban fur\u00e7\u00ebn pa mikrobe dhe gati p\u00ebr p\u00ebrdorim.\u00a0Teknologjia profesionale e fur\u00e7\u00ebs s\u00eb dh\u00ebmb\u00ebve Sonisk dhe madh\u00ebsia portative n\u00ebnkupton kujdes t\u00eb madh oral n\u00eb l\u00ebvizje ose n\u00eb sht\u00ebpi.<\/p>","protected":false},"featured_media":16358,"comment_status":"open","ping_status":"closed","template":"","meta":[],"product_brand":[],"product_cat":[288,287,1020,285],"product_tag":[919,413],"class_list":{"0":"post-16391","1":"product","2":"type-product","3":"status-publish","4":"has-post-thumbnail","6":"product_cat-kujdesi-oral","7":"product_cat-mama-baba","8":"product_cat-sonisk","9":"product_cat-udhetimi","10":"product_tag-toothbrush","11":"product_tag-toothpaste","13":"first","14":"instock","15":"shipping-taxable","16":"purchasable","17":"product-type-simple"},"jetpack_sharing_enabled":true,"_links":{"self":[{"href":"https:\/\/nakedearth.al\/en\/wp-json\/wp\/v2\/product\/16391","targetHints":{"allow":["GET"]}}],"collection":[{"href":"https:\/\/nakedearth.al\/en\/wp-json\/wp\/v2\/product"}],"about":[{"href":"https:\/\/nakedearth.al\/en\/wp-json\/wp\/v2\/types\/product"}],"replies":[{"embeddable":true,"href":"https:\/\/nakedearth.al\/en\/wp-json\/wp\/v2\/comments?post=16391"}],"wp:featuredmedia":[{"embeddable":true,"href":"https:\/\/nakedearth.al\/en\/wp-json\/wp\/v2\/media\/16358"}],"wp:attachment":[{"href":"https:\/\/nakedearth.al\/en\/wp-json\/wp\/v2\/media?parent=16391"}],"wp:term":[{"taxonomy":"product_brand","embeddable":true,"href":"https:\/\/nakedearth.al\/en\/wp-json\/wp\/v2\/product_brand?post=16391"},{"taxonomy":"product_cat","embeddable":true,"href":"https:\/\/nakedearth.al\/en\/wp-json\/wp\/v2\/product_cat?post=16391"},{"taxonomy":"product_tag","embeddable":true,"href":"https:\/\/nakedearth.al\/en\/wp-json\/wp\/v2\/product_tag?post=16391"}],"curies":[{"name":"wp","href":"https:\/\/api.w.org\/{rel}","templated":true}]}}