{"id":16398,"date":"2023-04-05T10:08:40","date_gmt":"2023-04-05T08:08:40","guid":{"rendered":"https:\/\/nakedearth.al\/?post_type=product&#038;p=16398"},"modified":"2026-02-14T22:01:13","modified_gmt":"2026-02-14T21:01:13","slug":"sonisk-pulse-toothbrush-heads-4-pack","status":"publish","type":"product","link":"https:\/\/nakedearth.al\/en\/product\/sonisk-pulse-toothbrush-heads-4-pack\/","title":{"rendered":"Sonisk Pulse Toothbrush Heads \u2013 4 pack"},"content":{"rendered":"<p>Pulse Toothbrush Heads p\u00ebrfshin kat\u00ebr koka t\u00eb reja t\u00eb fur\u00e7\u00ebs s\u00eb dh\u00ebmb\u00ebve q\u00eb rrotullohen leht\u00ebsisht dhe klikohen n\u00eb vend p\u00ebr fur\u00e7\u00ebn tuaj t\u00eb dh\u00ebmb\u00ebve Sonisk Pulse, duke lejuar q\u00eb kokat e fur\u00e7\u00ebs s\u00eb dh\u00ebmb\u00ebve t\u00eb ndryshohen me leht\u00ebsi.<\/p>\n<p>Kokat z\u00ebvend\u00ebsuese t\u00eb fur\u00e7\u00ebs s\u00eb dh\u00ebmb\u00ebve jan\u00eb t\u00eb prodhuara me qimet e cil\u00ebsis\u00eb m\u00eb t\u00eb lart\u00eb DuPont Tynex.<\/p>\n<p>Ne rekomandojm\u00eb q\u00eb gjithmon\u00eb t\u00eb p\u00ebrdorni kapakun e udh\u00ebtimit p\u00ebr t\u00eb mbajtur t\u00eb mbrojtura qimet e fur\u00e7\u00ebs s\u00eb dh\u00ebmb\u00ebve.<\/p>\n<p>Mundohuni t\u00eb nd\u00ebrroni kok\u00ebn e fur\u00e7\u00ebs s\u00eb dh\u00ebmb\u00ebve \u00e7do gjasht\u00eb jav\u00eb p\u00ebr t\u00eb mbajtur higjien\u00eb t\u00eb mir\u00eb orale.<\/p>\n<p>Kokat z\u00ebvend\u00ebsuese t\u00eb fur\u00e7\u00ebs s\u00eb dh\u00ebmb\u00ebve vijn\u00eb n\u00eb pako me 4 cop\u00eb.<\/p>","protected":false},"excerpt":{"rendered":"<div class=\"woocommerce-product-details__short-description\">\n<h2>Koka z\u00ebvend\u00ebsuese<\/h2>\n<p>K\u00ebto koka t\u00eb fur\u00e7\u00ebs s\u00eb dh\u00ebmb\u00ebve jan\u00eb t\u00eb prodhuara me qimet e cil\u00ebsis\u00eb m\u00eb t\u00eb lart\u00eb DuPont Tynex.\u00a0Fijet vibruese antimikrobike t\u00eb fur\u00e7\u00ebs Sonisk Pulse pastrojn\u00eb edhe sip\u00ebrfaqet e v\u00ebshtira p\u00ebr t\u2019u arritur.<\/p>\n<\/div>","protected":false},"featured_media":16525,"comment_status":"open","ping_status":"closed","template":"","meta":[],"product_brand":[],"product_cat":[1020],"product_tag":[],"class_list":{"0":"post-16398","1":"product","2":"type-product","3":"status-publish","4":"has-post-thumbnail","6":"product_cat-sonisk","8":"first","9":"instock","10":"shipping-taxable","11":"purchasable","12":"product-type-simple"},"jetpack_sharing_enabled":true,"_links":{"self":[{"href":"https:\/\/nakedearth.al\/en\/wp-json\/wp\/v2\/product\/16398","targetHints":{"allow":["GET"]}}],"collection":[{"href":"https:\/\/nakedearth.al\/en\/wp-json\/wp\/v2\/product"}],"about":[{"href":"https:\/\/nakedearth.al\/en\/wp-json\/wp\/v2\/types\/product"}],"replies":[{"embeddable":true,"href":"https:\/\/nakedearth.al\/en\/wp-json\/wp\/v2\/comments?post=16398"}],"wp:featuredmedia":[{"embeddable":true,"href":"https:\/\/nakedearth.al\/en\/wp-json\/wp\/v2\/media\/16525"}],"wp:attachment":[{"href":"https:\/\/nakedearth.al\/en\/wp-json\/wp\/v2\/media?parent=16398"}],"wp:term":[{"taxonomy":"product_brand","embeddable":true,"href":"https:\/\/nakedearth.al\/en\/wp-json\/wp\/v2\/product_brand?post=16398"},{"taxonomy":"product_cat","embeddable":true,"href":"https:\/\/nakedearth.al\/en\/wp-json\/wp\/v2\/product_cat?post=16398"},{"taxonomy":"product_tag","embeddable":true,"href":"https:\/\/nakedearth.al\/en\/wp-json\/wp\/v2\/product_tag?post=16398"}],"curies":[{"name":"wp","href":"https:\/\/api.w.org\/{rel}","templated":true}]}}