{"id":17248,"date":"2023-06-19T10:36:52","date_gmt":"2023-06-19T08:36:52","guid":{"rendered":"https:\/\/nakedearth.al\/?post_type=product&#038;p=17248"},"modified":"2026-02-14T21:26:17","modified_gmt":"2026-02-14T20:26:17","slug":"syze-dielli-te-polarizuara-cappucino","status":"publish","type":"product","link":"https:\/\/nakedearth.al\/en\/product\/syze-dielli-te-polarizuara-cappucino\/","title":{"rendered":"Syze Dielli &#8211; T\u00eb polarizuara &#8211; Cappucino"},"content":{"rendered":"<h3>M\u00eb thuaj m\u00eb shum\u00eb&#8230;<\/h3>\n<p>&nbsp;<\/p>\n<ul>\n<li>T\u00eb p\u00ebrshtatshme 3-7 vje\u00e7<\/li>\n<li>Lente e polarizuar<\/li>\n<li>Kat.3: Mbrojtje UV-400<\/li>\n<li>Praktikisht t\u00eb pathyeshme<\/li>\n<li>1 vit garanci<\/li>\n<li>K\u00ebll\u00ebf mbajt\u00ebs i p\u00ebrfshir\u00eb<\/li>\n<li>Lente rezistente ndaj g\u00ebrvishtjeve<\/li>\n<li>Antireflektues<\/li>\n<li>P\u00ebr ver\u00eb dhe dim\u00ebr (sportive)<\/li>\n<li>P\u00ebrmbush standardet globale t\u00eb siguris\u00eb<\/li>\n<\/ul>","protected":false},"excerpt":{"rendered":"<h2>Syzet m\u00eb t\u00eb bukura p\u00ebr f\u00ebmij\u00eb<\/h2>\n<p>K\u00ebt\u00eb ver\u00eb ka vet\u00ebm Dooky p\u00ebr f\u00ebmij\u00ebt tuaj. Me lente t\u00eb polarizuar p\u00ebr sigurin\u00eb dhe qet\u00ebsine e sy\u00e7kave t\u00eb vogla.<\/p>","protected":false},"featured_media":17190,"comment_status":"open","ping_status":"closed","template":"","meta":[],"product_brand":[],"product_cat":[1033],"product_tag":[],"class_list":{"0":"post-17248","1":"product","2":"type-product","3":"status-publish","4":"has-post-thumbnail","6":"product_cat-dooky","8":"first","9":"instock","10":"featured","11":"shipping-taxable","12":"purchasable","13":"product-type-simple"},"jetpack_sharing_enabled":true,"_links":{"self":[{"href":"https:\/\/nakedearth.al\/en\/wp-json\/wp\/v2\/product\/17248","targetHints":{"allow":["GET"]}}],"collection":[{"href":"https:\/\/nakedearth.al\/en\/wp-json\/wp\/v2\/product"}],"about":[{"href":"https:\/\/nakedearth.al\/en\/wp-json\/wp\/v2\/types\/product"}],"replies":[{"embeddable":true,"href":"https:\/\/nakedearth.al\/en\/wp-json\/wp\/v2\/comments?post=17248"}],"wp:featuredmedia":[{"embeddable":true,"href":"https:\/\/nakedearth.al\/en\/wp-json\/wp\/v2\/media\/17190"}],"wp:attachment":[{"href":"https:\/\/nakedearth.al\/en\/wp-json\/wp\/v2\/media?parent=17248"}],"wp:term":[{"taxonomy":"product_brand","embeddable":true,"href":"https:\/\/nakedearth.al\/en\/wp-json\/wp\/v2\/product_brand?post=17248"},{"taxonomy":"product_cat","embeddable":true,"href":"https:\/\/nakedearth.al\/en\/wp-json\/wp\/v2\/product_cat?post=17248"},{"taxonomy":"product_tag","embeddable":true,"href":"https:\/\/nakedearth.al\/en\/wp-json\/wp\/v2\/product_tag?post=17248"}],"curies":[{"name":"wp","href":"https:\/\/api.w.org\/{rel}","templated":true}]}}