{"id":17548,"date":"2023-07-04T20:21:19","date_gmt":"2023-07-04T18:21:19","guid":{"rendered":"https:\/\/nakedearth.al\/?post_type=product&#038;p=17548"},"modified":"2024-03-13T17:22:13","modified_gmt":"2024-03-13T16:22:13","slug":"baby-food-feeder","status":"publish","type":"product","link":"https:\/\/nakedearth.al\/en\/product\/baby-food-feeder\/","title":{"rendered":"Baby Food Feeder"},"content":{"rendered":"<p>Baby Food Feeder<\/p>\n<p>Po ju ofrojm\u00eb nj\u00eb m\u00ebnyr\u00eb t\u00eb sigurt dhe t\u00eb leht\u00eb p\u00ebr t\u00eb ushqyer puret\u00eb e bebeve, qofshin kavanoza t\u00eb blera n\u00eb dyqan apo ushqim p\u00ebr f\u00ebmij\u00eb t\u00eb b\u00ebr\u00eb vet\u00eb. Ka nj\u00eb vrim\u00eb t\u00eb vog\u00ebl n\u00eb fund, e cila lejon ushqimin t\u00eb kaloj\u00eb n\u00eb sasi t\u00eb tretshme dhe nj\u00eb kapak, i p\u00ebrsosur p\u00ebr udh\u00ebtime ose p\u00ebr t\u00eb ruajtur puret\u00eb n\u00eb frigorifer. \u00c7u\u00e70 e but\u00eb silikoni lejon ushqimin e leht\u00eb t\u00eb frutave t\u00eb grira, perimeve dhe m\u00eb shum\u00eb.<\/p>\n<p>Karakteristikat:<\/p>\n<p>Silikon I but\u00eb p\u00ebr ushqyerjen e leht\u00eb t\u00eb ushqimit p\u00ebr f\u00ebmij\u00eb t\u00eb b\u00ebr\u00eb n\u00eb sht\u00ebpi ose t\u00eb bler\u00eb n\u00eb dyqan<br \/>\nVrima e vog\u00ebl n\u00eb fund ju lejon t\u00eb ushqeni pure p\u00ebr foshnjat e vogla<br \/>\nE shk\u00eblqyeshme p\u00ebr udh\u00ebtime \u2013 vjen me kapak<br \/>\nMbyllje e ngusht\u00eb<br \/>\n4+ muaj<br \/>\nPa BPA<br \/>\nMund t\u00eb lahet n\u00eb lavastovilje<\/p>","protected":false},"excerpt":{"rendered":"<p>Jeni gani p\u00ebr eksplorim?<\/p>\n<p>Po ju ofrojm\u00eb nj\u00eb m\u00ebnyr\u00eb t\u00eb sigurt dhe t\u00eb leht\u00eb p\u00ebr t\u00eb ushqyer puret\u00eb e bebeve, qofshin kavanoza t\u00eb blera n\u00eb dyqan apo ushqim p\u00ebr f\u00ebmij\u00eb t\u00eb b\u00ebr\u00eb vet\u00eb.<\/p>","protected":false},"featured_media":17483,"comment_status":"open","ping_status":"closed","template":"","meta":[],"product_brand":[],"product_cat":[264,263,1039],"product_tag":[558,898,1031],"class_list":{"0":"post-17548","1":"product","2":"type-product","3":"status-publish","4":"has-post-thumbnail","6":"product_cat-aksesore-ngrenieje","7":"product_cat-luge-pirun","8":"product_cat-munchkin","9":"product_tag-baby-food","10":"product_tag-feeding","11":"product_tag-snacks","13":"first","14":"instock","15":"shipping-taxable","16":"purchasable","17":"product-type-variable"},"jetpack_sharing_enabled":true,"_links":{"self":[{"href":"https:\/\/nakedearth.al\/en\/wp-json\/wp\/v2\/product\/17548","targetHints":{"allow":["GET"]}}],"collection":[{"href":"https:\/\/nakedearth.al\/en\/wp-json\/wp\/v2\/product"}],"about":[{"href":"https:\/\/nakedearth.al\/en\/wp-json\/wp\/v2\/types\/product"}],"replies":[{"embeddable":true,"href":"https:\/\/nakedearth.al\/en\/wp-json\/wp\/v2\/comments?post=17548"}],"wp:featuredmedia":[{"embeddable":true,"href":"https:\/\/nakedearth.al\/en\/wp-json\/wp\/v2\/media\/17483"}],"wp:attachment":[{"href":"https:\/\/nakedearth.al\/en\/wp-json\/wp\/v2\/media?parent=17548"}],"wp:term":[{"taxonomy":"product_brand","embeddable":true,"href":"https:\/\/nakedearth.al\/en\/wp-json\/wp\/v2\/product_brand?post=17548"},{"taxonomy":"product_cat","embeddable":true,"href":"https:\/\/nakedearth.al\/en\/wp-json\/wp\/v2\/product_cat?post=17548"},{"taxonomy":"product_tag","embeddable":true,"href":"https:\/\/nakedearth.al\/en\/wp-json\/wp\/v2\/product_tag?post=17548"}],"curies":[{"name":"wp","href":"https:\/\/api.w.org\/{rel}","templated":true}]}}